{"id":166,"date":"2016-10-05T02:12:01","date_gmt":"2016-10-05T02:12:01","guid":{"rendered":"http:\/\/travelwp.physcode.com\/?page_id=166"},"modified":"2024-08-03T20:46:29","modified_gmt":"2024-08-03T20:46:29","slug":"contactos","status":"publish","type":"page","link":"https:\/\/saharafamilytours.com\/es\/contactos\/","title":{"rendered":"Contactos"},"content":{"rendered":"<p>[vc_row el_class=&#8221;pages_content&#8221;][vc_column]<div class=\"pages_content\"><h4>Informaci\u00f3n del contacto<\/h4><div class=\"contact_infor\"><ul><li><label><i class=\"fa fa-home\"><\/i>Empresa<\/label><div class=\"des\">Sahara Family Tours <\/div><\/li><li><label><i class=\"fa fa-phone\"><\/i>Tel\u00e9fono<\/label><div class=\"des\">(+212) 617-407523<\/div><\/li><li><label><i class=\"fa fa-whatsapp \"><\/i>WhatsApp <\/label><div class=\"des\">(+212) 617-407523<\/div><\/li><li><label><i class=\"fa fa-envelope\"><\/i>Correo<\/label><div class=\"des\">Saharafamilytours@gmail.com<\/div><\/li><li><label><i class=\"fa fa-map-marker\"><\/i>Direcci\u00f3n<\/label><div class=\"des\">Rue Al-mansour Eddahbi, Ouarzazate 45000 Marruecos<\/div><\/li><li><label><i class=\"fa fa-clock-o\"><\/i>Horas Laborales<\/label><div class=\"des\">Lun \u2013 Vie 8:00 am \u2013 21:30 pm, S\u00e1bado 8:00 am \u2013 16:00 pm <br\/>\n Estamos cerrados los domingos y festivos.<\/div><\/li><\/ul><\/div><\/div>[\/vc_column][\/vc_row][vc_column][vc_column_text]Cont\u00e1ctanos para presupuesto para tu viaje con ni\u00f1os en Marruecos<\/p>\n<p>Puedes contactar con nosotros v\u00eda formulario de contacto,\u00a0 correo electr\u00f3nico o WhatsApp en menos de 24 horas y recibir\u00e1s una confirmaci\u00f3n con todos los detalles que necesitas.<\/p>\n<p><strong>Nota:<\/strong> Es imprescindible cumplimentar todos los datos de los campos obligatorios solicitados en este formulario.<\/p>\n<div class=\"wpcf7 no-js\" id=\"wpcf7-f847-o1\" lang=\"es-ES\" dir=\"ltr\" data-wpcf7-id=\"847\">\n<div class=\"screen-reader-response\"><p role=\"status\" aria-live=\"polite\" aria-atomic=\"true\"><\/p> <ul><\/ul><\/div>\n<form action=\"\/es\/wp-json\/wp\/v2\/pages\/166#wpcf7-f847-o1\" method=\"post\" class=\"wpcf7-form init\" aria-label=\"Formulario de contacto\" novalidate=\"novalidate\" data-status=\"init\">\n<fieldset class=\"hidden-fields-container\"><input type=\"hidden\" name=\"_wpcf7\" value=\"847\" \/><input type=\"hidden\" name=\"_wpcf7_version\" value=\"6.1.5\" \/><input type=\"hidden\" name=\"_wpcf7_locale\" value=\"es_ES\" \/><input type=\"hidden\" name=\"_wpcf7_unit_tag\" value=\"wpcf7-f847-o1\" \/><input type=\"hidden\" name=\"_wpcf7_container_post\" value=\"0\" \/><input type=\"hidden\" name=\"_wpcf7_posted_data_hash\" value=\"\" \/>\n<\/fieldset>\n<div class=\"form-contact\">\n\t<div class=\"row-1x\">\n\t\t<div class=\"col-sm-6\">\n\t\t\t<p><span class=\"wpcf7-form-control-wrap\" data-name=\"your-name\"><input size=\"40\" maxlength=\"400\" class=\"wpcf7-form-control wpcf7-text wpcf7-validates-as-required\" aria-required=\"true\" aria-invalid=\"false\" placeholder=\"Nombre Completo\" value=\"\" type=\"text\" name=\"your-name\" \/><\/span>\n\t\t\t<\/p>\n\t\t<\/div>\n\t\t<div class=\"col-sm-6\">\n\t\t\t<p><span class=\"wpcf7-form-control-wrap\" data-name=\"your-email\"><input size=\"40\" maxlength=\"400\" class=\"wpcf7-form-control wpcf7-email wpcf7-validates-as-required wpcf7-text wpcf7-validates-as-email\" aria-required=\"true\" aria-invalid=\"false\" placeholder=\"Correo electr\u00f3nico\" value=\"\" type=\"email\" name=\"your-email\" \/><\/span>\n\t\t\t<\/p>\n\t\t<\/div>\n\t<\/div>\n\t<div class=\"row-1x\">\n\t\t<div class=\"col-sm-6\">\n\t\t\t<p><span class=\"wpcf7-form-control-wrap\" data-name=\"text-232\"><input size=\"40\" maxlength=\"400\" class=\"wpcf7-form-control wpcf7-text wpcf7-validates-as-required\" aria-required=\"true\" aria-invalid=\"false\" placeholder=\"Tel\u00e9 &amp; WhatsApp\" value=\"\" type=\"text\" name=\"text-232\" \/><\/span>\n\t\t\t<\/p>\n\t\t<\/div>\n\t\t<div class=\"col-sm-6\">\n\t\t\t<p><span class=\"wpcf7-form-control-wrap\" data-name=\"Pas\"><input size=\"40\" maxlength=\"400\" class=\"wpcf7-form-control wpcf7-text\" aria-invalid=\"false\" placeholder=\"Pa\u00eds &amp; Cuidad\" value=\"\" type=\"text\" name=\"Pas\" \/><\/span>\n\t\t\t<\/p>\n\t\t<\/div>\n\t<\/div>\n\t<div class=\"row-1x\">\n\t\t<div class=\"col-sm-6\">\n\t\t\t<p><span class=\"wpcf7-form-control-wrap\" data-name=\"text-629\"><input size=\"40\" maxlength=\"400\" class=\"wpcf7-form-control wpcf7-text wpcf7-validates-as-required\" aria-required=\"true\" aria-invalid=\"false\" placeholder=\"Ruta de inter\u00e9s en Marruecos\" value=\"\" type=\"text\" name=\"text-629\" \/><\/span>\n\t\t\t<\/p>\n\t\t<\/div>\n\t\t<div class=\"col-sm-6\">\n\t\t\t<p><span class=\"wpcf7-form-control-wrap\" data-name=\"text-494\"><input size=\"40\" maxlength=\"400\" class=\"wpcf7-form-control wpcf7-text wpcf7-validates-as-required\" aria-required=\"true\" aria-invalid=\"false\" placeholder=\"N\u00b0 de adultos\" value=\"\" type=\"text\" name=\"text-494\" \/><\/span>\n\t\t\t<\/p>\n\t\t<\/div>\n\t<\/div>\n\t<div class=\"row-1x\">\n\t\t<div class=\"col-sm-6\">\n\t\t\t<p><span class=\"wpcf7-form-control-wrap\" data-name=\"text-293\"><input size=\"40\" maxlength=\"400\" class=\"wpcf7-form-control wpcf7-text wpcf7-validates-as-required\" aria-required=\"true\" aria-invalid=\"false\" placeholder=\"N\u00b0 de ni\u00f1os\" value=\"\" type=\"text\" name=\"text-293\" \/><\/span>\n\t\t\t<\/p>\n\t\t<\/div>\n\t\t<div class=\"col-sm-6\">\n\t\t\t<p><span class=\"wpcf7-form-control-wrap\" data-name=\"text-281\"><input size=\"40\" maxlength=\"400\" class=\"wpcf7-form-control wpcf7-text wpcf7-validates-as-required\" aria-required=\"true\" aria-invalid=\"false\" placeholder=\"Fecha del viaje\" value=\"\" type=\"text\" name=\"text-281\" \/><\/span>\n\t\t\t<\/p>\n\t\t<\/div>\n\t<\/div>\n\t<div class=\"row-1x\">\n\t\t<div class=\"form-contact\">\n\t\t\t<p><span class=\"wpcf7-form-control-wrap\" data-name=\"your-message\"><textarea cols=\"40\" rows=\"10\" maxlength=\"2000\" class=\"wpcf7-form-control wpcf7-textarea\" aria-invalid=\"false\" placeholder=\"Cu\u00e9ntanos todo lo que necesitas para el viaje. Si viajan con ni\u00f1os, necesitamos saber su edad\" name=\"your-message\"><\/textarea><\/span><br \/>\n<input class=\"wpcf7-form-control wpcf7-submit has-spinner\" type=\"submit\" value=\"Enviar\" \/>\n\t\t\t<\/p>\n\t\t<\/div>\n\t<\/div>\n<\/div><div class=\"wpcf7-response-output\" aria-hidden=\"true\"><\/div>\n<\/form>\n<\/div>\n[\/vc_column_text][\/vc_column]<\/p>\n","protected":false},"excerpt":{"rendered":"<p>[vc_row el_class=&#8221;pages_content&#8221;][vc_column][\/vc_column][\/vc_row][vc_column][vc_column_text]Cont\u00e1ctanos para presupuesto para tu viaje con ni\u00f1os en Marruecos<br \/>\nPuedes contactar con nosotros v\u00eda formulario de contacto,\u00a0 correo electr\u00f3nico o WhatsApp en menos de 24 horas y recibir\u00e1s <\/p>\n","protected":false},"author":1,"featured_media":723,"parent":0,"menu_order":0,"comment_status":"closed","ping_status":"closed","template":"","meta":{"_joinchat":[],"footnotes":""},"class_list":["post-166","page","type-page","status-publish","has-post-thumbnail","hentry"],"yoast_head":"<!-- This site is optimized with the Yoast SEO plugin v27.5 - https:\/\/yoast.com\/product\/yoast-seo-wordpress\/ -->\n<title>Contactos - Sahara Family Tours<\/title>\n<meta name=\"description\" content=\"contactos para Visitar nuevos lugares comer nuevos alimentos Experimentar nuevas culturas y conocer gente nueva permite a sus hijos.\" \/>\n<meta name=\"robots\" content=\"index, follow, max-snippet:-1, max-image-preview:large, max-video-preview:-1\" \/>\n<link rel=\"canonical\" href=\"https:\/\/saharafamilytours.com\/es\/contactos\/\" \/>\n<meta property=\"og:locale\" content=\"es_ES\" \/>\n<meta property=\"og:type\" content=\"article\" \/>\n<meta property=\"og:title\" content=\"Contactos - Sahara Family Tours\" \/>\n<meta property=\"og:description\" content=\"contactos para Visitar nuevos lugares comer nuevos alimentos Experimentar nuevas culturas y conocer gente nueva permite a sus hijos.\" \/>\n<meta property=\"og:url\" content=\"https:\/\/saharafamilytours.com\/es\/contactos\/\" \/>\n<meta property=\"og:site_name\" content=\"Sahara Family Tours\" \/>\n<meta property=\"article:modified_time\" content=\"2024-08-03T20:46:29+00:00\" \/>\n<meta property=\"og:image\" content=\"https:\/\/saharafamilytours.com\/es\/wp-content\/uploads\/2024\/02\/Contactos-.jpg\" \/>\n\t<meta property=\"og:image:width\" content=\"1200\" \/>\n\t<meta property=\"og:image:height\" content=\"900\" \/>\n\t<meta property=\"og:image:type\" content=\"image\/jpeg\" \/>\n<meta name=\"twitter:card\" content=\"summary_large_image\" \/>\n<meta name=\"twitter:label1\" content=\"Tiempo de lectura\" \/>\n\t<meta name=\"twitter:data1\" content=\"1 minuto\" \/>\n<script type=\"application\/ld+json\" class=\"yoast-schema-graph\">{\"@context\":\"https:\\\/\\\/schema.org\",\"@graph\":[{\"@type\":\"WebPage\",\"@id\":\"https:\\\/\\\/saharafamilytours.com\\\/es\\\/contactos\\\/\",\"url\":\"https:\\\/\\\/saharafamilytours.com\\\/es\\\/contactos\\\/\",\"name\":\"Contactos - Sahara Family Tours\",\"isPartOf\":{\"@id\":\"https:\\\/\\\/saharafamilytours.com\\\/es\\\/#website\"},\"primaryImageOfPage\":{\"@id\":\"https:\\\/\\\/saharafamilytours.com\\\/es\\\/contactos\\\/#primaryimage\"},\"image\":{\"@id\":\"https:\\\/\\\/saharafamilytours.com\\\/es\\\/contactos\\\/#primaryimage\"},\"thumbnailUrl\":\"https:\\\/\\\/saharafamilytours.com\\\/es\\\/wp-content\\\/uploads\\\/2024\\\/02\\\/Contactos-.jpg\",\"datePublished\":\"2016-10-05T02:12:01+00:00\",\"dateModified\":\"2024-08-03T20:46:29+00:00\",\"description\":\"contactos para Visitar nuevos lugares comer nuevos alimentos Experimentar nuevas culturas y conocer gente nueva permite a sus hijos.\",\"breadcrumb\":{\"@id\":\"https:\\\/\\\/saharafamilytours.com\\\/es\\\/contactos\\\/#breadcrumb\"},\"inLanguage\":\"es\",\"potentialAction\":[{\"@type\":\"ReadAction\",\"target\":[\"https:\\\/\\\/saharafamilytours.com\\\/es\\\/contactos\\\/\"]}]},{\"@type\":\"ImageObject\",\"inLanguage\":\"es\",\"@id\":\"https:\\\/\\\/saharafamilytours.com\\\/es\\\/contactos\\\/#primaryimage\",\"url\":\"https:\\\/\\\/saharafamilytours.com\\\/es\\\/wp-content\\\/uploads\\\/2024\\\/02\\\/Contactos-.jpg\",\"contentUrl\":\"https:\\\/\\\/saharafamilytours.com\\\/es\\\/wp-content\\\/uploads\\\/2024\\\/02\\\/Contactos-.jpg\",\"width\":1200,\"height\":900,\"caption\":\"Sahara Family Tours\"},{\"@type\":\"BreadcrumbList\",\"@id\":\"https:\\\/\\\/saharafamilytours.com\\\/es\\\/contactos\\\/#breadcrumb\",\"itemListElement\":[{\"@type\":\"ListItem\",\"position\":1,\"name\":\"Home\",\"item\":\"https:\\\/\\\/saharafamilytours.com\\\/es\\\/\"},{\"@type\":\"ListItem\",\"position\":2,\"name\":\"Contactos\"}]},{\"@type\":\"WebSite\",\"@id\":\"https:\\\/\\\/saharafamilytours.com\\\/es\\\/#website\",\"url\":\"https:\\\/\\\/saharafamilytours.com\\\/es\\\/\",\"name\":\"Sahara Family Tours\",\"description\":\"Viajes Familiares con Ni\u00f1os en Marruecos\",\"potentialAction\":[{\"@type\":\"SearchAction\",\"target\":{\"@type\":\"EntryPoint\",\"urlTemplate\":\"https:\\\/\\\/saharafamilytours.com\\\/es\\\/?s={search_term_string}\"},\"query-input\":{\"@type\":\"PropertyValueSpecification\",\"valueRequired\":true,\"valueName\":\"search_term_string\"}}],\"inLanguage\":\"es\"}]}<\/script>\n<!-- \/ Yoast SEO plugin. -->","yoast_head_json":{"title":"Contactos - Sahara Family Tours","description":"contactos para Visitar nuevos lugares comer nuevos alimentos Experimentar nuevas culturas y conocer gente nueva permite a sus hijos.","robots":{"index":"index","follow":"follow","max-snippet":"max-snippet:-1","max-image-preview":"max-image-preview:large","max-video-preview":"max-video-preview:-1"},"canonical":"https:\/\/saharafamilytours.com\/es\/contactos\/","og_locale":"es_ES","og_type":"article","og_title":"Contactos - Sahara Family Tours","og_description":"contactos para Visitar nuevos lugares comer nuevos alimentos Experimentar nuevas culturas y conocer gente nueva permite a sus hijos.","og_url":"https:\/\/saharafamilytours.com\/es\/contactos\/","og_site_name":"Sahara Family Tours","article_modified_time":"2024-08-03T20:46:29+00:00","og_image":[{"width":1200,"height":900,"url":"https:\/\/saharafamilytours.com\/es\/wp-content\/uploads\/2024\/02\/Contactos-.jpg","type":"image\/jpeg"}],"twitter_card":"summary_large_image","twitter_misc":{"Tiempo de lectura":"1 minuto"},"schema":{"@context":"https:\/\/schema.org","@graph":[{"@type":"WebPage","@id":"https:\/\/saharafamilytours.com\/es\/contactos\/","url":"https:\/\/saharafamilytours.com\/es\/contactos\/","name":"Contactos - Sahara Family Tours","isPartOf":{"@id":"https:\/\/saharafamilytours.com\/es\/#website"},"primaryImageOfPage":{"@id":"https:\/\/saharafamilytours.com\/es\/contactos\/#primaryimage"},"image":{"@id":"https:\/\/saharafamilytours.com\/es\/contactos\/#primaryimage"},"thumbnailUrl":"https:\/\/saharafamilytours.com\/es\/wp-content\/uploads\/2024\/02\/Contactos-.jpg","datePublished":"2016-10-05T02:12:01+00:00","dateModified":"2024-08-03T20:46:29+00:00","description":"contactos para Visitar nuevos lugares comer nuevos alimentos Experimentar nuevas culturas y conocer gente nueva permite a sus hijos.","breadcrumb":{"@id":"https:\/\/saharafamilytours.com\/es\/contactos\/#breadcrumb"},"inLanguage":"es","potentialAction":[{"@type":"ReadAction","target":["https:\/\/saharafamilytours.com\/es\/contactos\/"]}]},{"@type":"ImageObject","inLanguage":"es","@id":"https:\/\/saharafamilytours.com\/es\/contactos\/#primaryimage","url":"https:\/\/saharafamilytours.com\/es\/wp-content\/uploads\/2024\/02\/Contactos-.jpg","contentUrl":"https:\/\/saharafamilytours.com\/es\/wp-content\/uploads\/2024\/02\/Contactos-.jpg","width":1200,"height":900,"caption":"Sahara Family Tours"},{"@type":"BreadcrumbList","@id":"https:\/\/saharafamilytours.com\/es\/contactos\/#breadcrumb","itemListElement":[{"@type":"ListItem","position":1,"name":"Home","item":"https:\/\/saharafamilytours.com\/es\/"},{"@type":"ListItem","position":2,"name":"Contactos"}]},{"@type":"WebSite","@id":"https:\/\/saharafamilytours.com\/es\/#website","url":"https:\/\/saharafamilytours.com\/es\/","name":"Sahara Family Tours","description":"Viajes Familiares con Ni\u00f1os en Marruecos","potentialAction":[{"@type":"SearchAction","target":{"@type":"EntryPoint","urlTemplate":"https:\/\/saharafamilytours.com\/es\/?s={search_term_string}"},"query-input":{"@type":"PropertyValueSpecification","valueRequired":true,"valueName":"search_term_string"}}],"inLanguage":"es"}]}},"jetpack_sharing_enabled":true,"_links":{"self":[{"href":"https:\/\/saharafamilytours.com\/es\/wp-json\/wp\/v2\/pages\/166","targetHints":{"allow":["GET"]}}],"collection":[{"href":"https:\/\/saharafamilytours.com\/es\/wp-json\/wp\/v2\/pages"}],"about":[{"href":"https:\/\/saharafamilytours.com\/es\/wp-json\/wp\/v2\/types\/page"}],"author":[{"embeddable":true,"href":"https:\/\/saharafamilytours.com\/es\/wp-json\/wp\/v2\/users\/1"}],"replies":[{"embeddable":true,"href":"https:\/\/saharafamilytours.com\/es\/wp-json\/wp\/v2\/comments?post=166"}],"version-history":[{"count":1,"href":"https:\/\/saharafamilytours.com\/es\/wp-json\/wp\/v2\/pages\/166\/revisions"}],"predecessor-version":[{"id":848,"href":"https:\/\/saharafamilytours.com\/es\/wp-json\/wp\/v2\/pages\/166\/revisions\/848"}],"wp:featuredmedia":[{"embeddable":true,"href":"https:\/\/saharafamilytours.com\/es\/wp-json\/wp\/v2\/media\/723"}],"wp:attachment":[{"href":"https:\/\/saharafamilytours.com\/es\/wp-json\/wp\/v2\/media?parent=166"}],"curies":[{"name":"wp","href":"https:\/\/api.w.org\/{rel}","templated":true}]}}