{"id":438,"date":"2017-02-02T10:43:20","date_gmt":"2017-02-02T10:43:20","guid":{"rendered":"http:\/\/travelwp.physcode.com\/?page_id=438"},"modified":"2026-04-17T16:28:28","modified_gmt":"2026-04-17T16:28:28","slug":"viajes-familiares-con-ninos-en-marruecos","status":"publish","type":"page","link":"https:\/\/saharafamilytours.com\/es\/","title":{"rendered":"Viajes Familiares con Ni\u00f1os en Marruecos"},"content":{"rendered":"<p>[vc_row full_width=&#8221;stretch_row&#8221; full_height=&#8221;yes&#8221; content_placement=&#8221;middle&#8221; parallax=&#8221;content-moving&#8221; parallax_image=&#8221;809&#8243; parallax_speed_bg=&#8221;1&#8243; css=&#8221;.vc_custom_1776443294876{padding-top: 30px !important;background-color: #f2f2f2 !important;}&#8221;][vc_column][vc_empty_space height=&#8221;0px&#8221;][vc_custom_heading text=&#8221;<b>Bienvenidos<br \/>\nA<br \/>\nSahara Family Tours<\/b>&#8221; font_container=&#8221;tag:h4|font_size:35|text_align:center|color:%23ffffff&#8221; use_theme_fonts=&#8221;yes&#8221;][vc_custom_heading text=&#8221;Marruecos con Ni\u00f1os Planes Familiares Apasionantes&#8221; font_container=&#8221;tag:p|font_size:20|text_align:center|color:%23ffffff&#8221; use_theme_fonts=&#8221;yes&#8221;][vc_custom_heading text=&#8221;Viajes Privados en Marruecos Experiencias de Viaje a Medida&#8221; font_container=&#8221;tag:p|font_size:20|text_align:center|color:%23ffffff&#8221; use_theme_fonts=&#8221;yes&#8221;][vc_empty_space height=&#8221;0px&#8221;][\/vc_column][\/vc_row][vc_row full_width=&#8221;stretch_row&#8221; css=&#8221;.vc_custom_1491036287888{padding-top: 30px !important;background-color: #f2f2f2 !important;}&#8221;][vc_column]<div class=\"shortcode_title shortcode-title-style_2\"><h2 class=\"title_primary\"><b>Disponible en<\/b><\/h2><\/div>[vc_btn title=&#8221;<b>INGL\u00c9S<\/b>&#8221; style=&#8221;3d&#8221; shape=&#8221;round&#8221; color=&#8221;sky&#8221; size=&#8221;lg&#8221; align=&#8221;center&#8221; i_icon_fontawesome=&#8221;fas fa-home&#8221; add_icon=&#8221;true&#8221; custom_onclick=&#8221;true&#8221; link=&#8221;url:https%3A%2F%2Fsaharafamilytours.com%2F|title:Family%20Tours%20in%20Morocco%20%7C%20%20Tours%20With%20Children|rel:nofollow&#8221;][vc_btn title=&#8221;<b>FRANC\u00c9S<\/b>&#8221; style=&#8221;3d&#8221; shape=&#8221;round&#8221; color=&#8221;sky&#8221; size=&#8221;lg&#8221; align=&#8221;center&#8221; i_icon_fontawesome=&#8221;fas fa-home&#8221; css_animation=&#8221;none&#8221; add_icon=&#8221;true&#8221; custom_onclick=&#8221;true&#8221; link=&#8221;url:https%3A%2F%2Fsaharafamilytours.com%2Ffr%2F|title:Voyages%20en%20famille%20au%20Maroc%20%7C%20Circuits%20avec%20des%20enfants|rel:nofollow&#8221;][vc_btn title=&#8221;<b>ITALIANO<\/b>&#8221; style=&#8221;3d&#8221; shape=&#8221;round&#8221; color=&#8221;sky&#8221; size=&#8221;lg&#8221; align=&#8221;center&#8221; i_icon_fontawesome=&#8221;fas fa-home&#8221; css_animation=&#8221;none&#8221; add_icon=&#8221;true&#8221; link=&#8221;url:https%3A%2F%2Fsaharafamilytours.com%2Fit%2F|title:Viaggi%20di%20Famiglia%20in%20Marocco%20%7C%20Tour%20con%20Bambini|rel:nofollow&#8221;][vc_btn title=&#8221;<b>PORTUGU\u00c9S<\/b>&#8221; style=&#8221;3d&#8221; shape=&#8221;round&#8221; color=&#8221;sky&#8221; size=&#8221;lg&#8221; align=&#8221;center&#8221; i_icon_fontawesome=&#8221;fas fa-home&#8221; add_icon=&#8221;true&#8221; link=&#8221;url:https%3A%2F%2Fsaharafamilytours.com%2Fpt%2F|title:Viagens%20em%20Marrocos%20para%20fam%C3%ADlias%20com%20crian%C3%A7as|rel:nofollow&#8221;]<div class=\"shortcode_title shortcode-title-style_2\" style=\"color:#000000\"><h2 class=\"title_primary\">Sobre Sahara Family Tours<\/h2><div class=\"title_subtitle\">Viajes a medida por Marruecos para parejas, familias o grupos de amigos, para disfrutar de una experiencia completa que combina cultura, paisajes espectaculares, historia, aventura y descanso<\/div><\/div>[vc_column_text]<\/p>\n<h4 style=\"text-align: center;\"><strong>Las mejores rutas familiares en Marruecos con ni\u00f1os<\/strong><\/h4>\n<p>Viajar en familia es una experiencia \u00fanica que fortalece los lazos y crea recuerdos inolvidables. <span style=\"color: #000000;\"><a style=\"color: #000000;\" href=\"https:\/\/saharafamilytours.com\/\">Marruecos<\/a><\/span> es un destino ideal para descubrir con ni\u00f1os, gracias a su rica cultura, paisajes variados y hospitalidad.<\/p>\n<h4 style=\"text-align: center;\"><strong>Rutas familiares personalizadas en Marruecos<\/strong><\/h4>\n<p>En <strong>Sahara Family Tours<\/strong>, dise\u00f1amos rutas pensadas para familias con ni\u00f1os, combinando comodidad, seguridad y diversi\u00f3n. Ofrecemos viajes adaptados a todas las edades, con precios accesibles y descuentos especiales. Viajar con ni\u00f1os no solo es descanso, sino tambi\u00e9n aprendizaje: conocer nuevas culturas y probar sabores diferentes ayuda a su desarrollo de forma especial.<\/p>\n<h4 style=\"text-align: center;\"><strong>Quieres viajar con tus hijos a Marruecos?<\/strong><\/h4>\n<p>Te acompa\u00f1amos en la organizaci\u00f3n de un viaje inolvidable. Los ni\u00f1os disfrutan especialmente de los colores, paisajes y la alegr\u00eda que transmite <span style=\"color: #000000;\"><a style=\"color: #000000;\" href=\"https:\/\/es.wikipedia.org\/wiki\/Marruecos\">Marruecos<\/a><\/span>. La gastronom\u00eda est\u00e1 adaptada a sus gustos para que no haya preocupaciones. Adem\u00e1s, incluimos actividades divertidas y educativas: explorar el desierto, correr por las dunas o montar en camello son momentos que tus hijos atesorar\u00e1n siempre.<\/p>\n<h4 style=\"text-align: center;\"><strong>Rutas en Marruecos para familias con ni\u00f1os<\/strong><\/h4>\n<p>Nuestros tours seleccionan cuidadosamente destinos y actividades para que cada miembro de la familia viva una experiencia \u00fanica. Los ni\u00f1os pueden participar en programas especiales y aprovechar descuentos importantes. La idea es divertirse, descubrir culturas nuevas y conectar con la naturaleza en un entorno seguro.<\/p>\n<p>Sahara Family Tours te ofrece las mejores opciones para que vivas Marruecos en familia. Solicita tu viaje y deja que nos encarguemos del resto.[\/vc_column_text][\/vc_column][\/vc_row][vc_row full_width=&#8221;stretch_row&#8221; css=&#8221;.vc_custom_1491036287888{padding-top: 30px !important;background-color: #f2f2f2 !important;}&#8221;][vc_column]<div class=\"shortcode_title shortcode-title-style_1\"><h3 class=\"title_primary\">POR QU\u00c9 ELEGIRNOS?<\/h3><span class=\"line_after_title\"><\/span><\/div>[vc_row_inner][vc_column_inner width=&#8221;1\/4&#8243;]<div class=\"widget-icon-box widget-icon-box-base iconbox-center\"><div class=\"boxes-icon circle\" style=\"font-size:30px;width:80px; height:80px;line-height:80px\"><span class=\"inner-icon\"><i class=\"vc_icon_element-icon flaticon-globe\"><\/i><\/span><\/div><div class=\"content-inner\" ><div class=\"sc-heading article_heading\"><h4 style=\"color:#000000\" class=\"heading__primary\">Atenci\u00f3n al cliente 24\/7<\/h4><\/div><div class=\"desc-icon-box\" ><div>Atenci\u00f3n al cliente personalizada en todos los idiomas, resuelve todas tus dudas y preguntas sobre nuestros tours y excursiones por Marruecos<\/div><\/div><\/div><\/div>[\/vc_column_inner][vc_column_inner width=&#8221;1\/4&#8243;]<div class=\"widget-icon-box widget-icon-box-base iconbox-center\"><div class=\"boxes-icon \" style=\"font-size:30px;width:80px; height:80px;line-height:80px\"><span class=\"inner-icon\"><i class=\"vc_icon_element-icon flaticon-money\"><\/i><\/span><\/div><div class=\"content-inner\" ><div class=\"sc-heading article_heading\"><h4 style=\"color:#000000\" class=\"heading__primary\">Calidad &amp; Precio<\/h4><\/div><div class=\"desc-icon-box\" ><div>Descubre Marruecos de una forma alternativa y maravillosa, al mejor precio del mercado, y solicita tu presupuesto para un viaje a Marruecos sin ning\u00fan compromiso.<\/div><\/div><\/div><\/div>[\/vc_column_inner][vc_column_inner width=&#8221;1\/4&#8243;]<div class=\"widget-icon-box widget-icon-box-base iconbox-center\"><div class=\"boxes-icon \" style=\"font-size:30px;width:80px; height:80px;line-height:80px\"><span class=\"inner-icon\"><i class=\"vc_icon_element-icon flaticon-transport-3\"><\/i><\/span><\/div><div class=\"content-inner\" ><div class=\"sc-heading article_heading\"><h4 style=\"color:#000000\" class=\"heading__primary\">Diversos destinos<\/h4><\/div><div class=\"desc-icon-box\" ><div>Ofrecemos una variedad de tours y actividades para ni\u00f1os en diferentes partes de Marruecos, adaptados a sus gustos y necesidades.<\/div><\/div><\/div><\/div>[\/vc_column_inner][vc_column_inner width=&#8221;1\/4&#8243;]<div class=\"widget-icon-box widget-icon-box-base iconbox-center\"><div class=\"boxes-icon \" style=\"font-size:39px;width:80px; height:80px;line-height:80px\"><span class=\"inner-icon\"><i class=\"vc_icon_element-icon flaticon-island\"><\/i><\/span><\/div><div class=\"content-inner\" ><div class=\"sc-heading article_heading\"><h4 style=\"color:#000000\" class=\"heading__primary\">Experiencia<\/h4><\/div><div class=\"desc-icon-box\" ><div>Nuestro viajes en Marruecos son organizados de forma flexible, adaptados a las caracter\u00edsticas y deseos de cada cliente<\/div><\/div><\/div><\/div>[\/vc_column_inner][vc_column_inner][vc_empty_space height=&#8221;30px&#8221;][vc_column_text]<\/p>\n<h4 style=\"text-align: center;\"><strong>Tours Privados en Marruecos \u2013 Una Experiencia Aut\u00e9ntica y Personalizada<\/strong><\/h4>\n<p>Elegir un tour privado en Marruecos significa optar por una forma de viajar libre, personalizada y profundamente humana. Cada itinerario se dise\u00f1a cuidadosamente seg\u00fan sus deseos, su ritmo y sus intereses, permiti\u00e9ndole disfrutar de un descubrimiento aut\u00e9ntico del pa\u00eds, lejos de los circuitos tur\u00edsticos est\u00e1ndar.<\/p>\n<h4 style=\"text-align: center;\"><strong>Explore Marruecos a Su Manera<\/strong><\/h4>\n<p>Desde las ciudades imperiales hasta los pueblos bereberes de las monta\u00f1as del Atlas, desde las dunas del Sahara hasta la costa atl\u00e1ntica, nuestros tours privados le ofrecen la libertad de explorar Marruecos a su propio ritmo, acompa\u00f1ado por un conductor-gu\u00eda profesional atento a su comodidad y seguridad.<\/p>\n<h4 style=\"text-align: center;\"><strong>Confort y Experiencias Locales<\/strong><\/h4>\n<p>Disfrutar\u00e1 de alojamientos cuidadosamente seleccionados, experiencias locales aut\u00e9nticas y una organizaci\u00f3n flexible, siempre respaldada por asistencia experta en cada etapa de su viaje. Ya sea que viaje en pareja, en familia o con amigos, un tour privado garantiza privacidad, tranquilidad y una inmersi\u00f3n total en la cultura marroqu\u00ed.<\/p>\n<h4 style=\"text-align: center;\"><strong>Una Experiencia \u00danica e Inolvidable<\/strong><\/h4>\n<p>Viajar en un tour privado por Marruecos es una experiencia \u00fanica, creada especialmente para usted, que le permitir\u00e1 construir recuerdos inolvidables en el coraz\u00f3n de un pa\u00eds lleno de contrastes y riqueza cultural.<\/p>\n<p><strong>Nota:<\/strong> Sahara Family Tours ofrece viajes a medida y salidas adaptadas a todo tipo de viajeros en todo Marruecos. Tambi\u00e9n puede enviarnos su propia propuesta y estaremos encantados de ayudarle a planificar su viaje, con salidas desde Marrakech, Ouarzazate, Casablanca, Fez, T\u00e1nger y otros destinos. Este es su viaje: viva su propia aventura. Ofrecemos tours con una duraci\u00f3n de entre 1 y 30 d\u00edas por todo Marruecos.<\/p>\n<p>Para m\u00e1s informaci\u00f3n sobre nuestros tours o excursiones en Marruecos, no dude en ponerse en contacto con nosotros por correo electr\u00f3nico o <span style=\"color: #000000;\"><a style=\"color: #000000;\" href=\"https:\/\/wa.me\/212617407523\">WhatsApp<\/a><\/span>.<\/p>\n<p>El precio del tour depende del n\u00famero de viajeros, la fecha del viaje y la duraci\u00f3n del tour[\/vc_column_text][\/vc_column_inner][\/vc_row_inner][\/vc_column][\/vc_row][vc_row full_width=&#8221;stretch_row&#8221; css=&#8221;.vc_custom_1708474515230{padding-top: 30px !important;background-color: #7a7a7a !important;}&#8221;][vc_column]<div class=\"shortcode_title shortcode-title-style_3\" style=\"color:#ffffff\"><h3 class=\"title_primary\">RESERVAR &amp;.CONT\u00c1CTANOS<\/h3><div class=\"title_subtitle\">Remarque: Il est indispensable de compl\u00e9ter toutes les donn\u00e9es dans les champs obligatoires demand\u00e9s dans ce formulaire<\/div><\/div>\n<div class=\"wpcf7 no-js\" id=\"wpcf7-f847-o1\" lang=\"es-ES\" dir=\"ltr\" data-wpcf7-id=\"847\">\n<div class=\"screen-reader-response\"><p role=\"status\" aria-live=\"polite\" aria-atomic=\"true\"><\/p> <ul><\/ul><\/div>\n<form action=\"\/es\/wp-json\/wp\/v2\/pages\/438#wpcf7-f847-o1\" method=\"post\" class=\"wpcf7-form init\" aria-label=\"Formulario de contacto\" novalidate=\"novalidate\" data-status=\"init\">\n<fieldset class=\"hidden-fields-container\"><input type=\"hidden\" name=\"_wpcf7\" value=\"847\" \/><input type=\"hidden\" name=\"_wpcf7_version\" value=\"6.1.5\" \/><input type=\"hidden\" name=\"_wpcf7_locale\" value=\"es_ES\" \/><input type=\"hidden\" name=\"_wpcf7_unit_tag\" value=\"wpcf7-f847-o1\" \/><input type=\"hidden\" name=\"_wpcf7_container_post\" value=\"0\" \/><input type=\"hidden\" name=\"_wpcf7_posted_data_hash\" value=\"\" \/>\n<\/fieldset>\n<div class=\"form-contact\">\n\t<div class=\"row-1x\">\n\t\t<div class=\"col-sm-6\">\n\t\t\t<p><span class=\"wpcf7-form-control-wrap\" data-name=\"your-name\"><input size=\"40\" maxlength=\"400\" class=\"wpcf7-form-control wpcf7-text wpcf7-validates-as-required\" aria-required=\"true\" aria-invalid=\"false\" placeholder=\"Nombre Completo\" value=\"\" type=\"text\" name=\"your-name\" \/><\/span>\n\t\t\t<\/p>\n\t\t<\/div>\n\t\t<div class=\"col-sm-6\">\n\t\t\t<p><span class=\"wpcf7-form-control-wrap\" data-name=\"your-email\"><input size=\"40\" maxlength=\"400\" class=\"wpcf7-form-control wpcf7-email wpcf7-validates-as-required wpcf7-text wpcf7-validates-as-email\" aria-required=\"true\" aria-invalid=\"false\" placeholder=\"Correo electr\u00f3nico\" value=\"\" type=\"email\" name=\"your-email\" \/><\/span>\n\t\t\t<\/p>\n\t\t<\/div>\n\t<\/div>\n\t<div class=\"row-1x\">\n\t\t<div class=\"col-sm-6\">\n\t\t\t<p><span class=\"wpcf7-form-control-wrap\" data-name=\"text-232\"><input size=\"40\" maxlength=\"400\" class=\"wpcf7-form-control wpcf7-text wpcf7-validates-as-required\" aria-required=\"true\" aria-invalid=\"false\" placeholder=\"Tel\u00e9 &amp; WhatsApp\" value=\"\" type=\"text\" name=\"text-232\" \/><\/span>\n\t\t\t<\/p>\n\t\t<\/div>\n\t\t<div class=\"col-sm-6\">\n\t\t\t<p><span class=\"wpcf7-form-control-wrap\" data-name=\"Pas\"><input size=\"40\" maxlength=\"400\" class=\"wpcf7-form-control wpcf7-text\" aria-invalid=\"false\" placeholder=\"Pa\u00eds &amp; Cuidad\" value=\"\" type=\"text\" name=\"Pas\" \/><\/span>\n\t\t\t<\/p>\n\t\t<\/div>\n\t<\/div>\n\t<div class=\"row-1x\">\n\t\t<div class=\"col-sm-6\">\n\t\t\t<p><span class=\"wpcf7-form-control-wrap\" data-name=\"text-629\"><input size=\"40\" maxlength=\"400\" class=\"wpcf7-form-control wpcf7-text wpcf7-validates-as-required\" aria-required=\"true\" aria-invalid=\"false\" placeholder=\"Ruta de inter\u00e9s en Marruecos\" value=\"\" type=\"text\" name=\"text-629\" \/><\/span>\n\t\t\t<\/p>\n\t\t<\/div>\n\t\t<div class=\"col-sm-6\">\n\t\t\t<p><span class=\"wpcf7-form-control-wrap\" data-name=\"text-494\"><input size=\"40\" maxlength=\"400\" class=\"wpcf7-form-control wpcf7-text wpcf7-validates-as-required\" aria-required=\"true\" aria-invalid=\"false\" placeholder=\"N\u00b0 de adultos\" value=\"\" type=\"text\" name=\"text-494\" \/><\/span>\n\t\t\t<\/p>\n\t\t<\/div>\n\t<\/div>\n\t<div class=\"row-1x\">\n\t\t<div class=\"col-sm-6\">\n\t\t\t<p><span class=\"wpcf7-form-control-wrap\" data-name=\"text-293\"><input size=\"40\" maxlength=\"400\" class=\"wpcf7-form-control wpcf7-text wpcf7-validates-as-required\" aria-required=\"true\" aria-invalid=\"false\" placeholder=\"N\u00b0 de ni\u00f1os\" value=\"\" type=\"text\" name=\"text-293\" \/><\/span>\n\t\t\t<\/p>\n\t\t<\/div>\n\t\t<div class=\"col-sm-6\">\n\t\t\t<p><span class=\"wpcf7-form-control-wrap\" data-name=\"text-281\"><input size=\"40\" maxlength=\"400\" class=\"wpcf7-form-control wpcf7-text wpcf7-validates-as-required\" aria-required=\"true\" aria-invalid=\"false\" placeholder=\"Fecha del viaje\" value=\"\" type=\"text\" name=\"text-281\" \/><\/span>\n\t\t\t<\/p>\n\t\t<\/div>\n\t<\/div>\n\t<div class=\"row-1x\">\n\t\t<div class=\"form-contact\">\n\t\t\t<p><span class=\"wpcf7-form-control-wrap\" data-name=\"your-message\"><textarea cols=\"40\" rows=\"10\" maxlength=\"2000\" class=\"wpcf7-form-control wpcf7-textarea\" aria-invalid=\"false\" placeholder=\"Cu\u00e9ntanos todo lo que necesitas para el viaje. Si viajan con ni\u00f1os, necesitamos saber su edad\" name=\"your-message\"><\/textarea><\/span><br \/>\n<input class=\"wpcf7-form-control wpcf7-submit has-spinner\" type=\"submit\" value=\"Enviar\" \/>\n\t\t\t<\/p>\n\t\t<\/div>\n\t<\/div>\n<\/div><div class=\"wpcf7-response-output\" aria-hidden=\"true\"><\/div>\n<\/form>\n<\/div>\n[vc_empty_space height=&#8221;30px&#8221;][\/vc_column][\/vc_row]<\/p>\n","protected":false},"excerpt":{"rendered":"<p>Lorem ipsum dolor sit amet, consectetur adipiscing elit. Nam efficitur egestas risus. Sed eros augue, tempor et faucibus eu, cursus ac lacus. Ut sodales semper ante, at malesuada neque vestibulum vitae. Pellentesque luctus ipsum sit amet ligula facilisis rutrum. Nulla facilisi. Morbi rutrum nisi elementum urna faucibus, et porta elit lobortis. Donec imperdiet tristique tellus, ut consectetur ipsum tempus vitae<\/p>\n","protected":false},"author":1,"featured_media":701,"parent":0,"menu_order":0,"comment_status":"closed","ping_status":"closed","template":"page-templates\/homepage.php","meta":{"_joinchat":[],"footnotes":""},"class_list":["post-438","page","type-page","status-publish","has-post-thumbnail","hentry"],"yoast_head":"<!-- This site is optimized with the Yoast SEO plugin v27.5 - https:\/\/yoast.com\/product\/yoast-seo-wordpress\/ -->\n<title>Viajes Familiares con Ni\u00f1os en Marruecos - Sahara Family Tours<\/title>\n<meta name=\"description\" content=\"Viajes Familiares con Ni\u00f1os en Marruecos Descubre los mejores rutas familiares personalizados en Marruecos, dise\u00f1ados y ordenados..\" \/>\n<meta name=\"robots\" content=\"index, follow, max-snippet:-1, max-image-preview:large, max-video-preview:-1\" \/>\n<link rel=\"canonical\" href=\"https:\/\/saharafamilytours.com\/es\/\" \/>\n<meta property=\"og:locale\" content=\"es_ES\" \/>\n<meta property=\"og:type\" content=\"article\" \/>\n<meta property=\"og:title\" content=\"Viajes Familiares con Ni\u00f1os en Marruecos - Sahara Family Tours\" \/>\n<meta property=\"og:description\" content=\"Viajes Familiares con Ni\u00f1os en Marruecos Descubre los mejores rutas familiares personalizados en Marruecos, dise\u00f1ados y ordenados..\" \/>\n<meta property=\"og:url\" content=\"https:\/\/saharafamilytours.com\/es\/\" \/>\n<meta property=\"og:site_name\" content=\"Sahara Family Tours\" \/>\n<meta property=\"article:modified_time\" content=\"2026-04-17T16:28:28+00:00\" \/>\n<meta property=\"og:image\" content=\"https:\/\/saharafamilytours.com\/es\/wp-content\/uploads\/2024\/02\/Viajes-Familiares-con-Ninos-en-Marruecos.jpg\" \/>\n\t<meta property=\"og:image:width\" content=\"1200\" \/>\n\t<meta property=\"og:image:height\" content=\"900\" \/>\n\t<meta property=\"og:image:type\" content=\"image\/jpeg\" \/>\n<meta name=\"twitter:card\" content=\"summary_large_image\" \/>\n<meta name=\"twitter:label1\" content=\"Tiempo de lectura\" \/>\n\t<meta name=\"twitter:data1\" content=\"5 minutos\" \/>\n<script type=\"application\/ld+json\" class=\"yoast-schema-graph\">{\"@context\":\"https:\\\/\\\/schema.org\",\"@graph\":[{\"@type\":\"WebPage\",\"@id\":\"https:\\\/\\\/saharafamilytours.com\\\/es\\\/\",\"url\":\"https:\\\/\\\/saharafamilytours.com\\\/es\\\/\",\"name\":\"Viajes Familiares con Ni\u00f1os en Marruecos - Sahara Family Tours\",\"isPartOf\":{\"@id\":\"https:\\\/\\\/saharafamilytours.com\\\/es\\\/#website\"},\"primaryImageOfPage\":{\"@id\":\"https:\\\/\\\/saharafamilytours.com\\\/es\\\/#primaryimage\"},\"image\":{\"@id\":\"https:\\\/\\\/saharafamilytours.com\\\/es\\\/#primaryimage\"},\"thumbnailUrl\":\"https:\\\/\\\/saharafamilytours.com\\\/es\\\/wp-content\\\/uploads\\\/2024\\\/02\\\/Viajes-Familiares-con-Ninos-en-Marruecos.jpg\",\"datePublished\":\"2017-02-02T10:43:20+00:00\",\"dateModified\":\"2026-04-17T16:28:28+00:00\",\"description\":\"Viajes Familiares con Ni\u00f1os en Marruecos Descubre los mejores rutas familiares personalizados en Marruecos, dise\u00f1ados y ordenados..\",\"breadcrumb\":{\"@id\":\"https:\\\/\\\/saharafamilytours.com\\\/es\\\/#breadcrumb\"},\"inLanguage\":\"es\",\"potentialAction\":[{\"@type\":\"ReadAction\",\"target\":[\"https:\\\/\\\/saharafamilytours.com\\\/es\\\/\"]}]},{\"@type\":\"ImageObject\",\"inLanguage\":\"es\",\"@id\":\"https:\\\/\\\/saharafamilytours.com\\\/es\\\/#primaryimage\",\"url\":\"https:\\\/\\\/saharafamilytours.com\\\/es\\\/wp-content\\\/uploads\\\/2024\\\/02\\\/Viajes-Familiares-con-Ninos-en-Marruecos.jpg\",\"contentUrl\":\"https:\\\/\\\/saharafamilytours.com\\\/es\\\/wp-content\\\/uploads\\\/2024\\\/02\\\/Viajes-Familiares-con-Ninos-en-Marruecos.jpg\",\"width\":1200,\"height\":900,\"caption\":\"Viajes Familiares con Ni\u00f1os en Marruecos\"},{\"@type\":\"BreadcrumbList\",\"@id\":\"https:\\\/\\\/saharafamilytours.com\\\/es\\\/#breadcrumb\",\"itemListElement\":[{\"@type\":\"ListItem\",\"position\":1,\"name\":\"Home\",\"item\":\"https:\\\/\\\/saharafamilytours.com\\\/es\\\/\"},{\"@type\":\"ListItem\",\"position\":2,\"name\":\"Viajes Familiares con Ni\u00f1os en Marruecos\"}]},{\"@type\":\"WebSite\",\"@id\":\"https:\\\/\\\/saharafamilytours.com\\\/es\\\/#website\",\"url\":\"https:\\\/\\\/saharafamilytours.com\\\/es\\\/\",\"name\":\"Sahara Family Tours\",\"description\":\"Viajes Familiares con Ni\u00f1os en Marruecos\",\"potentialAction\":[{\"@type\":\"SearchAction\",\"target\":{\"@type\":\"EntryPoint\",\"urlTemplate\":\"https:\\\/\\\/saharafamilytours.com\\\/es\\\/?s={search_term_string}\"},\"query-input\":{\"@type\":\"PropertyValueSpecification\",\"valueRequired\":true,\"valueName\":\"search_term_string\"}}],\"inLanguage\":\"es\"}]}<\/script>\n<!-- \/ Yoast SEO plugin. -->","yoast_head_json":{"title":"Viajes Familiares con Ni\u00f1os en Marruecos - Sahara Family Tours","description":"Viajes Familiares con Ni\u00f1os en Marruecos Descubre los mejores rutas familiares personalizados en Marruecos, dise\u00f1ados y ordenados..","robots":{"index":"index","follow":"follow","max-snippet":"max-snippet:-1","max-image-preview":"max-image-preview:large","max-video-preview":"max-video-preview:-1"},"canonical":"https:\/\/saharafamilytours.com\/es\/","og_locale":"es_ES","og_type":"article","og_title":"Viajes Familiares con Ni\u00f1os en Marruecos - Sahara Family Tours","og_description":"Viajes Familiares con Ni\u00f1os en Marruecos Descubre los mejores rutas familiares personalizados en Marruecos, dise\u00f1ados y ordenados..","og_url":"https:\/\/saharafamilytours.com\/es\/","og_site_name":"Sahara Family Tours","article_modified_time":"2026-04-17T16:28:28+00:00","og_image":[{"width":1200,"height":900,"url":"https:\/\/saharafamilytours.com\/es\/wp-content\/uploads\/2024\/02\/Viajes-Familiares-con-Ninos-en-Marruecos.jpg","type":"image\/jpeg"}],"twitter_card":"summary_large_image","twitter_misc":{"Tiempo de lectura":"5 minutos"},"schema":{"@context":"https:\/\/schema.org","@graph":[{"@type":"WebPage","@id":"https:\/\/saharafamilytours.com\/es\/","url":"https:\/\/saharafamilytours.com\/es\/","name":"Viajes Familiares con Ni\u00f1os en Marruecos - Sahara Family Tours","isPartOf":{"@id":"https:\/\/saharafamilytours.com\/es\/#website"},"primaryImageOfPage":{"@id":"https:\/\/saharafamilytours.com\/es\/#primaryimage"},"image":{"@id":"https:\/\/saharafamilytours.com\/es\/#primaryimage"},"thumbnailUrl":"https:\/\/saharafamilytours.com\/es\/wp-content\/uploads\/2024\/02\/Viajes-Familiares-con-Ninos-en-Marruecos.jpg","datePublished":"2017-02-02T10:43:20+00:00","dateModified":"2026-04-17T16:28:28+00:00","description":"Viajes Familiares con Ni\u00f1os en Marruecos Descubre los mejores rutas familiares personalizados en Marruecos, dise\u00f1ados y ordenados..","breadcrumb":{"@id":"https:\/\/saharafamilytours.com\/es\/#breadcrumb"},"inLanguage":"es","potentialAction":[{"@type":"ReadAction","target":["https:\/\/saharafamilytours.com\/es\/"]}]},{"@type":"ImageObject","inLanguage":"es","@id":"https:\/\/saharafamilytours.com\/es\/#primaryimage","url":"https:\/\/saharafamilytours.com\/es\/wp-content\/uploads\/2024\/02\/Viajes-Familiares-con-Ninos-en-Marruecos.jpg","contentUrl":"https:\/\/saharafamilytours.com\/es\/wp-content\/uploads\/2024\/02\/Viajes-Familiares-con-Ninos-en-Marruecos.jpg","width":1200,"height":900,"caption":"Viajes Familiares con Ni\u00f1os en Marruecos"},{"@type":"BreadcrumbList","@id":"https:\/\/saharafamilytours.com\/es\/#breadcrumb","itemListElement":[{"@type":"ListItem","position":1,"name":"Home","item":"https:\/\/saharafamilytours.com\/es\/"},{"@type":"ListItem","position":2,"name":"Viajes Familiares con Ni\u00f1os en Marruecos"}]},{"@type":"WebSite","@id":"https:\/\/saharafamilytours.com\/es\/#website","url":"https:\/\/saharafamilytours.com\/es\/","name":"Sahara Family Tours","description":"Viajes Familiares con Ni\u00f1os en Marruecos","potentialAction":[{"@type":"SearchAction","target":{"@type":"EntryPoint","urlTemplate":"https:\/\/saharafamilytours.com\/es\/?s={search_term_string}"},"query-input":{"@type":"PropertyValueSpecification","valueRequired":true,"valueName":"search_term_string"}}],"inLanguage":"es"}]}},"jetpack_sharing_enabled":true,"_links":{"self":[{"href":"https:\/\/saharafamilytours.com\/es\/wp-json\/wp\/v2\/pages\/438","targetHints":{"allow":["GET"]}}],"collection":[{"href":"https:\/\/saharafamilytours.com\/es\/wp-json\/wp\/v2\/pages"}],"about":[{"href":"https:\/\/saharafamilytours.com\/es\/wp-json\/wp\/v2\/types\/page"}],"author":[{"embeddable":true,"href":"https:\/\/saharafamilytours.com\/es\/wp-json\/wp\/v2\/users\/1"}],"replies":[{"embeddable":true,"href":"https:\/\/saharafamilytours.com\/es\/wp-json\/wp\/v2\/comments?post=438"}],"version-history":[{"count":35,"href":"https:\/\/saharafamilytours.com\/es\/wp-json\/wp\/v2\/pages\/438\/revisions"}],"predecessor-version":[{"id":1043,"href":"https:\/\/saharafamilytours.com\/es\/wp-json\/wp\/v2\/pages\/438\/revisions\/1043"}],"wp:featuredmedia":[{"embeddable":true,"href":"https:\/\/saharafamilytours.com\/es\/wp-json\/wp\/v2\/media\/701"}],"wp:attachment":[{"href":"https:\/\/saharafamilytours.com\/es\/wp-json\/wp\/v2\/media?parent=438"}],"curies":[{"name":"wp","href":"https:\/\/api.w.org\/{rel}","templated":true}]}}