{"id":725,"date":"2024-02-20T22:01:30","date_gmt":"2024-02-20T22:01:30","guid":{"rendered":"https:\/\/saharafamilytours.com\/new\/?page_id=725"},"modified":"2026-03-09T14:53:32","modified_gmt":"2026-03-09T14:53:32","slug":"sobre-nosotros","status":"publish","type":"page","link":"https:\/\/saharafamilytours.com\/es\/sobre-nosotros\/","title":{"rendered":"Sobre nosotros"},"content":{"rendered":"<p>[vc_row][vc_column][vc_column_text]<\/p>\n<h4><strong>Bienvenidos a Sahara Family Tours \u2013 Una forma diferente de viajar por Marruecos<\/strong><\/h4>\n<p>Sahara Family Tours es una agencia de viajes local fundada en 2018 en el sur de Marruecos. Nuestro equipo naci\u00f3 y creci\u00f3 en la regi\u00f3n del Sahara, donde el turismo forma parte de nuestra tradici\u00f3n familiar. Con m\u00e1s de 20 a\u00f1os de experiencia en el sector tur\u00edstico, tenemos un profundo conocimiento de los paisajes, la cultura y las tradiciones de <span style=\"color: #000000;\"><a style=\"color: #000000;\" href=\"https:\/\/es.wikipedia.org\/wiki\/Marruecos\">Marruecos<\/a><\/span>.<\/p>\n<p>Nuestra lengua materna es el amazigh (bereber) y estamos orgullosos de compartir con nuestros hu\u00e9spedes la aut\u00e9ntica herencia del sur de <span style=\"color: #000000;\"><a style=\"color: #000000;\" href=\"https:\/\/saharafamilytours.com\/es\/\">Marruecos<\/a><\/span>. Al mismo tiempo, trabajamos con viajeros de todo el mundo y nos esforzamos por crear experiencias acogedoras y personalizadas para cada visitante.<\/p>\n<p>Nos especializamos en tours privados por todo Marruecos, incluyendo viajes al desierto, recorridos culturales e itinerarios a medida dise\u00f1ados seg\u00fan los intereses de cada viajero.<\/p>\n<p>Tanto si desea explorar kasbahs bereberes y pueblos tradicionales, visitar la magn\u00edfica costa atl\u00e1ntica o descubrir la belleza de las monta\u00f1as del Atlas y las dunas del Sahara, podemos personalizar su viaje de acuerdo con sus deseos y su estilo de viaje.<\/p>\n<p>Nuestro objetivo es ayudarle a descubrir el Marruecos aut\u00e9ntico a trav\u00e9s del conocimiento local, la hospitalidad genuina y experiencias aut\u00e9nticas. Dise\u00f1amos cada viaje cuidadosamente para que nuestros clientes puedan disfrutar de una experiencia \u00fanica mientras mantienen un presupuesto razonable y competitivo.<\/p>\n<p>En Sahara Family Tours creemos que viajar debe ser una experiencia personal, c\u00f3moda e inolvidable. Nuestro equipo est\u00e1 comprometido a ofrecer un servicio fiable, un conocimiento local sincero y aventuras inolvidables por todo Marruecos.<\/p>\n<p><strong>Nuestra misi\u00f3n:<\/strong> garantizar que nuestros clientes disfruten de la mejor experiencia de viaje posible. Trabajamos con confianza, seguridad, puntualidad y profesionalidad, y nuestro equipo de atenci\u00f3n al cliente est\u00e1 siempre disponible para asesorarle y ayudarle durante todo su viaje.<\/p>\n<p>Viaje con nosotros y descubra Marruecos a trav\u00e9s de los ojos de personas locales que conocen y aman verdaderamente su tierra.<\/p>\n<p>Esperamos tener noticias suyas y darle la bienvenida a Marruecos.[\/vc_column_text][\/vc_column][\/vc_row]<\/p>\n","protected":false},"excerpt":{"rendered":"<p>[vc_row][vc_column][vc_column_text]<br \/>\nBienvenidos a Sahara Family Tours \u2013 Una forma diferente de viajar por Marruecos<br \/>\nSahara Family Tours es una agencia de viajes local fundada en 2018 en el sur de <\/p>\n","protected":false},"author":1,"featured_media":726,"parent":0,"menu_order":0,"comment_status":"closed","ping_status":"closed","template":"","meta":{"_joinchat":[],"footnotes":""},"class_list":["post-725","page","type-page","status-publish","has-post-thumbnail","hentry"],"yoast_head":"<!-- This site is optimized with the Yoast SEO plugin v27.5 - https:\/\/yoast.com\/product\/yoast-seo-wordpress\/ -->\n<title>Sobre nosotros - Sahara Family Tours<\/title>\n<meta name=\"description\" content=\"Sahara Family Tours creemos que viajar debe ser una experiencia personal, c\u00f3moda e inolvidable. Nuestro equipo est\u00e1 comprometido\" \/>\n<meta name=\"robots\" content=\"index, follow, max-snippet:-1, max-image-preview:large, max-video-preview:-1\" \/>\n<link rel=\"canonical\" href=\"https:\/\/saharafamilytours.com\/es\/sobre-nosotros\/\" \/>\n<meta property=\"og:locale\" content=\"es_ES\" \/>\n<meta property=\"og:type\" content=\"article\" \/>\n<meta property=\"og:title\" content=\"Sobre nosotros - Sahara Family Tours\" \/>\n<meta property=\"og:description\" content=\"Sahara Family Tours creemos que viajar debe ser una experiencia personal, c\u00f3moda e inolvidable. Nuestro equipo est\u00e1 comprometido\" \/>\n<meta property=\"og:url\" content=\"https:\/\/saharafamilytours.com\/es\/sobre-nosotros\/\" \/>\n<meta property=\"og:site_name\" content=\"Sahara Family Tours\" \/>\n<meta property=\"article:modified_time\" content=\"2026-03-09T14:53:32+00:00\" \/>\n<meta property=\"og:image\" content=\"https:\/\/saharafamilytours.com\/es\/wp-content\/uploads\/2024\/02\/Sobre-nosotros.jpg\" \/>\n\t<meta property=\"og:image:width\" content=\"1200\" \/>\n\t<meta property=\"og:image:height\" content=\"900\" \/>\n\t<meta property=\"og:image:type\" content=\"image\/jpeg\" \/>\n<meta name=\"twitter:card\" content=\"summary_large_image\" \/>\n<meta name=\"twitter:label1\" content=\"Tiempo de lectura\" \/>\n\t<meta name=\"twitter:data1\" content=\"2 minutos\" \/>\n<script type=\"application\/ld+json\" class=\"yoast-schema-graph\">{\"@context\":\"https:\\\/\\\/schema.org\",\"@graph\":[{\"@type\":\"WebPage\",\"@id\":\"https:\\\/\\\/saharafamilytours.com\\\/es\\\/sobre-nosotros\\\/\",\"url\":\"https:\\\/\\\/saharafamilytours.com\\\/es\\\/sobre-nosotros\\\/\",\"name\":\"Sobre nosotros - Sahara Family Tours\",\"isPartOf\":{\"@id\":\"https:\\\/\\\/saharafamilytours.com\\\/es\\\/#website\"},\"primaryImageOfPage\":{\"@id\":\"https:\\\/\\\/saharafamilytours.com\\\/es\\\/sobre-nosotros\\\/#primaryimage\"},\"image\":{\"@id\":\"https:\\\/\\\/saharafamilytours.com\\\/es\\\/sobre-nosotros\\\/#primaryimage\"},\"thumbnailUrl\":\"https:\\\/\\\/saharafamilytours.com\\\/es\\\/wp-content\\\/uploads\\\/2024\\\/02\\\/Sobre-nosotros.jpg\",\"datePublished\":\"2024-02-20T22:01:30+00:00\",\"dateModified\":\"2026-03-09T14:53:32+00:00\",\"description\":\"Sahara Family Tours creemos que viajar debe ser una experiencia personal, c\u00f3moda e inolvidable. Nuestro equipo est\u00e1 comprometido\",\"breadcrumb\":{\"@id\":\"https:\\\/\\\/saharafamilytours.com\\\/es\\\/sobre-nosotros\\\/#breadcrumb\"},\"inLanguage\":\"es\",\"potentialAction\":[{\"@type\":\"ReadAction\",\"target\":[\"https:\\\/\\\/saharafamilytours.com\\\/es\\\/sobre-nosotros\\\/\"]}]},{\"@type\":\"ImageObject\",\"inLanguage\":\"es\",\"@id\":\"https:\\\/\\\/saharafamilytours.com\\\/es\\\/sobre-nosotros\\\/#primaryimage\",\"url\":\"https:\\\/\\\/saharafamilytours.com\\\/es\\\/wp-content\\\/uploads\\\/2024\\\/02\\\/Sobre-nosotros.jpg\",\"contentUrl\":\"https:\\\/\\\/saharafamilytours.com\\\/es\\\/wp-content\\\/uploads\\\/2024\\\/02\\\/Sobre-nosotros.jpg\",\"width\":1200,\"height\":900,\"caption\":\"Sobre nosotros\"},{\"@type\":\"BreadcrumbList\",\"@id\":\"https:\\\/\\\/saharafamilytours.com\\\/es\\\/sobre-nosotros\\\/#breadcrumb\",\"itemListElement\":[{\"@type\":\"ListItem\",\"position\":1,\"name\":\"Home\",\"item\":\"https:\\\/\\\/saharafamilytours.com\\\/es\\\/\"},{\"@type\":\"ListItem\",\"position\":2,\"name\":\"Sobre nosotros\"}]},{\"@type\":\"WebSite\",\"@id\":\"https:\\\/\\\/saharafamilytours.com\\\/es\\\/#website\",\"url\":\"https:\\\/\\\/saharafamilytours.com\\\/es\\\/\",\"name\":\"Sahara Family Tours\",\"description\":\"Viajes Familiares con Ni\u00f1os en Marruecos\",\"potentialAction\":[{\"@type\":\"SearchAction\",\"target\":{\"@type\":\"EntryPoint\",\"urlTemplate\":\"https:\\\/\\\/saharafamilytours.com\\\/es\\\/?s={search_term_string}\"},\"query-input\":{\"@type\":\"PropertyValueSpecification\",\"valueRequired\":true,\"valueName\":\"search_term_string\"}}],\"inLanguage\":\"es\"}]}<\/script>\n<!-- \/ Yoast SEO plugin. -->","yoast_head_json":{"title":"Sobre nosotros - Sahara Family Tours","description":"Sahara Family Tours creemos que viajar debe ser una experiencia personal, c\u00f3moda e inolvidable. Nuestro equipo est\u00e1 comprometido","robots":{"index":"index","follow":"follow","max-snippet":"max-snippet:-1","max-image-preview":"max-image-preview:large","max-video-preview":"max-video-preview:-1"},"canonical":"https:\/\/saharafamilytours.com\/es\/sobre-nosotros\/","og_locale":"es_ES","og_type":"article","og_title":"Sobre nosotros - Sahara Family Tours","og_description":"Sahara Family Tours creemos que viajar debe ser una experiencia personal, c\u00f3moda e inolvidable. Nuestro equipo est\u00e1 comprometido","og_url":"https:\/\/saharafamilytours.com\/es\/sobre-nosotros\/","og_site_name":"Sahara Family Tours","article_modified_time":"2026-03-09T14:53:32+00:00","og_image":[{"width":1200,"height":900,"url":"https:\/\/saharafamilytours.com\/es\/wp-content\/uploads\/2024\/02\/Sobre-nosotros.jpg","type":"image\/jpeg"}],"twitter_card":"summary_large_image","twitter_misc":{"Tiempo de lectura":"2 minutos"},"schema":{"@context":"https:\/\/schema.org","@graph":[{"@type":"WebPage","@id":"https:\/\/saharafamilytours.com\/es\/sobre-nosotros\/","url":"https:\/\/saharafamilytours.com\/es\/sobre-nosotros\/","name":"Sobre nosotros - Sahara Family Tours","isPartOf":{"@id":"https:\/\/saharafamilytours.com\/es\/#website"},"primaryImageOfPage":{"@id":"https:\/\/saharafamilytours.com\/es\/sobre-nosotros\/#primaryimage"},"image":{"@id":"https:\/\/saharafamilytours.com\/es\/sobre-nosotros\/#primaryimage"},"thumbnailUrl":"https:\/\/saharafamilytours.com\/es\/wp-content\/uploads\/2024\/02\/Sobre-nosotros.jpg","datePublished":"2024-02-20T22:01:30+00:00","dateModified":"2026-03-09T14:53:32+00:00","description":"Sahara Family Tours creemos que viajar debe ser una experiencia personal, c\u00f3moda e inolvidable. Nuestro equipo est\u00e1 comprometido","breadcrumb":{"@id":"https:\/\/saharafamilytours.com\/es\/sobre-nosotros\/#breadcrumb"},"inLanguage":"es","potentialAction":[{"@type":"ReadAction","target":["https:\/\/saharafamilytours.com\/es\/sobre-nosotros\/"]}]},{"@type":"ImageObject","inLanguage":"es","@id":"https:\/\/saharafamilytours.com\/es\/sobre-nosotros\/#primaryimage","url":"https:\/\/saharafamilytours.com\/es\/wp-content\/uploads\/2024\/02\/Sobre-nosotros.jpg","contentUrl":"https:\/\/saharafamilytours.com\/es\/wp-content\/uploads\/2024\/02\/Sobre-nosotros.jpg","width":1200,"height":900,"caption":"Sobre nosotros"},{"@type":"BreadcrumbList","@id":"https:\/\/saharafamilytours.com\/es\/sobre-nosotros\/#breadcrumb","itemListElement":[{"@type":"ListItem","position":1,"name":"Home","item":"https:\/\/saharafamilytours.com\/es\/"},{"@type":"ListItem","position":2,"name":"Sobre nosotros"}]},{"@type":"WebSite","@id":"https:\/\/saharafamilytours.com\/es\/#website","url":"https:\/\/saharafamilytours.com\/es\/","name":"Sahara Family Tours","description":"Viajes Familiares con Ni\u00f1os en Marruecos","potentialAction":[{"@type":"SearchAction","target":{"@type":"EntryPoint","urlTemplate":"https:\/\/saharafamilytours.com\/es\/?s={search_term_string}"},"query-input":{"@type":"PropertyValueSpecification","valueRequired":true,"valueName":"search_term_string"}}],"inLanguage":"es"}]}},"jetpack_sharing_enabled":true,"_links":{"self":[{"href":"https:\/\/saharafamilytours.com\/es\/wp-json\/wp\/v2\/pages\/725","targetHints":{"allow":["GET"]}}],"collection":[{"href":"https:\/\/saharafamilytours.com\/es\/wp-json\/wp\/v2\/pages"}],"about":[{"href":"https:\/\/saharafamilytours.com\/es\/wp-json\/wp\/v2\/types\/page"}],"author":[{"embeddable":true,"href":"https:\/\/saharafamilytours.com\/es\/wp-json\/wp\/v2\/users\/1"}],"replies":[{"embeddable":true,"href":"https:\/\/saharafamilytours.com\/es\/wp-json\/wp\/v2\/comments?post=725"}],"version-history":[{"count":4,"href":"https:\/\/saharafamilytours.com\/es\/wp-json\/wp\/v2\/pages\/725\/revisions"}],"predecessor-version":[{"id":1019,"href":"https:\/\/saharafamilytours.com\/es\/wp-json\/wp\/v2\/pages\/725\/revisions\/1019"}],"wp:featuredmedia":[{"embeddable":true,"href":"https:\/\/saharafamilytours.com\/es\/wp-json\/wp\/v2\/media\/726"}],"wp:attachment":[{"href":"https:\/\/saharafamilytours.com\/es\/wp-json\/wp\/v2\/media?parent=725"}],"curies":[{"name":"wp","href":"https:\/\/api.w.org\/{rel}","templated":true}]}}