{"id":166,"date":"2016-10-05T02:12:01","date_gmt":"2016-10-05T02:12:01","guid":{"rendered":"http:\/\/travelwp.physcode.com\/?page_id=166"},"modified":"2026-03-13T12:29:40","modified_gmt":"2026-03-13T12:29:40","slug":"contactez-nous","status":"publish","type":"page","link":"https:\/\/saharafamilytours.com\/fr\/contactez-nous\/","title":{"rendered":"Contactez-nous"},"content":{"rendered":"<div class=\"wpb-content-wrapper\"><p>[vc_row el_class=&#8221;pages_content&#8221;][vc_column]<div class=\"pages_content\"><h4>Information pour contacte<\/h4><div class=\"contact_infor\"><ul><li><label><i class=\"fa fa-home\"><\/i>Compagnie<\/label><div class=\"des\">Sahara Family Tours <\/div><\/li><li><label><i class=\"fa fa-phone\"><\/i>T\u00e9l\u00e9phone<\/label><div class=\"des\">(+212) 617-407523<\/div><\/li><li><label><i class=\"fa fa-whatsapp\"><\/i>WhatsaApp<\/label><div class=\"des\">(+212) 617-407523<\/div><\/li><li><label><i class=\"fa fa-envelope\"><\/i>Email<\/label><div class=\"des\">Saharafamilytours@gmail.com<\/div><\/li><li><label><i class=\"fa fa-map-marker\"><\/i>Adresse<\/label><div class=\"des\">Rue Al-mansour Eddahbi, Ouarzazate 45000 Maroc<\/div><\/li><\/ul><\/div><\/div>[\/vc_column][\/vc_row][vc_row el_class=&#8221;pages_content&#8221;][vc_column][vc_column_text 1=&#8221;style=&#8220;color:&#8221; 2=&#8221;#000000;&#8220;&gt;&#8221; css=&#8221;&#8221;]<\/p>\n<h4 style=\"text-align: center;\"><strong>Demandez votre devis personnalis\u00e9 pour votre voyage au <span style=\"color: #000000;\"><a style=\"color: #000000;\" href=\"https:\/\/saharafamilytours.com\/fr\/\">Maroc<\/a><\/span><\/strong><\/h4>\n<p>Remplissez le formulaire ci-dessous pour recevoir un devis gratuit et sans engagement. Notre \u00e9quipe \u00e9labore une proposition enti\u00e8rement sur mesure, parfaitement adapt\u00e9e \u00e0 vos attentes.<\/p>\n<p>En effet, nous organisons des voyages 100 % personnalis\u00e9s ; ainsi, chaque d\u00e9tail est soigneusement ajust\u00e9 \u00e0 vos besoins : services, transport ainsi que toutes les prestations sur place. de plus, nous accordons une attention particuli\u00e8re \u00e0 la qualit\u00e9 afin de vous garantir une exp\u00e9rience authentique et confortable.<\/p>\n<p>Une fois votre demande re\u00e7ue, nous vous r\u00e9pondons par e-mail sous 24 \u00e0 48 heures avec une offre d\u00e9taill\u00e9e correspondant \u00e0 vos crit\u00e8res. Certes, le prix est un \u00e9l\u00e9ment important lors de la pr\u00e9paration de votre voyage au <span style=\"color: #000000;\"><a style=\"color: #000000;\" href=\"https:\/\/fr.wikipedia.org\/wiki\/Maroc\">Maroc<\/a><\/span> ; toutefois, la qualit\u00e9 des services fait toute la diff\u00e9rence.<\/p>\n<h4 style=\"text-align: left;\"><strong>Politique de r\u00e9servation<\/strong><\/h4>\n<ul>\n<li>Afin de confirmer votre circuit priv\u00e9 au Maroc, nous demandons un acompte de 30 %.<\/li>\n<li>Si vous payez via PayPal, nous appliquons des frais de 5 %.<\/li>\n<li>Si vous payez par carte bancaire, nous appliquons \u00e9galement des frais de 5 %.<\/li>\n<li>Si vous effectuez un virement bancaire, des frais de 14 % s\u2019appliquent.<\/li>\n<\/ul>\n<p>Vous pouvez r\u00e9gler le solde \u00e0 votre arriv\u00e9e au Maroc, en esp\u00e8ces (USD, euro ou MAD).<br \/>\nNous acceptons la plupart des principales cartes de cr\u00e9dit ; toutefois, nous appliquons des frais suppl\u00e9mentaires de 5 %.<br \/>\nNous n\u2019acceptons pas American Express.<\/p>\n<p><strong>Remarque :<\/strong> Merci de remplir tous les champs obligatoires du formulaire ; ainsi, nous pourrons traiter votre demande correctement et dans les meilleurs d\u00e9lais\n<div class=\"wpcf7 no-js\" id=\"wpcf7-f1057-o1\" lang=\"fr-FR\" dir=\"ltr\" data-wpcf7-id=\"1057\">\n<div class=\"screen-reader-response\"><p role=\"status\" aria-live=\"polite\" aria-atomic=\"true\"><\/p> <ul><\/ul><\/div>\n<form action=\"\/fr\/wp-json\/wp\/v2\/pages\/166#wpcf7-f1057-o1\" method=\"post\" class=\"wpcf7-form init\" aria-label=\"Formulaire de contact\" novalidate=\"novalidate\" data-status=\"init\">\n<fieldset class=\"hidden-fields-container\"><input type=\"hidden\" name=\"_wpcf7\" value=\"1057\" \/><input type=\"hidden\" name=\"_wpcf7_version\" value=\"6.1.5\" \/><input type=\"hidden\" name=\"_wpcf7_locale\" value=\"fr_FR\" \/><input type=\"hidden\" name=\"_wpcf7_unit_tag\" value=\"wpcf7-f1057-o1\" \/><input type=\"hidden\" name=\"_wpcf7_container_post\" value=\"0\" \/><input type=\"hidden\" name=\"_wpcf7_posted_data_hash\" value=\"\" \/>\n<\/fieldset>\n<div class=\"form-contact\">\n\t<div class=\"row-1x\">\n\t\t<div class=\"col-sm-6\">\n\t\t\t<p><span class=\"wpcf7-form-control-wrap\" data-name=\"your-name\"><input size=\"40\" maxlength=\"400\" class=\"wpcf7-form-control wpcf7-text wpcf7-validates-as-required\" aria-required=\"true\" aria-invalid=\"false\" placeholder=\"Nom et pr\u00e9nom\" value=\"\" type=\"text\" name=\"your-name\" \/><\/span>\n\t\t\t<\/p>\n\t\t<\/div>\n\t\t<div class=\"col-sm-6\">\n\t\t\t<p><span class=\"wpcf7-form-control-wrap\" data-name=\"your-email\"><input size=\"40\" maxlength=\"400\" class=\"wpcf7-form-control wpcf7-email wpcf7-validates-as-required wpcf7-text wpcf7-validates-as-email\" aria-required=\"true\" aria-invalid=\"false\" placeholder=\"Email\" value=\"\" type=\"email\" name=\"your-email\" \/><\/span>\n\t\t\t<\/p>\n\t\t<\/div>\n\t<\/div>\n\t<div class=\"row-1x\">\n\t\t<div class=\"col-sm-6\">\n\t\t\t<p><span class=\"wpcf7-form-control-wrap\" data-name=\"text-232\"><input size=\"40\" maxlength=\"400\" class=\"wpcf7-form-control wpcf7-text wpcf7-validates-as-required\" aria-required=\"true\" aria-invalid=\"false\" placeholder=\"Num\u00e9ro de t\u00e9l\u00e9phone\" value=\"\" type=\"text\" name=\"text-232\" \/><\/span>\n\t\t\t<\/p>\n\t\t<\/div>\n\t\t<div class=\"col-sm-6\">\n\t\t\t<p><span class=\"wpcf7-form-control-wrap\" data-name=\"Pas\"><input size=\"40\" maxlength=\"400\" class=\"wpcf7-form-control wpcf7-text\" aria-invalid=\"false\" placeholder=\"Pays\" value=\"\" type=\"text\" name=\"Pas\" \/><\/span>\n\t\t\t<\/p>\n\t\t<\/div>\n\t<\/div>\n\t<div class=\"row-1x\">\n\t\t<div class=\"col-sm-6\">\n\t\t\t<p><span class=\"wpcf7-form-control-wrap\" data-name=\"text-629\"><input size=\"40\" maxlength=\"400\" class=\"wpcf7-form-control wpcf7-text wpcf7-validates-as-required\" aria-required=\"true\" aria-invalid=\"false\" placeholder=\"Nombe de personne\" value=\"\" type=\"text\" name=\"text-629\" \/><\/span>\n\t\t\t<\/p>\n\t\t<\/div>\n\t\t<div class=\"col-sm-6\">\n\t\t\t<p><span class=\"wpcf7-form-control-wrap\" data-name=\"text-494\"><input size=\"40\" maxlength=\"400\" class=\"wpcf7-form-control wpcf7-text wpcf7-validates-as-required\" aria-required=\"true\" aria-invalid=\"false\" placeholder=\"Nombre d&#039;enfants\" value=\"\" type=\"text\" name=\"text-494\" \/><\/span>\n\t\t\t<\/p>\n\t\t<\/div>\n\t<\/div>\n\t<div class=\"row-1x\">\n\t\t<div class=\"col-sm-6\">\n\t\t\t<p><span class=\"wpcf7-form-control-wrap\" data-name=\"text-293\"><input size=\"40\" maxlength=\"400\" class=\"wpcf7-form-control wpcf7-text wpcf7-validates-as-required\" aria-required=\"true\" aria-invalid=\"false\" placeholder=\"Date de le circuit\" value=\"\" type=\"text\" name=\"text-293\" \/><\/span>\n\t\t\t<\/p>\n\t\t<\/div>\n\t\t<div class=\"col-sm-6\">\n\t\t\t<p><span class=\"wpcf7-form-control-wrap\" data-name=\"text-95\"><input size=\"40\" maxlength=\"400\" class=\"wpcf7-form-control wpcf7-text wpcf7-validates-as-required\" aria-required=\"true\" aria-invalid=\"false\" placeholder=\"Merci de nous indiquer le circuit qui vous int\u00e9resse\" value=\"\" type=\"text\" name=\"text-95\" \/><\/span>\n\t\t\t<\/p>\n\t\t<\/div>\n\t<\/div>\n\t<div class=\"row-1x\">\n\t\t<div class=\"form-contact\">\n\t\t\t<p><span class=\"wpcf7-form-control-wrap\" data-name=\"your-message\"><textarea cols=\"40\" rows=\"10\" maxlength=\"2000\" class=\"wpcf7-form-control wpcf7-textarea\" aria-invalid=\"false\" placeholder=\"Dites-nous tout ce dont vous avez besoin pour le circuit\nSi vous voyagez avec des enfants, nous vous prions de bien vouloir nous indiquer leur \u00e2ge\" name=\"your-message\"><\/textarea><\/span><br \/>\n<input class=\"wpcf7-form-control wpcf7-submit has-spinner\" type=\"submit\" value=\"Envoyer\" \/>\n\t\t\t<\/p>\n\t\t<\/div>\n\t<\/div>\n<\/div><div class=\"wpcf7-response-output\" aria-hidden=\"true\"><\/div>\n<\/form>\n<\/div>\n[\/vc_column_text][\/vc_column][\/vc_row]<\/p>\n<\/div>","protected":false},"excerpt":{"rendered":"<p>[vc_row el_class=&#8221;pages_content&#8221;][vc_column][\/vc_column][\/vc_row][vc_row el_class=&#8221;pages_content&#8221;][vc_column][vc_column_text 1=&#8221;style=&#8220;color:&#8221; 2=&#8221;#000000;&#8220;&gt;&#8221; css=&#8221;&#8221;]<br \/>\nDemandez votre devis personnalis\u00e9 pour votre voyage au Maroc<br \/>\nRemplissez le formulaire ci-dessous pour recevoir un devis gratuit et sans engagement. Notre \u00e9quipe \u00e9labore <\/p>\n","protected":false},"author":1,"featured_media":777,"parent":0,"menu_order":0,"comment_status":"closed","ping_status":"closed","template":"","meta":{"_joinchat":[],"footnotes":""},"class_list":["post-166","page","type-page","status-publish","has-post-thumbnail","hentry"],"yoast_head":"<!-- This site is optimized with the Yoast SEO Premium plugin v22.7 (Yoast SEO v27.5) - https:\/\/yoast.com\/product\/yoast-seo-premium-wordpress\/ -->\n<title>Contactez-nous - Sahara Family Tours<\/title>\n<meta name=\"description\" content=\"Contactez-nous votre devis gratuit et personnalis\u00e9 pour un voyage 100 % sur mesure au Maroc. R\u00e9ponse sous 24\u201348h avec une offre d\u00e9taill\u00e9e .\" \/>\n<meta name=\"robots\" content=\"index, follow, max-snippet:-1, max-image-preview:large, max-video-preview:-1\" \/>\n<link rel=\"canonical\" href=\"https:\/\/saharafamilytours.com\/fr\/contactez-nous\/\" \/>\n<meta property=\"og:locale\" content=\"fr_FR\" \/>\n<meta property=\"og:type\" content=\"article\" \/>\n<meta property=\"og:title\" content=\"Contactez-nous\" \/>\n<meta property=\"og:description\" content=\"Contactez-nous votre devis gratuit et personnalis\u00e9 pour un voyage 100 % sur mesure au Maroc. R\u00e9ponse sous 24\u201348h avec une offre d\u00e9taill\u00e9e .\" \/>\n<meta property=\"og:url\" content=\"https:\/\/saharafamilytours.com\/fr\/contactez-nous\/\" \/>\n<meta property=\"og:site_name\" content=\"Sahara Family Tours\" \/>\n<meta property=\"article:modified_time\" content=\"2026-03-13T12:29:40+00:00\" \/>\n<meta property=\"og:image\" content=\"https:\/\/saharafamilytours.com\/fr\/wp-content\/uploads\/2024\/03\/Contactez-nous-.jpg\" \/>\n\t<meta property=\"og:image:width\" content=\"1200\" \/>\n\t<meta property=\"og:image:height\" content=\"900\" \/>\n\t<meta property=\"og:image:type\" content=\"image\/jpeg\" \/>\n<meta name=\"twitter:card\" content=\"summary_large_image\" \/>\n<meta name=\"twitter:label1\" content=\"Dur\u00e9e de lecture estim\u00e9e\" \/>\n\t<meta name=\"twitter:data1\" content=\"2 minutes\" \/>\n<script type=\"application\/ld+json\" class=\"yoast-schema-graph\">{\"@context\":\"https:\\\/\\\/schema.org\",\"@graph\":[{\"@type\":\"WebPage\",\"@id\":\"https:\\\/\\\/saharafamilytours.com\\\/fr\\\/contactez-nous\\\/\",\"url\":\"https:\\\/\\\/saharafamilytours.com\\\/fr\\\/contactez-nous\\\/\",\"name\":\"Contactez-nous - Sahara Family Tours\",\"isPartOf\":{\"@id\":\"https:\\\/\\\/saharafamilytours.com\\\/fr\\\/#website\"},\"primaryImageOfPage\":{\"@id\":\"https:\\\/\\\/saharafamilytours.com\\\/fr\\\/contactez-nous\\\/#primaryimage\"},\"image\":{\"@id\":\"https:\\\/\\\/saharafamilytours.com\\\/fr\\\/contactez-nous\\\/#primaryimage\"},\"thumbnailUrl\":\"https:\\\/\\\/saharafamilytours.com\\\/fr\\\/wp-content\\\/uploads\\\/2024\\\/03\\\/Contactez-nous-.jpg\",\"datePublished\":\"2016-10-05T02:12:01+00:00\",\"dateModified\":\"2026-03-13T12:29:40+00:00\",\"description\":\"Contactez-nous votre devis gratuit et personnalis\u00e9 pour un voyage 100 % sur mesure au Maroc. R\u00e9ponse sous 24\u201348h avec une offre d\u00e9taill\u00e9e .\",\"breadcrumb\":{\"@id\":\"https:\\\/\\\/saharafamilytours.com\\\/fr\\\/contactez-nous\\\/#breadcrumb\"},\"inLanguage\":\"fr-FR\",\"potentialAction\":[{\"@type\":\"ReadAction\",\"target\":[\"https:\\\/\\\/saharafamilytours.com\\\/fr\\\/contactez-nous\\\/\"]}]},{\"@type\":\"ImageObject\",\"inLanguage\":\"fr-FR\",\"@id\":\"https:\\\/\\\/saharafamilytours.com\\\/fr\\\/contactez-nous\\\/#primaryimage\",\"url\":\"https:\\\/\\\/saharafamilytours.com\\\/fr\\\/wp-content\\\/uploads\\\/2024\\\/03\\\/Contactez-nous-.jpg\",\"contentUrl\":\"https:\\\/\\\/saharafamilytours.com\\\/fr\\\/wp-content\\\/uploads\\\/2024\\\/03\\\/Contactez-nous-.jpg\",\"width\":1200,\"height\":900,\"caption\":\"Contactez-nous\"},{\"@type\":\"BreadcrumbList\",\"@id\":\"https:\\\/\\\/saharafamilytours.com\\\/fr\\\/contactez-nous\\\/#breadcrumb\",\"itemListElement\":[{\"@type\":\"ListItem\",\"position\":1,\"name\":\"Home\",\"item\":\"https:\\\/\\\/saharafamilytours.com\\\/fr\\\/\"},{\"@type\":\"ListItem\",\"position\":2,\"name\":\"Contactez-nous\"}]},{\"@type\":\"WebSite\",\"@id\":\"https:\\\/\\\/saharafamilytours.com\\\/fr\\\/#website\",\"url\":\"https:\\\/\\\/saharafamilytours.com\\\/fr\\\/\",\"name\":\"Sahara Family Tours\",\"description\":\"Voyages en famille au Maroc | Circuits avec des enfants\",\"potentialAction\":[{\"@type\":\"SearchAction\",\"target\":{\"@type\":\"EntryPoint\",\"urlTemplate\":\"https:\\\/\\\/saharafamilytours.com\\\/fr\\\/?s={search_term_string}\"},\"query-input\":{\"@type\":\"PropertyValueSpecification\",\"valueRequired\":true,\"valueName\":\"search_term_string\"}}],\"inLanguage\":\"fr-FR\"}]}<\/script>\n<!-- \/ Yoast SEO Premium plugin. -->","yoast_head_json":{"title":"Contactez-nous - Sahara Family Tours","description":"Contactez-nous votre devis gratuit et personnalis\u00e9 pour un voyage 100 % sur mesure au Maroc. R\u00e9ponse sous 24\u201348h avec une offre d\u00e9taill\u00e9e .","robots":{"index":"index","follow":"follow","max-snippet":"max-snippet:-1","max-image-preview":"max-image-preview:large","max-video-preview":"max-video-preview:-1"},"canonical":"https:\/\/saharafamilytours.com\/fr\/contactez-nous\/","og_locale":"fr_FR","og_type":"article","og_title":"Contactez-nous","og_description":"Contactez-nous votre devis gratuit et personnalis\u00e9 pour un voyage 100 % sur mesure au Maroc. R\u00e9ponse sous 24\u201348h avec une offre d\u00e9taill\u00e9e .","og_url":"https:\/\/saharafamilytours.com\/fr\/contactez-nous\/","og_site_name":"Sahara Family Tours","article_modified_time":"2026-03-13T12:29:40+00:00","og_image":[{"width":1200,"height":900,"url":"https:\/\/saharafamilytours.com\/fr\/wp-content\/uploads\/2024\/03\/Contactez-nous-.jpg","type":"image\/jpeg"}],"twitter_card":"summary_large_image","twitter_misc":{"Dur\u00e9e de lecture estim\u00e9e":"2 minutes"},"schema":{"@context":"https:\/\/schema.org","@graph":[{"@type":"WebPage","@id":"https:\/\/saharafamilytours.com\/fr\/contactez-nous\/","url":"https:\/\/saharafamilytours.com\/fr\/contactez-nous\/","name":"Contactez-nous - Sahara Family Tours","isPartOf":{"@id":"https:\/\/saharafamilytours.com\/fr\/#website"},"primaryImageOfPage":{"@id":"https:\/\/saharafamilytours.com\/fr\/contactez-nous\/#primaryimage"},"image":{"@id":"https:\/\/saharafamilytours.com\/fr\/contactez-nous\/#primaryimage"},"thumbnailUrl":"https:\/\/saharafamilytours.com\/fr\/wp-content\/uploads\/2024\/03\/Contactez-nous-.jpg","datePublished":"2016-10-05T02:12:01+00:00","dateModified":"2026-03-13T12:29:40+00:00","description":"Contactez-nous votre devis gratuit et personnalis\u00e9 pour un voyage 100 % sur mesure au Maroc. R\u00e9ponse sous 24\u201348h avec une offre d\u00e9taill\u00e9e .","breadcrumb":{"@id":"https:\/\/saharafamilytours.com\/fr\/contactez-nous\/#breadcrumb"},"inLanguage":"fr-FR","potentialAction":[{"@type":"ReadAction","target":["https:\/\/saharafamilytours.com\/fr\/contactez-nous\/"]}]},{"@type":"ImageObject","inLanguage":"fr-FR","@id":"https:\/\/saharafamilytours.com\/fr\/contactez-nous\/#primaryimage","url":"https:\/\/saharafamilytours.com\/fr\/wp-content\/uploads\/2024\/03\/Contactez-nous-.jpg","contentUrl":"https:\/\/saharafamilytours.com\/fr\/wp-content\/uploads\/2024\/03\/Contactez-nous-.jpg","width":1200,"height":900,"caption":"Contactez-nous"},{"@type":"BreadcrumbList","@id":"https:\/\/saharafamilytours.com\/fr\/contactez-nous\/#breadcrumb","itemListElement":[{"@type":"ListItem","position":1,"name":"Home","item":"https:\/\/saharafamilytours.com\/fr\/"},{"@type":"ListItem","position":2,"name":"Contactez-nous"}]},{"@type":"WebSite","@id":"https:\/\/saharafamilytours.com\/fr\/#website","url":"https:\/\/saharafamilytours.com\/fr\/","name":"Sahara Family Tours","description":"Voyages en famille au Maroc | Circuits avec des enfants","potentialAction":[{"@type":"SearchAction","target":{"@type":"EntryPoint","urlTemplate":"https:\/\/saharafamilytours.com\/fr\/?s={search_term_string}"},"query-input":{"@type":"PropertyValueSpecification","valueRequired":true,"valueName":"search_term_string"}}],"inLanguage":"fr-FR"}]}},"jetpack_sharing_enabled":true,"_links":{"self":[{"href":"https:\/\/saharafamilytours.com\/fr\/wp-json\/wp\/v2\/pages\/166","targetHints":{"allow":["GET"]}}],"collection":[{"href":"https:\/\/saharafamilytours.com\/fr\/wp-json\/wp\/v2\/pages"}],"about":[{"href":"https:\/\/saharafamilytours.com\/fr\/wp-json\/wp\/v2\/types\/page"}],"author":[{"embeddable":true,"href":"https:\/\/saharafamilytours.com\/fr\/wp-json\/wp\/v2\/users\/1"}],"replies":[{"embeddable":true,"href":"https:\/\/saharafamilytours.com\/fr\/wp-json\/wp\/v2\/comments?post=166"}],"version-history":[{"count":11,"href":"https:\/\/saharafamilytours.com\/fr\/wp-json\/wp\/v2\/pages\/166\/revisions"}],"predecessor-version":[{"id":1079,"href":"https:\/\/saharafamilytours.com\/fr\/wp-json\/wp\/v2\/pages\/166\/revisions\/1079"}],"wp:featuredmedia":[{"embeddable":true,"href":"https:\/\/saharafamilytours.com\/fr\/wp-json\/wp\/v2\/media\/777"}],"wp:attachment":[{"href":"https:\/\/saharafamilytours.com\/fr\/wp-json\/wp\/v2\/media?parent=166"}],"curies":[{"name":"wp","href":"https:\/\/api.w.org\/{rel}","templated":true}]}}