{"id":438,"date":"2017-02-02T10:43:20","date_gmt":"2017-02-02T10:43:20","guid":{"rendered":"http:\/\/travelwp.physcode.com\/?page_id=438"},"modified":"2026-02-27T13:04:31","modified_gmt":"2026-02-27T13:04:31","slug":"voyages-en-famille-au-maroc-circuits-avec-des-enfants","status":"publish","type":"page","link":"https:\/\/saharafamilytours.com\/fr\/","title":{"rendered":"Voyages en famille au Maroc | Circuits avec des enfants"},"content":{"rendered":"<div class=\"wpb-content-wrapper\"><p>[vc_row full_width=&#8221;stretch_row&#8221; full_height=&#8221;yes&#8221; content_placement=&#8221;middle&#8221; parallax=&#8221;content-moving&#8221; parallax_image=&#8221;889&#8243; parallax_speed_bg=&#8221;1&#8243; css=&#8221;.vc_custom_1721980586343{padding-top: 30px !important;background-color: #f2f2f2 !important;}&#8221;][vc_column][vc_custom_heading text=&#8221;<b>Bienvenue<br \/>\nChez<br \/>\nSahara Family Tours<\/b>&#8221; font_container=&#8221;tag:h4|font_size:35|text_align:center|color:%23ffffff&#8221; use_theme_fonts=&#8221;yes&#8221; css=&#8221;&#8221;][vc_custom_heading text=&#8221;Maroc avec des Enfants des Plans Familiaux Excitanants&#8221; font_container=&#8221;tag:p|font_size:20|text_align:center|color:%23ffffff&#8221; use_theme_fonts=&#8221;yes&#8221; css=&#8221;&#8221;][vc_custom_heading text=&#8221;Circuits priv\u00e9s avec des experts locaux Exp\u00e9riences authentiques et inoubliables&#8221; font_container=&#8221;tag:p|font_size:20|text_align:center|color:%23ffffff&#8221; use_theme_fonts=&#8221;yes&#8221; css=&#8221;&#8221;][\/vc_column][\/vc_row][vc_row full_width=&#8221;stretch_row&#8221; css=&#8221;.vc_custom_1491036287888{padding-top: 30px !important;background-color: #f2f2f2 !important;}&#8221;][vc_column]<div class=\"shortcode_title shortcode-title-style_2\"><h2 class=\"title_primary\"><b>Disponible en<\/b><\/h2><\/div>[vc_btn title=&#8221;<b>L&#8217;ANGLAIS<\/b>&#8221; style=&#8221;3d&#8221; shape=&#8221;round&#8221; color=&#8221;sky&#8221; size=&#8221;lg&#8221; align=&#8221;center&#8221; i_icon_fontawesome=&#8221;fas fa-home&#8221; css=&#8221;&#8221; add_icon=&#8221;true&#8221; link=&#8221;url:https%3A%2F%2Fsaharafamilytours.com%2F|title:Family%20tours%20in%20Morocco%20%7C%20%20Tours%20with%20children|rel:nofollow&#8221;][vc_btn title=&#8221;<b>ESPAGNOL<\/b>&#8221; style=&#8221;3d&#8221; shape=&#8221;round&#8221; color=&#8221;sky&#8221; size=&#8221;lg&#8221; align=&#8221;center&#8221; i_icon_fontawesome=&#8221;fas fa-home&#8221; css=&#8221;&#8221; add_icon=&#8221;true&#8221; link=&#8221;url:https%3A%2F%2Fsaharafamilytours.com%2Fes%2F|title:Viajes%20familiares%20con%20ni%C3%B1os%20en%20Marruecos|rel:nofollow&#8221;][vc_btn title=&#8221;<b>ITALIEN<\/b>&#8221; style=&#8221;3d&#8221; shape=&#8221;round&#8221; color=&#8221;sky&#8221; size=&#8221;lg&#8221; align=&#8221;center&#8221; i_icon_fontawesome=&#8221;fas fa-home&#8221; css=&#8221;&#8221; add_icon=&#8221;true&#8221; link=&#8221;url:https%3A%2F%2Fsaharafamilytours.com%2Fit%2F|title:Viaggi%20di%20Famiglia%20in%20Marocco%20%7C%20Tour%20con%20Bambini|rel:nofollow&#8221;][vc_btn title=&#8221;<b>PORTUGAIS<\/b>&#8221; style=&#8221;3d&#8221; shape=&#8221;round&#8221; color=&#8221;sky&#8221; size=&#8221;lg&#8221; align=&#8221;center&#8221; i_icon_fontawesome=&#8221;fas fa-home&#8221; css=&#8221;&#8221; add_icon=&#8221;true&#8221; link=&#8221;url:https%3A%2F%2Fsaharafamilytours.com%2Fpt%2F|title:Viagens%20em%20Marrocos%20para%20fam%C3%ADlias%20com%20crian%C3%A7as|rel:nofollow&#8221;]<div class=\"shortcode_title shortcode-title-style_2\" style=\"color:#000000\"><h3 class=\"title_primary\">\u00c0 propos de Sahara Family Tours<\/h3><div class=\"title_subtitle\">Voyages sur mesure au Maroc pour les couples, les familles ou les groupes d\u2019amis, afin de vivre une exp\u00e9rience compl\u00e8te alliant culture, paysages spectaculaires, histoire, aventure et d\u00e9tente.<\/div><\/div>[vc_column_text css=&#8221;&#8221;]<\/p>\n<h4 style=\"text-align: center;\"><strong>Les Meilleurs Circuits en Famille au Maroc avec des Enfants<\/strong><\/h4>\n<p>Voyager en famille est une exp\u00e9rience unique qui renforce les liens et cr\u00e9e des souvenirs inoubliables. Le Maroc est une destination id\u00e9ale \u00e0 d\u00e9couvrir avec des enfants, gr\u00e2ce \u00e0 sa richesse culturelle, la diversit\u00e9 de ses paysages et l\u2019hospitalit\u00e9 chaleureuse de ses habitants.<\/p>\n<h4 style=\"text-align: center;\"><strong>Circuits Familiaux Sur Mesure au Maroc<\/strong><\/h4>\n<p>Chez Sahara Family Tours, nous concevons des itin\u00e9raires sp\u00e9cialement pens\u00e9s pour les familles voyageant avec des enfants, en combinant confort, s\u00e9curit\u00e9 et divertissement. Nous proposons des voyages adapt\u00e9s \u00e0 tous les \u00e2ges, \u00e0 des prix abordables avec des r\u00e9ductions sp\u00e9ciales. Voyager avec des enfants ne signifie pas seulement se d\u00e9tendre, mais aussi apprendre : d\u00e9couvrir de nouvelles cultures et go\u00fbter \u00e0 des saveurs diff\u00e9rentes contribue de mani\u00e8re significative \u00e0 leur d\u00e9veloppement.<\/p>\n<h4 style=\"text-align: center;\"><strong>Vous Souhaitez Voyager au Maroc avec Vos Enfants ?<\/strong><\/h4>\n<p>Nous vous accompagnons dans l\u2019organisation d\u2019un voyage inoubliable. Les enfants appr\u00e9cient particuli\u00e8rement les couleurs, les paysages et l\u2019ambiance joyeuse du Maroc. La cuisine est adapt\u00e9e \u00e0 leurs go\u00fbts, vous n\u2019avez donc aucune inqui\u00e9tude \u00e0 avoir. De plus, nous proposons des activit\u00e9s ludiques et \u00e9ducatives : explorer le d\u00e9sert, courir sur les dunes ou faire une balade \u00e0 dos de chameau sont des moments que vos enfants ch\u00e9riront pour toujours.<\/p>\n<h4 style=\"text-align: center;\"><strong>Circuits au Maroc pour les Familles avec Enfants<\/strong><\/h4>\n<p>Nos circuits s\u00e9lectionnent avec soin les destinations et les activit\u00e9s afin que chaque membre de la famille vive une exp\u00e9rience unique. Les enfants peuvent participer \u00e0 des programmes sp\u00e9ciaux et b\u00e9n\u00e9ficier de r\u00e9ductions importantes. L\u2019objectif est de s\u2019amuser, de d\u00e9couvrir de nouvelles cultures et de se connecter \u00e0 la nature dans un environnement s\u00e9curis\u00e9.<\/p>\n<p>Sahara Family Tours vous offre les meilleures options pour d\u00e9couvrir le Maroc en famille. Demandez votre voyage et laissez-nous nous occuper du reste.[\/vc_column_text][\/vc_column][\/vc_row][vc_row full_width=&#8221;stretch_row&#8221; css=&#8221;.vc_custom_1491036287888{padding-top: 30px !important;background-color: #f2f2f2 !important;}&#8221;][vc_column]<div class=\"shortcode_title shortcode-title-style_1\"><h3 class=\"title_primary\">POURQUOI NOUS CHOISIR?<\/h3><span class=\"line_after_title\"><\/span><\/div>[vc_row_inner][vc_column_inner width=&#8221;1\/4&#8243;]<div class=\"widget-icon-box widget-icon-box-base iconbox-center\"><div class=\"boxes-icon circle\" style=\"font-size:30px;width:80px; height:80px;line-height:80px\"><span class=\"inner-icon\"><i class=\"vc_icon_element-icon flaticon-airplane-2\"><\/i><\/span><\/div><div class=\"content-inner\" ><div class=\"sc-heading article_heading\"><h4 style=\"color:#000000\" class=\"heading__primary\">Voyage passionn\u00e9<\/h4><\/div><div class=\"desc-icon-box\" ><div>Service client personnalis\u00e9 dans toutes les langues. Nous r\u00e9pondons \u00e0 toutes vos questions et vous accompagnons dans l\u2019organisation de vos circuits et excursions au Maroc.<\/div><\/div><\/div><\/div>[\/vc_column_inner][vc_column_inner width=&#8221;1\/4&#8243;]<div class=\"widget-icon-box widget-icon-box-base iconbox-center\"><div class=\"boxes-icon \" style=\"font-size:30px;width:80px; height:80px;line-height:80px\"><span class=\"inner-icon\"><i class=\"vc_icon_element-icon flaticon-money\"><\/i><\/span><\/div><div class=\"content-inner\" ><div class=\"sc-heading article_heading\"><h4 style=\"color:#000000\" class=\"heading__primary\">Le rapport qualit\u00e9 prix<\/h4><\/div><div class=\"desc-icon-box\" ><div>D\u00e9couvrez le Maroc d\u2019une mani\u00e8re alternative et merveilleuse, au meilleur prix du march\u00e9, et demandez votre devis pour un voyage au Maroc sans aucun engagement.<\/div><\/div><\/div><\/div>[\/vc_column_inner][vc_column_inner width=&#8221;1\/4&#8243;]<div class=\"widget-icon-box widget-icon-box-base iconbox-center\"><div class=\"boxes-icon \" style=\"font-size:30px;width:80px; height:80px;line-height:80px\"><span class=\"inner-icon\"><i class=\"vc_icon_element-icon flaticon-transport-3\"><\/i><\/span><\/div><div class=\"content-inner\" ><div class=\"sc-heading article_heading\"><h4 style=\"color:#000000\" class=\"heading__primary\">Beaux endroits<\/h4><\/div><div class=\"desc-icon-box\" ><div>Si vous souhaitez d\u00e9couvrir le Maroc autrement, rendez-vous dans sa plus belle ville. de nombreuses destinations vous offriront une exp\u00e9rience vraiment inoubliable riche et authentique.<\/div><\/div><\/div><\/div>[\/vc_column_inner][vc_column_inner width=&#8221;1\/4&#8243;]<div class=\"widget-icon-box widget-icon-box-base iconbox-center\"><div class=\"boxes-icon \" style=\"font-size:39px;width:80px; height:80px;line-height:80px\"><span class=\"inner-icon\"><i class=\"vc_icon_element-icon flaticon-island\"><\/i><\/span><\/div><div class=\"content-inner\" ><div class=\"sc-heading article_heading\"><h4 style=\"color:#000000\" class=\"heading__primary\">Diff\u00e9rentes destinations<\/h4><\/div><div class=\"desc-icon-box\" ><div>Nous proposons une vari\u00e9t\u00e9 de circuits et d&#8217;activit\u00e9s dans diff\u00e9rentes r\u00e9gions du Maroc, adapt\u00e9s \u00e0 vos go\u00fbts et \u00e0 vos besoins sp\u00e9cifiques et personnels uniques.<\/div><\/div><\/div><\/div>[\/vc_column_inner][\/vc_row_inner][vc_row_inner][vc_column_inner][vc_column_text css=&#8221;&#8221;]<\/p>\n<h4 style=\"text-align: center;\"><strong>Voyages Priv\u00e9s au Maroc \u2013 Une Exp\u00e9rience Authentique et Sur Mesure<\/strong><\/h4>\n<p>Choisir un circuit priv\u00e9 au Maroc signifie opter pour une fa\u00e7on de voyager libre, personnalis\u00e9e et profond\u00e9ment humaine. Chaque itin\u00e9raire est soigneusement \u00e9labor\u00e9 selon vos envies, votre rythme et vos centres d\u2019int\u00e9r\u00eat, vous permettant de profiter d\u2019une d\u00e9couverte authentique du pays, loin des circuits standardis\u00e9s.<\/p>\n<p>Des villes imp\u00e9riales aux villages berb\u00e8res des montagnes de l\u2019Atlas, des dunes du Sahara \u00e0 la c\u00f4te Atlantique, nos circuits priv\u00e9s vous offrent la libert\u00e9 d\u2019explorer le Maroc \u00e0 votre mani\u00e8re, accompagn\u00e9 d\u2019un chauffeur-guide professionnel, attentif \u00e0 votre confort et \u00e0 votre s\u00e9curit\u00e9.<\/p>\n<p>Vous b\u00e9n\u00e9ficierez d\u2019h\u00e9bergements soigneusement s\u00e9lectionn\u00e9s, d\u2019exp\u00e9riences locales authentiques et d\u2019une organisation flexible, avec un soutien sp\u00e9cialis\u00e9 \u00e0 chaque \u00e9tape de votre voyage. Que vous voyagiez en couple, en famille ou entre amis, un circuit priv\u00e9 garantit intimit\u00e9, tranquillit\u00e9 et une immersion totale dans la culture marocaine.<\/p>\n<p>Voyager en circuit priv\u00e9 au Maroc, c\u2019est vivre une exp\u00e9rience unique, cr\u00e9\u00e9e sp\u00e9cialement pour vous, et construire des souvenirs inoubliables au c\u0153ur d\u2019un pays aux multiples facettes.<\/p>\n<p><strong>Note :<\/strong> Sahara Family Tours propose des voyages sur mesure ainsi que des d\u00e9parts pour tous types de circuits au Maroc. Vous pouvez \u00e9galement nous soumettre votre propre proposition, et nous serons ravis de vous aider \u00e0 organiser votre voyage au Maroc au d\u00e9part de Marrakech, Ouarzazate, Casablanca, F\u00e8s, Tanger et d\u2019autres destinations. C\u2019est votre voyage, vous vivrez votre propre aventure. Nous proposons des circuits de 1, 2, 3, 4, 5, 6, 7, 8, 9, 10, 15 jusqu\u2019\u00e0 30 jours \u00e0 travers tout le Maroc.<\/p>\n<p>Pour plus d\u2019informations sur nos tours ou excursions au Maroc, n\u2019h\u00e9sitez pas \u00e0 nous contacter par email ou WhatsApp.<\/p>\n<p>Le prix du circuit d\u00e9pend du nombre de voyageurs, de la date du voyage et de la dur\u00e9e du circuit.[\/vc_column_text][\/vc_column_inner][\/vc_row_inner][\/vc_column][\/vc_row][vc_row full_width=&#8221;stretch_row&#8221; css=&#8221;.vc_custom_1705406248634{padding-top: 30px !important;background-color: #7a7a7a !important;}&#8221;][vc_column]<div class=\"shortcode_title shortcode-title-style_2\" style=\"color:#ffffff\"><h3 class=\"title_primary\">R\u00c9SERVEZ ET CONTACTEZ-NOUS<\/h3><div class=\"title_subtitle\">Remarque: Il est indispensable de compl\u00e9ter toutes les donn\u00e9es dans les champs obligatoires demand\u00e9s dans ce formulaire<\/div><\/div>\n<div class=\"wpcf7 no-js\" id=\"wpcf7-f1057-o1\" lang=\"fr-FR\" dir=\"ltr\" data-wpcf7-id=\"1057\">\n<div class=\"screen-reader-response\"><p role=\"status\" aria-live=\"polite\" aria-atomic=\"true\"><\/p> <ul><\/ul><\/div>\n<form action=\"\/fr\/wp-json\/wp\/v2\/pages\/438#wpcf7-f1057-o1\" method=\"post\" class=\"wpcf7-form init\" aria-label=\"Formulaire de contact\" novalidate=\"novalidate\" data-status=\"init\">\n<fieldset class=\"hidden-fields-container\"><input type=\"hidden\" name=\"_wpcf7\" value=\"1057\" \/><input type=\"hidden\" name=\"_wpcf7_version\" value=\"6.1.5\" \/><input type=\"hidden\" name=\"_wpcf7_locale\" value=\"fr_FR\" \/><input type=\"hidden\" name=\"_wpcf7_unit_tag\" value=\"wpcf7-f1057-o1\" \/><input type=\"hidden\" name=\"_wpcf7_container_post\" value=\"0\" \/><input type=\"hidden\" name=\"_wpcf7_posted_data_hash\" value=\"\" \/>\n<\/fieldset>\n<div class=\"form-contact\">\n\t<div class=\"row-1x\">\n\t\t<div class=\"col-sm-6\">\n\t\t\t<p><span class=\"wpcf7-form-control-wrap\" data-name=\"your-name\"><input size=\"40\" maxlength=\"400\" class=\"wpcf7-form-control wpcf7-text wpcf7-validates-as-required\" aria-required=\"true\" aria-invalid=\"false\" placeholder=\"Nom et pr\u00e9nom\" value=\"\" type=\"text\" name=\"your-name\" \/><\/span>\n\t\t\t<\/p>\n\t\t<\/div>\n\t\t<div class=\"col-sm-6\">\n\t\t\t<p><span class=\"wpcf7-form-control-wrap\" data-name=\"your-email\"><input size=\"40\" maxlength=\"400\" class=\"wpcf7-form-control wpcf7-email wpcf7-validates-as-required wpcf7-text wpcf7-validates-as-email\" aria-required=\"true\" aria-invalid=\"false\" placeholder=\"Email\" value=\"\" type=\"email\" name=\"your-email\" \/><\/span>\n\t\t\t<\/p>\n\t\t<\/div>\n\t<\/div>\n\t<div class=\"row-1x\">\n\t\t<div class=\"col-sm-6\">\n\t\t\t<p><span class=\"wpcf7-form-control-wrap\" data-name=\"text-232\"><input size=\"40\" maxlength=\"400\" class=\"wpcf7-form-control wpcf7-text wpcf7-validates-as-required\" aria-required=\"true\" aria-invalid=\"false\" placeholder=\"Num\u00e9ro de t\u00e9l\u00e9phone\" value=\"\" type=\"text\" name=\"text-232\" \/><\/span>\n\t\t\t<\/p>\n\t\t<\/div>\n\t\t<div class=\"col-sm-6\">\n\t\t\t<p><span class=\"wpcf7-form-control-wrap\" data-name=\"Pas\"><input size=\"40\" maxlength=\"400\" class=\"wpcf7-form-control wpcf7-text\" aria-invalid=\"false\" placeholder=\"Pays\" value=\"\" type=\"text\" name=\"Pas\" \/><\/span>\n\t\t\t<\/p>\n\t\t<\/div>\n\t<\/div>\n\t<div class=\"row-1x\">\n\t\t<div class=\"col-sm-6\">\n\t\t\t<p><span class=\"wpcf7-form-control-wrap\" data-name=\"text-629\"><input size=\"40\" maxlength=\"400\" class=\"wpcf7-form-control wpcf7-text wpcf7-validates-as-required\" aria-required=\"true\" aria-invalid=\"false\" placeholder=\"Nombe de personne\" value=\"\" type=\"text\" name=\"text-629\" \/><\/span>\n\t\t\t<\/p>\n\t\t<\/div>\n\t\t<div class=\"col-sm-6\">\n\t\t\t<p><span class=\"wpcf7-form-control-wrap\" data-name=\"text-494\"><input size=\"40\" maxlength=\"400\" class=\"wpcf7-form-control wpcf7-text wpcf7-validates-as-required\" aria-required=\"true\" aria-invalid=\"false\" placeholder=\"Nombre d&#039;enfants\" value=\"\" type=\"text\" name=\"text-494\" \/><\/span>\n\t\t\t<\/p>\n\t\t<\/div>\n\t<\/div>\n\t<div class=\"row-1x\">\n\t\t<div class=\"col-sm-6\">\n\t\t\t<p><span class=\"wpcf7-form-control-wrap\" data-name=\"text-293\"><input size=\"40\" maxlength=\"400\" class=\"wpcf7-form-control wpcf7-text wpcf7-validates-as-required\" aria-required=\"true\" aria-invalid=\"false\" placeholder=\"Date de le circuit\" value=\"\" type=\"text\" name=\"text-293\" \/><\/span>\n\t\t\t<\/p>\n\t\t<\/div>\n\t\t<div class=\"col-sm-6\">\n\t\t\t<p><span class=\"wpcf7-form-control-wrap\" data-name=\"text-95\"><input size=\"40\" maxlength=\"400\" class=\"wpcf7-form-control wpcf7-text wpcf7-validates-as-required\" aria-required=\"true\" aria-invalid=\"false\" placeholder=\"Merci de nous indiquer le circuit qui vous int\u00e9resse\" value=\"\" type=\"text\" name=\"text-95\" \/><\/span>\n\t\t\t<\/p>\n\t\t<\/div>\n\t<\/div>\n\t<div class=\"row-1x\">\n\t\t<div class=\"form-contact\">\n\t\t\t<p><span class=\"wpcf7-form-control-wrap\" data-name=\"your-message\"><textarea cols=\"40\" rows=\"10\" maxlength=\"2000\" class=\"wpcf7-form-control wpcf7-textarea\" aria-invalid=\"false\" placeholder=\"Dites-nous tout ce dont vous avez besoin pour le circuit\nSi vous voyagez avec des enfants, nous vous prions de bien vouloir nous indiquer leur \u00e2ge\" name=\"your-message\"><\/textarea><\/span><br \/>\n<input class=\"wpcf7-form-control wpcf7-submit has-spinner\" type=\"submit\" value=\"Envoyer\" \/>\n\t\t\t<\/p>\n\t\t<\/div>\n\t<\/div>\n<\/div><div class=\"wpcf7-response-output\" aria-hidden=\"true\"><\/div>\n<\/form>\n<\/div>\n[vc_empty_space height=&#8221;30px&#8221;][\/vc_column][\/vc_row]<\/p>\n<\/div>","protected":false},"excerpt":{"rendered":"<p>Lorem ipsum dolor sit amet, consectetur adipiscing elit. Nam efficitur egestas risus. Sed eros augue, tempor et faucibus eu, cursus ac lacus. Ut sodales semper ante, at malesuada neque vestibulum vitae. Pellentesque luctus ipsum sit amet ligula facilisis rutrum. Nulla facilisi. Morbi rutrum nisi elementum urna faucibus, et porta elit lobortis. Donec imperdiet tristique tellus, ut consectetur ipsum tempus vitae<\/p>\n","protected":false},"author":1,"featured_media":780,"parent":0,"menu_order":0,"comment_status":"closed","ping_status":"closed","template":"page-templates\/homepage.php","meta":{"_joinchat":[],"footnotes":""},"class_list":["post-438","page","type-page","status-publish","has-post-thumbnail","hentry"],"yoast_head":"<!-- This site is optimized with the Yoast SEO Premium plugin v22.7 (Yoast SEO v27.5) - https:\/\/yoast.com\/product\/yoast-seo-premium-wordpress\/ -->\n<title>Voyages en famille au Maroc | Circuits avec des enfants - Sahara Family Tours<\/title>\n<meta name=\"description\" content=\"Voyages en famille au Maroc | Circuits avec des enfants a s\u00e9lectionn\u00e9 les meilleurs circuits pour famille avec des enfants dans le d\u00e9sert.\" \/>\n<meta name=\"robots\" content=\"index, follow, max-snippet:-1, max-image-preview:large, max-video-preview:-1\" \/>\n<link rel=\"canonical\" href=\"https:\/\/saharafamilytours.com\/fr\/\" \/>\n<meta property=\"og:locale\" content=\"fr_FR\" \/>\n<meta property=\"og:type\" content=\"article\" \/>\n<meta property=\"og:title\" content=\"Voyages en famille au Maroc | Circuits avec des enfants\" \/>\n<meta property=\"og:description\" content=\"Voyages en famille au Maroc | Circuits avec des enfants a s\u00e9lectionn\u00e9 les meilleurs circuits pour famille avec des enfants dans le d\u00e9sert.\" \/>\n<meta property=\"og:url\" content=\"https:\/\/saharafamilytours.com\/fr\/\" \/>\n<meta property=\"og:site_name\" content=\"Sahara Family Tours\" \/>\n<meta property=\"article:modified_time\" content=\"2026-02-27T13:04:31+00:00\" \/>\n<meta property=\"og:image\" content=\"https:\/\/saharafamilytours.com\/fr\/wp-content\/uploads\/2024\/03\/Tours-en-famille-au-Maroc.jpg\" \/>\n\t<meta property=\"og:image:width\" content=\"1200\" \/>\n\t<meta property=\"og:image:height\" content=\"900\" \/>\n\t<meta property=\"og:image:type\" content=\"image\/jpeg\" \/>\n<meta name=\"twitter:card\" content=\"summary_large_image\" \/>\n<meta name=\"twitter:label1\" content=\"Dur\u00e9e de lecture estim\u00e9e\" \/>\n\t<meta name=\"twitter:data1\" content=\"5 minutes\" \/>\n<script type=\"application\/ld+json\" class=\"yoast-schema-graph\">{\"@context\":\"https:\\\/\\\/schema.org\",\"@graph\":[{\"@type\":\"WebPage\",\"@id\":\"https:\\\/\\\/saharafamilytours.com\\\/fr\\\/\",\"url\":\"https:\\\/\\\/saharafamilytours.com\\\/fr\\\/\",\"name\":\"Voyages en famille au Maroc | Circuits avec des enfants - Sahara Family Tours\",\"isPartOf\":{\"@id\":\"https:\\\/\\\/saharafamilytours.com\\\/fr\\\/#website\"},\"primaryImageOfPage\":{\"@id\":\"https:\\\/\\\/saharafamilytours.com\\\/fr\\\/#primaryimage\"},\"image\":{\"@id\":\"https:\\\/\\\/saharafamilytours.com\\\/fr\\\/#primaryimage\"},\"thumbnailUrl\":\"https:\\\/\\\/saharafamilytours.com\\\/fr\\\/wp-content\\\/uploads\\\/2024\\\/03\\\/Tours-en-famille-au-Maroc.jpg\",\"datePublished\":\"2017-02-02T10:43:20+00:00\",\"dateModified\":\"2026-02-27T13:04:31+00:00\",\"description\":\"Voyages en famille au Maroc | Circuits avec des enfants a s\u00e9lectionn\u00e9 les meilleurs circuits pour famille avec des enfants dans le d\u00e9sert.\",\"breadcrumb\":{\"@id\":\"https:\\\/\\\/saharafamilytours.com\\\/fr\\\/#breadcrumb\"},\"inLanguage\":\"fr-FR\",\"potentialAction\":[{\"@type\":\"ReadAction\",\"target\":[\"https:\\\/\\\/saharafamilytours.com\\\/fr\\\/\"]}]},{\"@type\":\"ImageObject\",\"inLanguage\":\"fr-FR\",\"@id\":\"https:\\\/\\\/saharafamilytours.com\\\/fr\\\/#primaryimage\",\"url\":\"https:\\\/\\\/saharafamilytours.com\\\/fr\\\/wp-content\\\/uploads\\\/2024\\\/03\\\/Tours-en-famille-au-Maroc.jpg\",\"contentUrl\":\"https:\\\/\\\/saharafamilytours.com\\\/fr\\\/wp-content\\\/uploads\\\/2024\\\/03\\\/Tours-en-famille-au-Maroc.jpg\",\"width\":1200,\"height\":900,\"caption\":\"Tours en famille au Maroc\"},{\"@type\":\"BreadcrumbList\",\"@id\":\"https:\\\/\\\/saharafamilytours.com\\\/fr\\\/#breadcrumb\",\"itemListElement\":[{\"@type\":\"ListItem\",\"position\":1,\"name\":\"Home\",\"item\":\"https:\\\/\\\/saharafamilytours.com\\\/fr\\\/\"},{\"@type\":\"ListItem\",\"position\":2,\"name\":\"Voyages en famille au Maroc | Circuits avec des enfants\"}]},{\"@type\":\"WebSite\",\"@id\":\"https:\\\/\\\/saharafamilytours.com\\\/fr\\\/#website\",\"url\":\"https:\\\/\\\/saharafamilytours.com\\\/fr\\\/\",\"name\":\"Sahara Family Tours\",\"description\":\"Voyages en famille au Maroc | Circuits avec des enfants\",\"potentialAction\":[{\"@type\":\"SearchAction\",\"target\":{\"@type\":\"EntryPoint\",\"urlTemplate\":\"https:\\\/\\\/saharafamilytours.com\\\/fr\\\/?s={search_term_string}\"},\"query-input\":{\"@type\":\"PropertyValueSpecification\",\"valueRequired\":true,\"valueName\":\"search_term_string\"}}],\"inLanguage\":\"fr-FR\"}]}<\/script>\n<!-- \/ Yoast SEO Premium plugin. -->","yoast_head_json":{"title":"Voyages en famille au Maroc | Circuits avec des enfants - Sahara Family Tours","description":"Voyages en famille au Maroc | Circuits avec des enfants a s\u00e9lectionn\u00e9 les meilleurs circuits pour famille avec des enfants dans le d\u00e9sert.","robots":{"index":"index","follow":"follow","max-snippet":"max-snippet:-1","max-image-preview":"max-image-preview:large","max-video-preview":"max-video-preview:-1"},"canonical":"https:\/\/saharafamilytours.com\/fr\/","og_locale":"fr_FR","og_type":"article","og_title":"Voyages en famille au Maroc | Circuits avec des enfants","og_description":"Voyages en famille au Maroc | Circuits avec des enfants a s\u00e9lectionn\u00e9 les meilleurs circuits pour famille avec des enfants dans le d\u00e9sert.","og_url":"https:\/\/saharafamilytours.com\/fr\/","og_site_name":"Sahara Family Tours","article_modified_time":"2026-02-27T13:04:31+00:00","og_image":[{"width":1200,"height":900,"url":"https:\/\/saharafamilytours.com\/fr\/wp-content\/uploads\/2024\/03\/Tours-en-famille-au-Maroc.jpg","type":"image\/jpeg"}],"twitter_card":"summary_large_image","twitter_misc":{"Dur\u00e9e de lecture estim\u00e9e":"5 minutes"},"schema":{"@context":"https:\/\/schema.org","@graph":[{"@type":"WebPage","@id":"https:\/\/saharafamilytours.com\/fr\/","url":"https:\/\/saharafamilytours.com\/fr\/","name":"Voyages en famille au Maroc | Circuits avec des enfants - Sahara Family Tours","isPartOf":{"@id":"https:\/\/saharafamilytours.com\/fr\/#website"},"primaryImageOfPage":{"@id":"https:\/\/saharafamilytours.com\/fr\/#primaryimage"},"image":{"@id":"https:\/\/saharafamilytours.com\/fr\/#primaryimage"},"thumbnailUrl":"https:\/\/saharafamilytours.com\/fr\/wp-content\/uploads\/2024\/03\/Tours-en-famille-au-Maroc.jpg","datePublished":"2017-02-02T10:43:20+00:00","dateModified":"2026-02-27T13:04:31+00:00","description":"Voyages en famille au Maroc | Circuits avec des enfants a s\u00e9lectionn\u00e9 les meilleurs circuits pour famille avec des enfants dans le d\u00e9sert.","breadcrumb":{"@id":"https:\/\/saharafamilytours.com\/fr\/#breadcrumb"},"inLanguage":"fr-FR","potentialAction":[{"@type":"ReadAction","target":["https:\/\/saharafamilytours.com\/fr\/"]}]},{"@type":"ImageObject","inLanguage":"fr-FR","@id":"https:\/\/saharafamilytours.com\/fr\/#primaryimage","url":"https:\/\/saharafamilytours.com\/fr\/wp-content\/uploads\/2024\/03\/Tours-en-famille-au-Maroc.jpg","contentUrl":"https:\/\/saharafamilytours.com\/fr\/wp-content\/uploads\/2024\/03\/Tours-en-famille-au-Maroc.jpg","width":1200,"height":900,"caption":"Tours en famille au Maroc"},{"@type":"BreadcrumbList","@id":"https:\/\/saharafamilytours.com\/fr\/#breadcrumb","itemListElement":[{"@type":"ListItem","position":1,"name":"Home","item":"https:\/\/saharafamilytours.com\/fr\/"},{"@type":"ListItem","position":2,"name":"Voyages en famille au Maroc | Circuits avec des enfants"}]},{"@type":"WebSite","@id":"https:\/\/saharafamilytours.com\/fr\/#website","url":"https:\/\/saharafamilytours.com\/fr\/","name":"Sahara Family Tours","description":"Voyages en famille au Maroc | Circuits avec des enfants","potentialAction":[{"@type":"SearchAction","target":{"@type":"EntryPoint","urlTemplate":"https:\/\/saharafamilytours.com\/fr\/?s={search_term_string}"},"query-input":{"@type":"PropertyValueSpecification","valueRequired":true,"valueName":"search_term_string"}}],"inLanguage":"fr-FR"}]}},"jetpack_sharing_enabled":true,"_links":{"self":[{"href":"https:\/\/saharafamilytours.com\/fr\/wp-json\/wp\/v2\/pages\/438","targetHints":{"allow":["GET"]}}],"collection":[{"href":"https:\/\/saharafamilytours.com\/fr\/wp-json\/wp\/v2\/pages"}],"about":[{"href":"https:\/\/saharafamilytours.com\/fr\/wp-json\/wp\/v2\/types\/page"}],"author":[{"embeddable":true,"href":"https:\/\/saharafamilytours.com\/fr\/wp-json\/wp\/v2\/users\/1"}],"replies":[{"embeddable":true,"href":"https:\/\/saharafamilytours.com\/fr\/wp-json\/wp\/v2\/comments?post=438"}],"version-history":[{"count":64,"href":"https:\/\/saharafamilytours.com\/fr\/wp-json\/wp\/v2\/pages\/438\/revisions"}],"predecessor-version":[{"id":1067,"href":"https:\/\/saharafamilytours.com\/fr\/wp-json\/wp\/v2\/pages\/438\/revisions\/1067"}],"wp:featuredmedia":[{"embeddable":true,"href":"https:\/\/saharafamilytours.com\/fr\/wp-json\/wp\/v2\/media\/780"}],"wp:attachment":[{"href":"https:\/\/saharafamilytours.com\/fr\/wp-json\/wp\/v2\/media?parent=438"}],"curies":[{"name":"wp","href":"https:\/\/api.w.org\/{rel}","templated":true}]}}