{"id":725,"date":"2024-02-20T22:01:30","date_gmt":"2024-02-20T22:01:30","guid":{"rendered":"https:\/\/saharafamilytours.com\/new\/?page_id=725"},"modified":"2026-03-09T15:07:20","modified_gmt":"2026-03-09T15:07:20","slug":"qui-sommes-nous","status":"publish","type":"page","link":"https:\/\/saharafamilytours.com\/fr\/qui-sommes-nous\/","title":{"rendered":"Qui sommes-nous"},"content":{"rendered":"<div class=\"wpb-content-wrapper\"><p>[vc_row][vc_column][vc_column_text]<\/p>\n<h4 style=\"text-align: center;\"><strong>Bienvenue chez Sahara Family Tours \u2013 Une fa\u00e7on diff\u00e9rente de voyager au <span style=\"color: #000000;\"><a style=\"color: #000000;\" href=\"https:\/\/fr.wikipedia.org\/wiki\/Maroc\">Maroc<\/a><\/span><\/strong><\/h4>\n<p>Sahara Family Tours est une agence de voyages locale fond\u00e9e en 2018 dans le sud du Maroc. Notre \u00e9quipe est n\u00e9e et a grandi dans la r\u00e9gion du Sahara, o\u00f9 le tourisme fait partie de notre tradition familiale. Avec plus de 20 ans d\u2019exp\u00e9rience dans l\u2019industrie du tourisme, nous poss\u00e9dons une connaissance approfondie des paysages, de la culture et des traditions du Maroc.<\/p>\n<p>Notre langue maternelle est l\u2019amazigh (berb\u00e8re), et nous sommes fiers de partager avec nos voyageurs le patrimoine authentique du sud du Maroc. En m\u00eame temps, nous travaillons avec des voyageurs venant du monde entier et nous nous effor\u00e7ons de cr\u00e9er des exp\u00e9riences accueillantes et personnalis\u00e9es pour chaque visiteur.<\/p>\n<p>Nous sommes sp\u00e9cialis\u00e9s dans les circuits priv\u00e9s \u00e0 travers le Maroc, notamment les voyages dans le d\u00e9sert, les circuits culturels et les itin\u00e9raires sur mesure con\u00e7us selon les int\u00e9r\u00eats de chaque voyageur.<\/p>\n<p>Que vous souhaitiez explorer les kasbahs berb\u00e8res et les villages traditionnels, visiter la magnifique c\u00f4te atlantique ou d\u00e9couvrir la beaut\u00e9 des montagnes de l\u2019Atlas et des dunes du Sahara, nous pouvons personnaliser votre <span style=\"color: #000000;\"><a style=\"color: #000000;\" href=\"https:\/\/saharafamilytours.com\/fr\/qui-sommes-nous\/\">voyage<\/a><\/span> selon vos souhaits et votre style de voyage.<\/p>\n<p>Notre objectif est de vous aider \u00e0 d\u00e9couvrir le v\u00e9ritable Maroc gr\u00e2ce \u00e0 notre connaissance locale, notre hospitalit\u00e9 sinc\u00e8re et des exp\u00e9riences authentiques. Nous concevons chaque voyage avec soin afin que nos clients puissent profiter d\u2019un s\u00e9jour unique tout en respectant un budget raisonnable et comp\u00e9titif.<\/p>\n<p>Chez Sahara Family Tours, nous pensons que voyager doit \u00eatre une exp\u00e9rience personnelle, confortable et inoubliable. Notre \u00e9quipe s\u2019engage \u00e0 offrir un service fiable, des conseils locaux sinc\u00e8res et des aventures inoubliables \u00e0 travers tout le Maroc.<\/p>\n<p><strong>Notre mission :<\/strong> garantir \u00e0 nos clients la meilleure exp\u00e9rience de voyage possible. Nous travaillons avec confiance, s\u00e9curit\u00e9, ponctualit\u00e9 et professionnalisme, et notre \u00e9quipe de service client est toujours disponible pour vous conseiller et vous accompagner tout au long de votre voyage.<\/p>\n<p>Voyagez avec nous et d\u00e9couvrez le Maroc \u00e0 travers les yeux de locaux qui connaissent et aiment profond\u00e9ment leur terre.<\/p>\n<p>Nous serons ravis de vous entendre et de vous accueillir au Maroc.[\/vc_column_text][\/vc_column][\/vc_row]<\/p>\n<\/div>","protected":false},"excerpt":{"rendered":"<p>[vc_row][vc_column][vc_column_text]<br \/>\nBienvenue chez Sahara Family Tours \u2013 Une fa\u00e7on diff\u00e9rente de voyager au Maroc<br \/>\nSahara Family Tours est une agence de voyages locale fond\u00e9e en 2018 dans le sud du <\/p>\n","protected":false},"author":1,"featured_media":1003,"parent":0,"menu_order":0,"comment_status":"closed","ping_status":"closed","template":"","meta":{"_joinchat":[],"footnotes":""},"class_list":["post-725","page","type-page","status-publish","has-post-thumbnail","hentry"],"yoast_head":"<!-- This site is optimized with the Yoast SEO Premium plugin v22.7 (Yoast SEO v27.5) - https:\/\/yoast.com\/product\/yoast-seo-premium-wordpress\/ -->\n<title>Qui sommes-nous - Sahara Family Tours<\/title>\n<meta name=\"description\" content=\"Qui sommes-nous, Sahara Family Tours propose une large gamme de s\u00e9jours culturels priv\u00e9s et d&#039;excursions d&#039;une journ\u00e9e. Que vous planifiez\" \/>\n<meta name=\"robots\" content=\"index, follow, max-snippet:-1, max-image-preview:large, max-video-preview:-1\" \/>\n<link rel=\"canonical\" href=\"https:\/\/saharafamilytours.com\/fr\/qui-sommes-nous\/\" \/>\n<meta property=\"og:locale\" content=\"fr_FR\" \/>\n<meta property=\"og:type\" content=\"article\" \/>\n<meta property=\"og:title\" content=\"Qui sommes-nous\" \/>\n<meta property=\"og:description\" content=\"Qui sommes-nous, Sahara Family Tours propose une large gamme de s\u00e9jours culturels priv\u00e9s et d&#039;excursions d&#039;une journ\u00e9e. Que vous planifiez\" \/>\n<meta property=\"og:url\" content=\"https:\/\/saharafamilytours.com\/fr\/qui-sommes-nous\/\" \/>\n<meta property=\"og:site_name\" content=\"Sahara Family Tours\" \/>\n<meta property=\"article:modified_time\" content=\"2026-03-09T15:07:20+00:00\" \/>\n<meta property=\"og:image\" content=\"https:\/\/saharafamilytours.com\/fr\/wp-content\/uploads\/2025\/12\/Qui-sommes-nous.jpeg\" \/>\n\t<meta property=\"og:image:width\" content=\"1200\" \/>\n\t<meta property=\"og:image:height\" content=\"900\" \/>\n\t<meta property=\"og:image:type\" content=\"image\/jpeg\" \/>\n<meta name=\"twitter:card\" content=\"summary_large_image\" \/>\n<meta name=\"twitter:label1\" content=\"Dur\u00e9e de lecture estim\u00e9e\" \/>\n\t<meta name=\"twitter:data1\" content=\"3 minutes\" \/>\n<script type=\"application\/ld+json\" class=\"yoast-schema-graph\">{\"@context\":\"https:\\\/\\\/schema.org\",\"@graph\":[{\"@type\":\"WebPage\",\"@id\":\"https:\\\/\\\/saharafamilytours.com\\\/fr\\\/qui-sommes-nous\\\/\",\"url\":\"https:\\\/\\\/saharafamilytours.com\\\/fr\\\/qui-sommes-nous\\\/\",\"name\":\"Qui sommes-nous - Sahara Family Tours\",\"isPartOf\":{\"@id\":\"https:\\\/\\\/saharafamilytours.com\\\/fr\\\/#website\"},\"primaryImageOfPage\":{\"@id\":\"https:\\\/\\\/saharafamilytours.com\\\/fr\\\/qui-sommes-nous\\\/#primaryimage\"},\"image\":{\"@id\":\"https:\\\/\\\/saharafamilytours.com\\\/fr\\\/qui-sommes-nous\\\/#primaryimage\"},\"thumbnailUrl\":\"https:\\\/\\\/saharafamilytours.com\\\/fr\\\/wp-content\\\/uploads\\\/2025\\\/12\\\/Qui-sommes-nous.jpeg\",\"datePublished\":\"2024-02-20T22:01:30+00:00\",\"dateModified\":\"2026-03-09T15:07:20+00:00\",\"description\":\"Qui sommes-nous, Sahara Family Tours propose une large gamme de s\u00e9jours culturels priv\u00e9s et d'excursions d'une journ\u00e9e. Que vous planifiez\",\"breadcrumb\":{\"@id\":\"https:\\\/\\\/saharafamilytours.com\\\/fr\\\/qui-sommes-nous\\\/#breadcrumb\"},\"inLanguage\":\"fr-FR\",\"potentialAction\":[{\"@type\":\"ReadAction\",\"target\":[\"https:\\\/\\\/saharafamilytours.com\\\/fr\\\/qui-sommes-nous\\\/\"]}]},{\"@type\":\"ImageObject\",\"inLanguage\":\"fr-FR\",\"@id\":\"https:\\\/\\\/saharafamilytours.com\\\/fr\\\/qui-sommes-nous\\\/#primaryimage\",\"url\":\"https:\\\/\\\/saharafamilytours.com\\\/fr\\\/wp-content\\\/uploads\\\/2025\\\/12\\\/Qui-sommes-nous.jpeg\",\"contentUrl\":\"https:\\\/\\\/saharafamilytours.com\\\/fr\\\/wp-content\\\/uploads\\\/2025\\\/12\\\/Qui-sommes-nous.jpeg\",\"width\":1200,\"height\":900,\"caption\":\"Qui sommes-nous\"},{\"@type\":\"BreadcrumbList\",\"@id\":\"https:\\\/\\\/saharafamilytours.com\\\/fr\\\/qui-sommes-nous\\\/#breadcrumb\",\"itemListElement\":[{\"@type\":\"ListItem\",\"position\":1,\"name\":\"Home\",\"item\":\"https:\\\/\\\/saharafamilytours.com\\\/fr\\\/\"},{\"@type\":\"ListItem\",\"position\":2,\"name\":\"Qui sommes-nous\"}]},{\"@type\":\"WebSite\",\"@id\":\"https:\\\/\\\/saharafamilytours.com\\\/fr\\\/#website\",\"url\":\"https:\\\/\\\/saharafamilytours.com\\\/fr\\\/\",\"name\":\"Sahara Family Tours\",\"description\":\"Voyages en famille au Maroc | Circuits avec des enfants\",\"potentialAction\":[{\"@type\":\"SearchAction\",\"target\":{\"@type\":\"EntryPoint\",\"urlTemplate\":\"https:\\\/\\\/saharafamilytours.com\\\/fr\\\/?s={search_term_string}\"},\"query-input\":{\"@type\":\"PropertyValueSpecification\",\"valueRequired\":true,\"valueName\":\"search_term_string\"}}],\"inLanguage\":\"fr-FR\"}]}<\/script>\n<!-- \/ Yoast SEO Premium plugin. -->","yoast_head_json":{"title":"Qui sommes-nous - Sahara Family Tours","description":"Qui sommes-nous, Sahara Family Tours propose une large gamme de s\u00e9jours culturels priv\u00e9s et d'excursions d'une journ\u00e9e. Que vous planifiez","robots":{"index":"index","follow":"follow","max-snippet":"max-snippet:-1","max-image-preview":"max-image-preview:large","max-video-preview":"max-video-preview:-1"},"canonical":"https:\/\/saharafamilytours.com\/fr\/qui-sommes-nous\/","og_locale":"fr_FR","og_type":"article","og_title":"Qui sommes-nous","og_description":"Qui sommes-nous, Sahara Family Tours propose une large gamme de s\u00e9jours culturels priv\u00e9s et d'excursions d'une journ\u00e9e. Que vous planifiez","og_url":"https:\/\/saharafamilytours.com\/fr\/qui-sommes-nous\/","og_site_name":"Sahara Family Tours","article_modified_time":"2026-03-09T15:07:20+00:00","og_image":[{"width":1200,"height":900,"url":"https:\/\/saharafamilytours.com\/fr\/wp-content\/uploads\/2025\/12\/Qui-sommes-nous.jpeg","type":"image\/jpeg"}],"twitter_card":"summary_large_image","twitter_misc":{"Dur\u00e9e de lecture estim\u00e9e":"3 minutes"},"schema":{"@context":"https:\/\/schema.org","@graph":[{"@type":"WebPage","@id":"https:\/\/saharafamilytours.com\/fr\/qui-sommes-nous\/","url":"https:\/\/saharafamilytours.com\/fr\/qui-sommes-nous\/","name":"Qui sommes-nous - Sahara Family Tours","isPartOf":{"@id":"https:\/\/saharafamilytours.com\/fr\/#website"},"primaryImageOfPage":{"@id":"https:\/\/saharafamilytours.com\/fr\/qui-sommes-nous\/#primaryimage"},"image":{"@id":"https:\/\/saharafamilytours.com\/fr\/qui-sommes-nous\/#primaryimage"},"thumbnailUrl":"https:\/\/saharafamilytours.com\/fr\/wp-content\/uploads\/2025\/12\/Qui-sommes-nous.jpeg","datePublished":"2024-02-20T22:01:30+00:00","dateModified":"2026-03-09T15:07:20+00:00","description":"Qui sommes-nous, Sahara Family Tours propose une large gamme de s\u00e9jours culturels priv\u00e9s et d'excursions d'une journ\u00e9e. Que vous planifiez","breadcrumb":{"@id":"https:\/\/saharafamilytours.com\/fr\/qui-sommes-nous\/#breadcrumb"},"inLanguage":"fr-FR","potentialAction":[{"@type":"ReadAction","target":["https:\/\/saharafamilytours.com\/fr\/qui-sommes-nous\/"]}]},{"@type":"ImageObject","inLanguage":"fr-FR","@id":"https:\/\/saharafamilytours.com\/fr\/qui-sommes-nous\/#primaryimage","url":"https:\/\/saharafamilytours.com\/fr\/wp-content\/uploads\/2025\/12\/Qui-sommes-nous.jpeg","contentUrl":"https:\/\/saharafamilytours.com\/fr\/wp-content\/uploads\/2025\/12\/Qui-sommes-nous.jpeg","width":1200,"height":900,"caption":"Qui sommes-nous"},{"@type":"BreadcrumbList","@id":"https:\/\/saharafamilytours.com\/fr\/qui-sommes-nous\/#breadcrumb","itemListElement":[{"@type":"ListItem","position":1,"name":"Home","item":"https:\/\/saharafamilytours.com\/fr\/"},{"@type":"ListItem","position":2,"name":"Qui sommes-nous"}]},{"@type":"WebSite","@id":"https:\/\/saharafamilytours.com\/fr\/#website","url":"https:\/\/saharafamilytours.com\/fr\/","name":"Sahara Family Tours","description":"Voyages en famille au Maroc | Circuits avec des enfants","potentialAction":[{"@type":"SearchAction","target":{"@type":"EntryPoint","urlTemplate":"https:\/\/saharafamilytours.com\/fr\/?s={search_term_string}"},"query-input":{"@type":"PropertyValueSpecification","valueRequired":true,"valueName":"search_term_string"}}],"inLanguage":"fr-FR"}]}},"jetpack_sharing_enabled":true,"_links":{"self":[{"href":"https:\/\/saharafamilytours.com\/fr\/wp-json\/wp\/v2\/pages\/725","targetHints":{"allow":["GET"]}}],"collection":[{"href":"https:\/\/saharafamilytours.com\/fr\/wp-json\/wp\/v2\/pages"}],"about":[{"href":"https:\/\/saharafamilytours.com\/fr\/wp-json\/wp\/v2\/types\/page"}],"author":[{"embeddable":true,"href":"https:\/\/saharafamilytours.com\/fr\/wp-json\/wp\/v2\/users\/1"}],"replies":[{"embeddable":true,"href":"https:\/\/saharafamilytours.com\/fr\/wp-json\/wp\/v2\/comments?post=725"}],"version-history":[{"count":4,"href":"https:\/\/saharafamilytours.com\/fr\/wp-json\/wp\/v2\/pages\/725\/revisions"}],"predecessor-version":[{"id":1071,"href":"https:\/\/saharafamilytours.com\/fr\/wp-json\/wp\/v2\/pages\/725\/revisions\/1071"}],"wp:featuredmedia":[{"embeddable":true,"href":"https:\/\/saharafamilytours.com\/fr\/wp-json\/wp\/v2\/media\/1003"}],"wp:attachment":[{"href":"https:\/\/saharafamilytours.com\/fr\/wp-json\/wp\/v2\/media?parent=725"}],"curies":[{"name":"wp","href":"https:\/\/api.w.org\/{rel}","templated":true}]}}