{"id":166,"date":"2016-10-05T02:12:01","date_gmt":"2016-10-05T02:12:01","guid":{"rendered":"http:\/\/travelwp.physcode.com\/?page_id=166"},"modified":"2026-02-02T19:34:36","modified_gmt":"2026-02-02T19:34:36","slug":"contattaci","status":"publish","type":"page","link":"https:\/\/saharafamilytours.com\/it\/contattaci\/","title":{"rendered":"Contattaci"},"content":{"rendered":"<p>[vc_row el_class=&#8221;pages_content&#8221;][vc_column]<div class=\"pages_content\"><h4>INFORMAZIONI DI CONTATTO<\/h4><div class=\"contact_infor\"><ul><li><label><i class=\"fa fa-home\"><\/i>AZIENDA <\/label><div class=\"des\">Sahara Family Tours <\/div><\/li><li><label><i class=\"fa fa-phone\"><\/i>TELEFONO<\/label><div class=\"des\">+212 617407523<\/div><\/li><li><label><i class=\"fa fa-whatsapp \"><\/i>WHATSAAPP <\/label><div class=\"des\">+212 617407523<\/div><\/li><li><label><i class=\"fa fa-envelope\"><\/i>E-MAIL<\/label><div class=\"des\">Saharafamilytours@gmail.com<\/div><\/li><li><label><i class=\"fa fa-map-marker\"><\/i>INDIRIZZO<\/label><div class=\"des\">Rue Al-mansour Eddahbi, Ouarzazate 45000 Marocco <\/div><\/li><\/ul><\/div><\/div>[\/vc_column][\/vc_row][vc_row el_class=&#8221;pages_content&#8221;][vc_column][vc_column_text]<\/p>\n<h4 style=\"text-align: center;\"><strong>Richiedi un Preventivo Personalizzato per il tuo Viaggio in Marocco<\/strong><\/h4>\n<p style=\"text-align: left;\">Compila il modulo sottostante per ricevere un preventivo gratuito e senza impegno, realizzato su misura da un\u2019agenzia che opera direttamente in <span style=\"color: #000000;\"><a style=\"color: #000000;\" href=\"https:\/\/saharafamilytours.com\/it\/\">Marocco<\/a><\/span>.<\/p>\n<p>Siamo specializzati in viaggi 100% personalizzati, adattando servizi, itinerari e ogni altro aspetto del viaggio direttamente a destinazione.<\/p>\n<p>Entro 24\/48 ore al massimo, riceverai una risposta via e-mail con il preventivo dettagliato della proposta.<br \/>\nQuando si organizza un viaggio in <span style=\"color: #000000;\"><a style=\"color: #000000;\" href=\"https:\/\/it.m.wikipedia.org\/wiki\/Marocco\">Marocco<\/a><\/span>, il prezzo \u00e8 importante, ma lo \u00e8 ancora di pi\u00f9 la qualit\u00e0 dei servizi.<\/p>\n<h4><strong>Politica di Prenotazione<\/strong><\/h4>\n<ul>\n<li>Per confermare il tuo tour privato in Marocco \u00e8 richiesto un acconto del 25%<\/li>\n<li>Costi di commissione:\n<ul>\n<li>PayPal<strong>:<\/strong> 5% di commissioni<\/li>\n<li>Bonifico bancario: 14% di commissioni<\/li>\n<li>Carta di credito: 5% di commissioni<\/li>\n<\/ul>\n<\/li>\n<li>Il saldo pu\u00f2 essere pagato all\u2019arrivo in Marocco, in contanti (USD, Euro o MAD).<\/li>\n<li>Accettiamo anche il pagamento con le principali carte di credito con un supplemento del <strong>5%<\/strong>.<\/li>\n<li>American Express non \u00e8 accettata.<\/li>\n<\/ul>\n<h4><strong>Nota Importante<\/strong><\/h4>\n<p>\u00c8 fondamentale compilare tutti i campi obbligatori richiesti nel modulo.<\/p>\n<p>E verifica che l\u2019indirizzo e-mail inserito sia corretto e valido.<\/p>\n<div class=\"wpcf7 no-js\" id=\"wpcf7-f1127-o1\" lang=\"it-IT\" dir=\"ltr\" data-wpcf7-id=\"1127\">\n<div class=\"screen-reader-response\"><p role=\"status\" aria-live=\"polite\" aria-atomic=\"true\"><\/p> <ul><\/ul><\/div>\n<form action=\"\/it\/wp-json\/wp\/v2\/pages\/166#wpcf7-f1127-o1\" method=\"post\" class=\"wpcf7-form init\" aria-label=\"Modulo di contatto\" novalidate=\"novalidate\" data-status=\"init\">\n<fieldset class=\"hidden-fields-container\"><input type=\"hidden\" name=\"_wpcf7\" value=\"1127\" \/><input type=\"hidden\" name=\"_wpcf7_version\" value=\"6.1.5\" \/><input type=\"hidden\" name=\"_wpcf7_locale\" value=\"it_IT\" \/><input type=\"hidden\" name=\"_wpcf7_unit_tag\" value=\"wpcf7-f1127-o1\" \/><input type=\"hidden\" name=\"_wpcf7_container_post\" value=\"0\" \/><input type=\"hidden\" name=\"_wpcf7_posted_data_hash\" value=\"\" \/>\n<\/fieldset>\n<div class=\"form-contact\">\n\t<div class=\"row-1x\">\n\t\t<div class=\"col-sm-6\">\n\t\t\t<p><span class=\"wpcf7-form-control-wrap\" data-name=\"your-name\"><input size=\"40\" maxlength=\"400\" class=\"wpcf7-form-control wpcf7-text wpcf7-validates-as-required\" aria-required=\"true\" aria-invalid=\"false\" placeholder=\"Nome completo\" value=\"\" type=\"text\" name=\"your-name\" \/><\/span>\n\t\t\t<\/p>\n\t\t<\/div>\n\t\t<div class=\"col-sm-6\">\n\t\t\t<p><span class=\"wpcf7-form-control-wrap\" data-name=\"your-email\"><input size=\"40\" maxlength=\"400\" class=\"wpcf7-form-control wpcf7-email wpcf7-validates-as-required wpcf7-text wpcf7-validates-as-email\" aria-required=\"true\" aria-invalid=\"false\" placeholder=\"E-mail\" value=\"\" type=\"email\" name=\"your-email\" \/><\/span>\n\t\t\t<\/p>\n\t\t<\/div>\n\t<\/div>\n\t<div class=\"row-1x\">\n\t\t<div class=\"col-sm-6\">\n\t\t\t<p><span class=\"wpcf7-form-control-wrap\" data-name=\"text-232\"><input size=\"40\" maxlength=\"400\" class=\"wpcf7-form-control wpcf7-text wpcf7-validates-as-required\" aria-required=\"true\" aria-invalid=\"false\" placeholder=\"Numero di telefono\" value=\"\" type=\"text\" name=\"text-232\" \/><\/span>\n\t\t\t<\/p>\n\t\t<\/div>\n\t\t<div class=\"col-sm-6\">\n\t\t\t<p><span class=\"wpcf7-form-control-wrap\" data-name=\"text-812\"><input size=\"40\" maxlength=\"400\" class=\"wpcf7-form-control wpcf7-text wpcf7-validates-as-required\" aria-required=\"true\" aria-invalid=\"false\" placeholder=\"Paese\" value=\"\" type=\"text\" name=\"text-812\" \/><\/span>\n\t\t\t<\/p>\n\t\t<\/div>\n\t<\/div>\n\t<div class=\"row-1x\">\n\t\t<div class=\"col-sm-6\">\n\t\t\t<p><span class=\"wpcf7-form-control-wrap\" data-name=\"text-629\"><input size=\"40\" maxlength=\"400\" class=\"wpcf7-form-control wpcf7-text wpcf7-validates-as-required\" aria-required=\"true\" aria-invalid=\"false\" placeholder=\"Numero di adulti\" value=\"\" type=\"text\" name=\"text-629\" \/><\/span>\n\t\t\t<\/p>\n\t\t<\/div>\n\t\t<div class=\"col-sm-6\">\n\t\t\t<p><span class=\"wpcf7-form-control-wrap\" data-name=\"text-494\"><input size=\"40\" maxlength=\"400\" class=\"wpcf7-form-control wpcf7-text wpcf7-validates-as-required\" aria-required=\"true\" aria-invalid=\"false\" placeholder=\"Numero di bambini\" value=\"\" type=\"text\" name=\"text-494\" \/><\/span>\n\t\t\t<\/p>\n\t\t<\/div>\n\t<\/div>\n\t<div class=\"row-1x\">\n\t\t<div class=\"col-sm-6\">\n\t\t\t<p><span class=\"wpcf7-form-control-wrap\" data-name=\"text-293\"><input size=\"40\" maxlength=\"400\" class=\"wpcf7-form-control wpcf7-text wpcf7-validates-as-required\" aria-required=\"true\" aria-invalid=\"false\" placeholder=\"Data del tour\" value=\"\" type=\"text\" name=\"text-293\" \/><\/span>\n\t\t\t<\/p>\n\t\t<\/div>\n\t\t<div class=\"col-sm-6\">\n\t\t\t<p><span class=\"wpcf7-form-control-wrap\" data-name=\"text-189\"><input size=\"40\" maxlength=\"400\" class=\"wpcf7-form-control wpcf7-text wpcf7-validates-as-required\" aria-required=\"true\" aria-invalid=\"false\" placeholder=\"Dicci a quale tour sei interessato\" value=\"\" type=\"text\" name=\"text-189\" \/><\/span>\n\t\t\t<\/p>\n\t\t<\/div>\n\t<\/div>\n\t<div class=\"row-1x\">\n\t\t<div class=\"form-contact\">\n\t\t\t<p><span class=\"wpcf7-form-control-wrap\" data-name=\"your-message\"><textarea cols=\"40\" rows=\"10\" maxlength=\"2000\" class=\"wpcf7-form-control wpcf7-textarea\" aria-invalid=\"false\" placeholder=\"Dicci tutto quello di cui hai bisogno per il tour\" name=\"your-message\"><\/textarea><\/span><br \/>\n<input class=\"wpcf7-form-control wpcf7-submit has-spinner\" type=\"submit\" value=\"Invia\" \/>\n\t\t\t<\/p>\n\t\t<\/div>\n\t<\/div>\n<\/div><div class=\"wpcf7-response-output\" aria-hidden=\"true\"><\/div>\n<\/form>\n<\/div>\n[\/vc_column_text][\/vc_column][\/vc_row]<\/p>\n","protected":false},"excerpt":{"rendered":"<p>[vc_row el_class=&#8221;pages_content&#8221;][vc_column][\/vc_column][\/vc_row][vc_row el_class=&#8221;pages_content&#8221;][vc_column][vc_column_text]<br \/>\nRichiedi un Preventivo Personalizzato per il tuo Viaggio in Marocco<br \/>\nCompila il modulo sottostante per ricevere un preventivo gratuito e senza impegno, realizzato su misura da un\u2019agenzia <\/p>\n","protected":false},"author":1,"featured_media":721,"parent":0,"menu_order":0,"comment_status":"closed","ping_status":"closed","template":"","meta":{"_joinchat":[],"footnotes":""},"class_list":["post-166","page","type-page","status-publish","has-post-thumbnail","hentry"],"yoast_head":"<!-- This site is optimized with the Yoast SEO Premium plugin v22.7 (Yoast SEO v27.5) - https:\/\/yoast.com\/product\/yoast-seo-premium-wordpress\/ -->\n<title>Contattaci - Sahara Family Tours<\/title>\n<meta name=\"description\" content=\"Contattaci per organizzare il tuo viaggio su misura in Marocco: esperienze autentiche, itinerari personalizzati e assistenza dedicata.\" \/>\n<meta name=\"robots\" content=\"index, follow, max-snippet:-1, max-image-preview:large, max-video-preview:-1\" \/>\n<link rel=\"canonical\" href=\"https:\/\/saharafamilytours.com\/it\/contattaci\/\" \/>\n<meta property=\"og:locale\" content=\"it_IT\" \/>\n<meta property=\"og:type\" content=\"article\" \/>\n<meta property=\"og:title\" content=\"Contattaci\" \/>\n<meta property=\"og:description\" content=\"Contattaci per organizzare il tuo viaggio su misura in Marocco: esperienze autentiche, itinerari personalizzati e assistenza dedicata.\" \/>\n<meta property=\"og:url\" content=\"https:\/\/saharafamilytours.com\/it\/contattaci\/\" \/>\n<meta property=\"og:site_name\" content=\"Sahara Family Tours\" \/>\n<meta property=\"article:modified_time\" content=\"2026-02-02T19:34:36+00:00\" \/>\n<meta property=\"og:image\" content=\"https:\/\/saharafamilytours.com\/it\/wp-content\/uploads\/2024\/04\/Contattaci.jpg\" \/>\n\t<meta property=\"og:image:width\" content=\"1200\" \/>\n\t<meta property=\"og:image:height\" content=\"900\" \/>\n\t<meta property=\"og:image:type\" content=\"image\/jpeg\" \/>\n<meta name=\"twitter:card\" content=\"summary_large_image\" \/>\n<meta name=\"twitter:label1\" content=\"Tempo di lettura stimato\" \/>\n\t<meta name=\"twitter:data1\" content=\"2 minuti\" \/>\n<script type=\"application\/ld+json\" class=\"yoast-schema-graph\">{\"@context\":\"https:\\\/\\\/schema.org\",\"@graph\":[{\"@type\":\"WebPage\",\"@id\":\"https:\\\/\\\/saharafamilytours.com\\\/it\\\/contattaci\\\/\",\"url\":\"https:\\\/\\\/saharafamilytours.com\\\/it\\\/contattaci\\\/\",\"name\":\"Contattaci - Sahara Family Tours\",\"isPartOf\":{\"@id\":\"https:\\\/\\\/saharafamilytours.com\\\/it\\\/#website\"},\"primaryImageOfPage\":{\"@id\":\"https:\\\/\\\/saharafamilytours.com\\\/it\\\/contattaci\\\/#primaryimage\"},\"image\":{\"@id\":\"https:\\\/\\\/saharafamilytours.com\\\/it\\\/contattaci\\\/#primaryimage\"},\"thumbnailUrl\":\"https:\\\/\\\/saharafamilytours.com\\\/it\\\/wp-content\\\/uploads\\\/2024\\\/04\\\/Contattaci.jpg\",\"datePublished\":\"2016-10-05T02:12:01+00:00\",\"dateModified\":\"2026-02-02T19:34:36+00:00\",\"description\":\"Contattaci per organizzare il tuo viaggio su misura in Marocco: esperienze autentiche, itinerari personalizzati e assistenza dedicata.\",\"breadcrumb\":{\"@id\":\"https:\\\/\\\/saharafamilytours.com\\\/it\\\/contattaci\\\/#breadcrumb\"},\"inLanguage\":\"it-IT\",\"potentialAction\":[{\"@type\":\"ReadAction\",\"target\":[\"https:\\\/\\\/saharafamilytours.com\\\/it\\\/contattaci\\\/\"]}]},{\"@type\":\"ImageObject\",\"inLanguage\":\"it-IT\",\"@id\":\"https:\\\/\\\/saharafamilytours.com\\\/it\\\/contattaci\\\/#primaryimage\",\"url\":\"https:\\\/\\\/saharafamilytours.com\\\/it\\\/wp-content\\\/uploads\\\/2024\\\/04\\\/Contattaci.jpg\",\"contentUrl\":\"https:\\\/\\\/saharafamilytours.com\\\/it\\\/wp-content\\\/uploads\\\/2024\\\/04\\\/Contattaci.jpg\",\"width\":1200,\"height\":900,\"caption\":\"Contattaci\"},{\"@type\":\"BreadcrumbList\",\"@id\":\"https:\\\/\\\/saharafamilytours.com\\\/it\\\/contattaci\\\/#breadcrumb\",\"itemListElement\":[{\"@type\":\"ListItem\",\"position\":1,\"name\":\"Home\",\"item\":\"https:\\\/\\\/saharafamilytours.com\\\/it\\\/\"},{\"@type\":\"ListItem\",\"position\":2,\"name\":\"Contattaci\"}]},{\"@type\":\"WebSite\",\"@id\":\"https:\\\/\\\/saharafamilytours.com\\\/it\\\/#website\",\"url\":\"https:\\\/\\\/saharafamilytours.com\\\/it\\\/\",\"name\":\"Sahara Family Tours\",\"description\":\"Viaggi di Famiglia in Marocco | Vacanze in Marocco con Bambini\",\"publisher\":{\"@id\":\"https:\\\/\\\/saharafamilytours.com\\\/it\\\/#organization\"},\"potentialAction\":[{\"@type\":\"SearchAction\",\"target\":{\"@type\":\"EntryPoint\",\"urlTemplate\":\"https:\\\/\\\/saharafamilytours.com\\\/it\\\/?s={search_term_string}\"},\"query-input\":{\"@type\":\"PropertyValueSpecification\",\"valueRequired\":true,\"valueName\":\"search_term_string\"}}],\"inLanguage\":\"it-IT\"},{\"@type\":\"Organization\",\"@id\":\"https:\\\/\\\/saharafamilytours.com\\\/it\\\/#organization\",\"name\":\"Sahara Family Tours\",\"url\":\"https:\\\/\\\/saharafamilytours.com\\\/it\\\/\",\"logo\":{\"@type\":\"ImageObject\",\"inLanguage\":\"it-IT\",\"@id\":\"https:\\\/\\\/saharafamilytours.com\\\/it\\\/#\\\/schema\\\/logo\\\/image\\\/\",\"url\":\"https:\\\/\\\/saharafamilytours.com\\\/it\\\/wp-content\\\/uploads\\\/2025\\\/10\\\/Viaggi-su-misura-in-Marocco.png\",\"contentUrl\":\"https:\\\/\\\/saharafamilytours.com\\\/it\\\/wp-content\\\/uploads\\\/2025\\\/10\\\/Viaggi-su-misura-in-Marocco.png\",\"width\":512,\"height\":512,\"caption\":\"Sahara Family Tours\"},\"image\":{\"@id\":\"https:\\\/\\\/saharafamilytours.com\\\/it\\\/#\\\/schema\\\/logo\\\/image\\\/\"}}]}<\/script>\n<!-- \/ Yoast SEO Premium plugin. -->","yoast_head_json":{"title":"Contattaci - Sahara Family Tours","description":"Contattaci per organizzare il tuo viaggio su misura in Marocco: esperienze autentiche, itinerari personalizzati e assistenza dedicata.","robots":{"index":"index","follow":"follow","max-snippet":"max-snippet:-1","max-image-preview":"max-image-preview:large","max-video-preview":"max-video-preview:-1"},"canonical":"https:\/\/saharafamilytours.com\/it\/contattaci\/","og_locale":"it_IT","og_type":"article","og_title":"Contattaci","og_description":"Contattaci per organizzare il tuo viaggio su misura in Marocco: esperienze autentiche, itinerari personalizzati e assistenza dedicata.","og_url":"https:\/\/saharafamilytours.com\/it\/contattaci\/","og_site_name":"Sahara Family Tours","article_modified_time":"2026-02-02T19:34:36+00:00","og_image":[{"width":1200,"height":900,"url":"https:\/\/saharafamilytours.com\/it\/wp-content\/uploads\/2024\/04\/Contattaci.jpg","type":"image\/jpeg"}],"twitter_card":"summary_large_image","twitter_misc":{"Tempo di lettura stimato":"2 minuti"},"schema":{"@context":"https:\/\/schema.org","@graph":[{"@type":"WebPage","@id":"https:\/\/saharafamilytours.com\/it\/contattaci\/","url":"https:\/\/saharafamilytours.com\/it\/contattaci\/","name":"Contattaci - Sahara Family Tours","isPartOf":{"@id":"https:\/\/saharafamilytours.com\/it\/#website"},"primaryImageOfPage":{"@id":"https:\/\/saharafamilytours.com\/it\/contattaci\/#primaryimage"},"image":{"@id":"https:\/\/saharafamilytours.com\/it\/contattaci\/#primaryimage"},"thumbnailUrl":"https:\/\/saharafamilytours.com\/it\/wp-content\/uploads\/2024\/04\/Contattaci.jpg","datePublished":"2016-10-05T02:12:01+00:00","dateModified":"2026-02-02T19:34:36+00:00","description":"Contattaci per organizzare il tuo viaggio su misura in Marocco: esperienze autentiche, itinerari personalizzati e assistenza dedicata.","breadcrumb":{"@id":"https:\/\/saharafamilytours.com\/it\/contattaci\/#breadcrumb"},"inLanguage":"it-IT","potentialAction":[{"@type":"ReadAction","target":["https:\/\/saharafamilytours.com\/it\/contattaci\/"]}]},{"@type":"ImageObject","inLanguage":"it-IT","@id":"https:\/\/saharafamilytours.com\/it\/contattaci\/#primaryimage","url":"https:\/\/saharafamilytours.com\/it\/wp-content\/uploads\/2024\/04\/Contattaci.jpg","contentUrl":"https:\/\/saharafamilytours.com\/it\/wp-content\/uploads\/2024\/04\/Contattaci.jpg","width":1200,"height":900,"caption":"Contattaci"},{"@type":"BreadcrumbList","@id":"https:\/\/saharafamilytours.com\/it\/contattaci\/#breadcrumb","itemListElement":[{"@type":"ListItem","position":1,"name":"Home","item":"https:\/\/saharafamilytours.com\/it\/"},{"@type":"ListItem","position":2,"name":"Contattaci"}]},{"@type":"WebSite","@id":"https:\/\/saharafamilytours.com\/it\/#website","url":"https:\/\/saharafamilytours.com\/it\/","name":"Sahara Family Tours","description":"Viaggi di Famiglia in Marocco | Vacanze in Marocco con Bambini","publisher":{"@id":"https:\/\/saharafamilytours.com\/it\/#organization"},"potentialAction":[{"@type":"SearchAction","target":{"@type":"EntryPoint","urlTemplate":"https:\/\/saharafamilytours.com\/it\/?s={search_term_string}"},"query-input":{"@type":"PropertyValueSpecification","valueRequired":true,"valueName":"search_term_string"}}],"inLanguage":"it-IT"},{"@type":"Organization","@id":"https:\/\/saharafamilytours.com\/it\/#organization","name":"Sahara Family Tours","url":"https:\/\/saharafamilytours.com\/it\/","logo":{"@type":"ImageObject","inLanguage":"it-IT","@id":"https:\/\/saharafamilytours.com\/it\/#\/schema\/logo\/image\/","url":"https:\/\/saharafamilytours.com\/it\/wp-content\/uploads\/2025\/10\/Viaggi-su-misura-in-Marocco.png","contentUrl":"https:\/\/saharafamilytours.com\/it\/wp-content\/uploads\/2025\/10\/Viaggi-su-misura-in-Marocco.png","width":512,"height":512,"caption":"Sahara Family Tours"},"image":{"@id":"https:\/\/saharafamilytours.com\/it\/#\/schema\/logo\/image\/"}}]}},"_links":{"self":[{"href":"https:\/\/saharafamilytours.com\/it\/wp-json\/wp\/v2\/pages\/166","targetHints":{"allow":["GET"]}}],"collection":[{"href":"https:\/\/saharafamilytours.com\/it\/wp-json\/wp\/v2\/pages"}],"about":[{"href":"https:\/\/saharafamilytours.com\/it\/wp-json\/wp\/v2\/types\/page"}],"author":[{"embeddable":true,"href":"https:\/\/saharafamilytours.com\/it\/wp-json\/wp\/v2\/users\/1"}],"replies":[{"embeddable":true,"href":"https:\/\/saharafamilytours.com\/it\/wp-json\/wp\/v2\/comments?post=166"}],"version-history":[{"count":8,"href":"https:\/\/saharafamilytours.com\/it\/wp-json\/wp\/v2\/pages\/166\/revisions"}],"predecessor-version":[{"id":1204,"href":"https:\/\/saharafamilytours.com\/it\/wp-json\/wp\/v2\/pages\/166\/revisions\/1204"}],"wp:featuredmedia":[{"embeddable":true,"href":"https:\/\/saharafamilytours.com\/it\/wp-json\/wp\/v2\/media\/721"}],"wp:attachment":[{"href":"https:\/\/saharafamilytours.com\/it\/wp-json\/wp\/v2\/media?parent=166"}],"curies":[{"name":"wp","href":"https:\/\/api.w.org\/{rel}","templated":true}]}}