{"id":1133,"date":"2025-12-11T16:25:55","date_gmt":"2025-12-11T16:25:55","guid":{"rendered":"https:\/\/saharafamilytours.com\/pt\/?page_id=1133"},"modified":"2025-12-11T16:25:55","modified_gmt":"2025-12-11T16:25:55","slug":"sobre-nos","status":"publish","type":"page","link":"https:\/\/saharafamilytours.com\/pt\/sobre-nos\/","title":{"rendered":"Sobre n\u00f3s"},"content":{"rendered":"<p>[vc_row][vc_column][vc_column_text]<\/p>\n<h4 style=\"text-align: center;\"><strong>Bem-vindo \u00e0 Sahara Family Tours! Uma forma diferente de viajar pelo <span style=\"color: #000000;\"><a style=\"color: #000000;\" href=\"https:\/\/saharafamilytours.com\/pt\/\">Marrocos<\/a><\/span><\/strong><\/h4>\n<p>A nossa ag\u00eancia, Sahara Family Tours, oferece uma ampla variedade de f\u00e9rias culturais privadas e excurs\u00f5es de um dia. Se voc\u00ea est\u00e1 a planear as suas f\u00e9rias e sonha em explorar hist\u00f3ricas cidades imperiais, fazer trekking no deserto, passeios de camelo no deserto do Saara, viagens de lua de mel, pernoitar em tendas berberes, visitar kasbahs e aldeias berberes, descobrir a magn\u00edfica costa atl\u00e2ntica, ou se prefere personalizar totalmente a sua viagem de acordo com o que deseja, n\u00e3o hesite em contactar-nos. Podemos oferecer-lhe uma experi\u00eancia completa com um or\u00e7amento competitivo.<\/p>\n<p>Na Sahara Family Tours, estamos comprometidos em organizar viagens cuidadosamente planeadas em Marrocos.<br \/>\nCuidamos de todos os preparativos para que voc\u00ea n\u00e3o tenha de se preocupar com nada.<\/p>\n<p>Procuramos sempre incorporar novas abordagens \u00e0 arte de viajar, garantindo que a experi\u00eancia vivida seja o mais completa poss\u00edvel.<br \/>\nA Sahara <span style=\"color: #000000;\"><a style=\"color: #000000;\" href=\"https:\/\/es.wikipedia.org\/wiki\/Marruecos\">Family<\/a><\/span> Tours n\u00e3o se limita a organizar circuitos: queremos que cada viajante descubra a cultura e as paisagens deste pa\u00eds de uma forma alternativa e fascinante.<\/p>\n<p>N\u00e3o perca a oportunidade de visitar o Marrocos, uma forma de se aproximar de uma cultura pr\u00f3xima e, ao mesmo tempo, diferente. Uma viagem no tempo que ficar\u00e1 marcada para sempre.<\/p>\n<p><strong>A nossa miss\u00e3o:<\/strong> garantir que os nossos clientes aproveitem ao m\u00e1ximo todos os servi\u00e7os da viagem, tornando esta experi\u00eancia verdadeiramente inesquec\u00edvel. Baseamo-nos na confian\u00e7a, seguran\u00e7a e pontualidade no atendimento, e a nossa equipa de Servi\u00e7o ao Cliente est\u00e1 sempre \u00e0 sua disposi\u00e7\u00e3o para aconselhar e ajudar.<\/p>\n<p>Esperamos ouvir de voc\u00ea em breve e receb\u00ea-lo em Marrocos[\/vc_column_text][\/vc_column][\/vc_row]<\/p>\n","protected":false},"excerpt":{"rendered":"<p>[vc_row][vc_column][vc_column_text]<br \/>\nBem-vindo \u00e0 Sahara Family Tours! Uma forma diferente de viajar pelo Marrocos<br \/>\nA nossa ag\u00eancia, Sahara Family Tours, oferece uma ampla variedade de f\u00e9rias culturais privadas e excurs\u00f5es de <\/p>\n","protected":false},"author":1,"featured_media":1134,"parent":0,"menu_order":0,"comment_status":"closed","ping_status":"closed","template":"","meta":{"_joinchat":[],"footnotes":""},"class_list":["post-1133","page","type-page","status-publish","has-post-thumbnail","hentry"],"yoast_head":"<!-- This site is optimized with the Yoast SEO plugin v27.5 - https:\/\/yoast.com\/product\/yoast-seo-wordpress\/ -->\n<title>Sobre n\u00f3s - Sahara Family Tours<\/title>\n<meta name=\"description\" content=\"Sahara Family Tours n\u00e3o se limita a organizar circuitos: queremos que cada viajante descubra a cultura e as paisagens deste pa\u00eds de uma forma\" \/>\n<meta name=\"robots\" content=\"index, follow, max-snippet:-1, max-image-preview:large, max-video-preview:-1\" \/>\n<link rel=\"canonical\" href=\"https:\/\/saharafamilytours.com\/pt\/sobre-nos\/\" \/>\n<meta property=\"og:locale\" content=\"pt_PT\" \/>\n<meta property=\"og:type\" content=\"article\" \/>\n<meta property=\"og:title\" content=\"Sobre n\u00f3s - Sahara Family Tours\" \/>\n<meta property=\"og:description\" content=\"Sahara Family Tours n\u00e3o se limita a organizar circuitos: queremos que cada viajante descubra a cultura e as paisagens deste pa\u00eds de uma forma\" \/>\n<meta property=\"og:url\" content=\"https:\/\/saharafamilytours.com\/pt\/sobre-nos\/\" \/>\n<meta property=\"og:site_name\" content=\"Sahara Family Tours\" \/>\n<meta property=\"og:image\" content=\"https:\/\/saharafamilytours.com\/pt\/wp-content\/uploads\/2025\/12\/Sobre-nos.jpg\" \/>\n\t<meta property=\"og:image:width\" content=\"1200\" \/>\n\t<meta property=\"og:image:height\" content=\"900\" \/>\n\t<meta property=\"og:image:type\" content=\"image\/jpeg\" \/>\n<meta name=\"twitter:card\" content=\"summary_large_image\" \/>\n<meta name=\"twitter:label1\" content=\"Tempo estimado de leitura\" \/>\n\t<meta name=\"twitter:data1\" content=\"2 minutos\" \/>\n<script type=\"application\/ld+json\" class=\"yoast-schema-graph\">{\"@context\":\"https:\\\/\\\/schema.org\",\"@graph\":[{\"@type\":\"WebPage\",\"@id\":\"https:\\\/\\\/saharafamilytours.com\\\/pt\\\/sobre-nos\\\/\",\"url\":\"https:\\\/\\\/saharafamilytours.com\\\/pt\\\/sobre-nos\\\/\",\"name\":\"Sobre n\u00f3s - Sahara Family Tours\",\"isPartOf\":{\"@id\":\"https:\\\/\\\/saharafamilytours.com\\\/pt\\\/#website\"},\"primaryImageOfPage\":{\"@id\":\"https:\\\/\\\/saharafamilytours.com\\\/pt\\\/sobre-nos\\\/#primaryimage\"},\"image\":{\"@id\":\"https:\\\/\\\/saharafamilytours.com\\\/pt\\\/sobre-nos\\\/#primaryimage\"},\"thumbnailUrl\":\"https:\\\/\\\/saharafamilytours.com\\\/pt\\\/wp-content\\\/uploads\\\/2025\\\/12\\\/Sobre-nos.jpg\",\"datePublished\":\"2025-12-11T16:25:55+00:00\",\"description\":\"Sahara Family Tours n\u00e3o se limita a organizar circuitos: queremos que cada viajante descubra a cultura e as paisagens deste pa\u00eds de uma forma\",\"breadcrumb\":{\"@id\":\"https:\\\/\\\/saharafamilytours.com\\\/pt\\\/sobre-nos\\\/#breadcrumb\"},\"inLanguage\":\"pt-PT\",\"potentialAction\":[{\"@type\":\"ReadAction\",\"target\":[\"https:\\\/\\\/saharafamilytours.com\\\/pt\\\/sobre-nos\\\/\"]}]},{\"@type\":\"ImageObject\",\"inLanguage\":\"pt-PT\",\"@id\":\"https:\\\/\\\/saharafamilytours.com\\\/pt\\\/sobre-nos\\\/#primaryimage\",\"url\":\"https:\\\/\\\/saharafamilytours.com\\\/pt\\\/wp-content\\\/uploads\\\/2025\\\/12\\\/Sobre-nos.jpg\",\"contentUrl\":\"https:\\\/\\\/saharafamilytours.com\\\/pt\\\/wp-content\\\/uploads\\\/2025\\\/12\\\/Sobre-nos.jpg\",\"width\":1200,\"height\":900},{\"@type\":\"BreadcrumbList\",\"@id\":\"https:\\\/\\\/saharafamilytours.com\\\/pt\\\/sobre-nos\\\/#breadcrumb\",\"itemListElement\":[{\"@type\":\"ListItem\",\"position\":1,\"name\":\"Home\",\"item\":\"https:\\\/\\\/saharafamilytours.com\\\/pt\\\/\"},{\"@type\":\"ListItem\",\"position\":2,\"name\":\"Sobre n\u00f3s\"}]},{\"@type\":\"WebSite\",\"@id\":\"https:\\\/\\\/saharafamilytours.com\\\/pt\\\/#website\",\"url\":\"https:\\\/\\\/saharafamilytours.com\\\/pt\\\/\",\"name\":\"Sahara Family Tours\",\"description\":\"Viagens em Marrocos para fam\u00edlias com crian\u00e7as\",\"potentialAction\":[{\"@type\":\"SearchAction\",\"target\":{\"@type\":\"EntryPoint\",\"urlTemplate\":\"https:\\\/\\\/saharafamilytours.com\\\/pt\\\/?s={search_term_string}\"},\"query-input\":{\"@type\":\"PropertyValueSpecification\",\"valueRequired\":true,\"valueName\":\"search_term_string\"}}],\"inLanguage\":\"pt-PT\"}]}<\/script>\n<!-- \/ Yoast SEO plugin. -->","yoast_head_json":{"title":"Sobre n\u00f3s - Sahara Family Tours","description":"Sahara Family Tours n\u00e3o se limita a organizar circuitos: queremos que cada viajante descubra a cultura e as paisagens deste pa\u00eds de uma forma","robots":{"index":"index","follow":"follow","max-snippet":"max-snippet:-1","max-image-preview":"max-image-preview:large","max-video-preview":"max-video-preview:-1"},"canonical":"https:\/\/saharafamilytours.com\/pt\/sobre-nos\/","og_locale":"pt_PT","og_type":"article","og_title":"Sobre n\u00f3s - Sahara Family Tours","og_description":"Sahara Family Tours n\u00e3o se limita a organizar circuitos: queremos que cada viajante descubra a cultura e as paisagens deste pa\u00eds de uma forma","og_url":"https:\/\/saharafamilytours.com\/pt\/sobre-nos\/","og_site_name":"Sahara Family Tours","og_image":[{"width":1200,"height":900,"url":"https:\/\/saharafamilytours.com\/pt\/wp-content\/uploads\/2025\/12\/Sobre-nos.jpg","type":"image\/jpeg"}],"twitter_card":"summary_large_image","twitter_misc":{"Tempo estimado de leitura":"2 minutos"},"schema":{"@context":"https:\/\/schema.org","@graph":[{"@type":"WebPage","@id":"https:\/\/saharafamilytours.com\/pt\/sobre-nos\/","url":"https:\/\/saharafamilytours.com\/pt\/sobre-nos\/","name":"Sobre n\u00f3s - Sahara Family Tours","isPartOf":{"@id":"https:\/\/saharafamilytours.com\/pt\/#website"},"primaryImageOfPage":{"@id":"https:\/\/saharafamilytours.com\/pt\/sobre-nos\/#primaryimage"},"image":{"@id":"https:\/\/saharafamilytours.com\/pt\/sobre-nos\/#primaryimage"},"thumbnailUrl":"https:\/\/saharafamilytours.com\/pt\/wp-content\/uploads\/2025\/12\/Sobre-nos.jpg","datePublished":"2025-12-11T16:25:55+00:00","description":"Sahara Family Tours n\u00e3o se limita a organizar circuitos: queremos que cada viajante descubra a cultura e as paisagens deste pa\u00eds de uma forma","breadcrumb":{"@id":"https:\/\/saharafamilytours.com\/pt\/sobre-nos\/#breadcrumb"},"inLanguage":"pt-PT","potentialAction":[{"@type":"ReadAction","target":["https:\/\/saharafamilytours.com\/pt\/sobre-nos\/"]}]},{"@type":"ImageObject","inLanguage":"pt-PT","@id":"https:\/\/saharafamilytours.com\/pt\/sobre-nos\/#primaryimage","url":"https:\/\/saharafamilytours.com\/pt\/wp-content\/uploads\/2025\/12\/Sobre-nos.jpg","contentUrl":"https:\/\/saharafamilytours.com\/pt\/wp-content\/uploads\/2025\/12\/Sobre-nos.jpg","width":1200,"height":900},{"@type":"BreadcrumbList","@id":"https:\/\/saharafamilytours.com\/pt\/sobre-nos\/#breadcrumb","itemListElement":[{"@type":"ListItem","position":1,"name":"Home","item":"https:\/\/saharafamilytours.com\/pt\/"},{"@type":"ListItem","position":2,"name":"Sobre n\u00f3s"}]},{"@type":"WebSite","@id":"https:\/\/saharafamilytours.com\/pt\/#website","url":"https:\/\/saharafamilytours.com\/pt\/","name":"Sahara Family Tours","description":"Viagens em Marrocos para fam\u00edlias com crian\u00e7as","potentialAction":[{"@type":"SearchAction","target":{"@type":"EntryPoint","urlTemplate":"https:\/\/saharafamilytours.com\/pt\/?s={search_term_string}"},"query-input":{"@type":"PropertyValueSpecification","valueRequired":true,"valueName":"search_term_string"}}],"inLanguage":"pt-PT"}]}},"_links":{"self":[{"href":"https:\/\/saharafamilytours.com\/pt\/wp-json\/wp\/v2\/pages\/1133","targetHints":{"allow":["GET"]}}],"collection":[{"href":"https:\/\/saharafamilytours.com\/pt\/wp-json\/wp\/v2\/pages"}],"about":[{"href":"https:\/\/saharafamilytours.com\/pt\/wp-json\/wp\/v2\/types\/page"}],"author":[{"embeddable":true,"href":"https:\/\/saharafamilytours.com\/pt\/wp-json\/wp\/v2\/users\/1"}],"replies":[{"embeddable":true,"href":"https:\/\/saharafamilytours.com\/pt\/wp-json\/wp\/v2\/comments?post=1133"}],"version-history":[{"count":1,"href":"https:\/\/saharafamilytours.com\/pt\/wp-json\/wp\/v2\/pages\/1133\/revisions"}],"predecessor-version":[{"id":1135,"href":"https:\/\/saharafamilytours.com\/pt\/wp-json\/wp\/v2\/pages\/1133\/revisions\/1135"}],"wp:featuredmedia":[{"embeddable":true,"href":"https:\/\/saharafamilytours.com\/pt\/wp-json\/wp\/v2\/media\/1134"}],"wp:attachment":[{"href":"https:\/\/saharafamilytours.com\/pt\/wp-json\/wp\/v2\/media?parent=1133"}],"curies":[{"name":"wp","href":"https:\/\/api.w.org\/{rel}","templated":true}]}}