{"id":166,"date":"2016-10-05T02:12:01","date_gmt":"2016-10-05T02:12:01","guid":{"rendered":"http:\/\/travelwp.physcode.com\/travelwp-2\/?page_id=166"},"modified":"2025-12-18T21:45:24","modified_gmt":"2025-12-18T21:45:24","slug":"contatos","status":"publish","type":"page","link":"https:\/\/saharafamilytours.com\/pt\/contatos\/","title":{"rendered":"Contatos"},"content":{"rendered":"<p>[vc_row el_class=&#8221;pages_content&#8221;][vc_column]<div class=\"pages_content\"><h4>INFORMA\u00c7\u00d5ES DE CONTATO<\/h4><div class=\"contact_infor\"><ul><li><label><i class=\"fa fa-home\"><\/i>EMPRESA <\/label><div class=\"des\">Sahara Family Tours <\/div><\/li><li><label><i class=\"fa fa-phone\"><\/i>TELEFONE<\/label><div class=\"des\">+212 617407523<\/div><\/li><li><label><i class=\"fa fa-whatsapp \"><\/i>WHATSAAPP <\/label><div class=\"des\">+212 617407523<\/div><\/li><li><label><i class=\"fa fa-envelope\"><\/i>E-MAIL<\/label><div class=\"des\">Saharafamilytours@gmail.com<\/div><\/li><li><label><i class=\"fa fa-map-marker\"><\/i>ENDERE\u00c7O <\/label><div class=\"des\">Rue Al-mansour Eddahbi, Ouarzazate 45000  Marrocos<\/div><\/li><\/ul><\/div><\/div>[\/vc_column][\/vc_row][vc_row el_class=&#8221;pages_content&#8221;][vc_column][vc_column_text]<\/p>\n<h4 style=\"text-align: center;\"><span style=\"color: #000000;\"><strong>Contacte-nos para or\u00e7amento do seu passeio com crian\u00e7as em Marrocos<\/strong><\/span><\/h4>\n<p>Preencha o formul\u00e1rio abaixo para receber um or\u00e7amento gratuito e sem compromisso, feito sob medida por uma ag\u00eancia com atua\u00e7\u00e3o em <span style=\"color: #000000;\"><a style=\"color: #000000;\" href=\"https:\/\/pt.m.wikipedia.org\/wiki\/Marrocos\">Marrocos<\/a><\/span>. Somos especializados em viagens 100% personalizadas, customizando servi\u00e7os, idioma, transporte e qualquer outro aspecto do destino.<\/p>\n<p>No prazo m\u00e1ximo de 24\/48 horas, receber\u00e1 uma resposta por email com o or\u00e7amento da sua proposta. na hora de organizar a sua viagem a Marrocos o que importa \u00e9 o pre\u00e7o, mas sim a qualidade dos servi\u00e7os.<\/p>\n<h4 style=\"text-align: center;\"><span style=\"color: #000000;\"><strong>Pol\u00edtica de Reservas:<\/strong><\/span><\/h4>\n<ul>\n<li>Exigimos um dep\u00f3sito de 25% para reservar sua excurs\u00e3o privada ao Marrocos.<\/li>\n<li>PayPal custa 5% das taxas<\/li>\n<li>Transfer\u00eancia banc\u00e1ria custa 14% das taxas<\/li>\n<li>Pague com cart\u00e3o de cr\u00e9dito 5% das taxas<\/li>\n<\/ul>\n<p>Voc\u00ea tamb\u00e9m pode pagar o saldo na chegada ao <span style=\"color: #000000;\"><a style=\"color: #000000;\" href=\"https:\/\/saharafamilytours.com\/pt\/contatos\/\">Marrocos<\/a><\/span>, em dinheiro em d\u00f3lares americanos, euros ou MAD.<\/p>\n<p>Tamb\u00e9m aceitamos pagamentos com a maioria dos principais cart\u00f5es de cr\u00e9dito por uma taxa adicional de 5%. Desculpe, mas n\u00e3o aceitamos American Express<\/p>\n<p>Nota: \u00c9 imprescind\u00edvel o preenchimento de todos os dados nos campos obrigat\u00f3rios solicitados neste formul\u00e1rio.\n<div class=\"wpcf7 no-js\" id=\"wpcf7-f1099-o1\" lang=\"pt-PT\" dir=\"ltr\" data-wpcf7-id=\"1099\">\n<div class=\"screen-reader-response\"><p role=\"status\" aria-live=\"polite\" aria-atomic=\"true\"><\/p> <ul><\/ul><\/div>\n<form action=\"\/pt\/wp-json\/wp\/v2\/pages\/166#wpcf7-f1099-o1\" method=\"post\" class=\"wpcf7-form init\" aria-label=\"Formul\u00e1rio de contacto\" novalidate=\"novalidate\" data-status=\"init\">\n<fieldset class=\"hidden-fields-container\"><input type=\"hidden\" name=\"_wpcf7\" value=\"1099\" \/><input type=\"hidden\" name=\"_wpcf7_version\" value=\"6.1.5\" \/><input type=\"hidden\" name=\"_wpcf7_locale\" value=\"pt_PT\" \/><input type=\"hidden\" name=\"_wpcf7_unit_tag\" value=\"wpcf7-f1099-o1\" \/><input type=\"hidden\" name=\"_wpcf7_container_post\" value=\"0\" \/><input type=\"hidden\" name=\"_wpcf7_posted_data_hash\" value=\"\" \/>\n<\/fieldset>\n<div class=\"form-contact\">\n\t<div class=\"row-1x\">\n\t\t<div class=\"col-sm-6\">\n\t\t\t<p><span class=\"wpcf7-form-control-wrap\" data-name=\"your-name\"><input size=\"40\" maxlength=\"400\" class=\"wpcf7-form-control wpcf7-text wpcf7-validates-as-required\" aria-required=\"true\" aria-invalid=\"false\" placeholder=\"Nome completo\" value=\"\" type=\"text\" name=\"your-name\" \/><\/span>\n\t\t\t<\/p>\n\t\t<\/div>\n\t\t<div class=\"col-sm-6\">\n\t\t\t<p><span class=\"wpcf7-form-control-wrap\" data-name=\"your-email\"><input size=\"40\" maxlength=\"400\" class=\"wpcf7-form-control wpcf7-email wpcf7-validates-as-required wpcf7-text wpcf7-validates-as-email\" aria-required=\"true\" aria-invalid=\"false\" placeholder=\"E-mail\" value=\"\" type=\"email\" name=\"your-email\" \/><\/span>\n\t\t\t<\/p>\n\t\t<\/div>\n\t<\/div>\n\t<div class=\"row-1x\">\n\t\t<div class=\"col-sm-6\">\n\t\t\t<p><span class=\"wpcf7-form-control-wrap\" data-name=\"text-232\"><input size=\"40\" maxlength=\"400\" class=\"wpcf7-form-control wpcf7-text wpcf7-validates-as-required\" aria-required=\"true\" aria-invalid=\"false\" placeholder=\"N\u00famero de telefone\" value=\"\" type=\"text\" name=\"text-232\" \/><\/span>\n\t\t\t<\/p>\n\t\t<\/div>\n\t\t<div class=\"col-sm-6\">\n\t\t\t<p><span class=\"wpcf7-form-control-wrap\" data-name=\"text-812\"><input size=\"40\" maxlength=\"400\" class=\"wpcf7-form-control wpcf7-text wpcf7-validates-as-required\" aria-required=\"true\" aria-invalid=\"false\" placeholder=\"Pa\u00eds\" value=\"\" type=\"text\" name=\"text-812\" \/><\/span>\n\t\t\t<\/p>\n\t\t<\/div>\n\t<\/div>\n\t<div class=\"row-1x\">\n\t\t<div class=\"col-sm-6\">\n\t\t\t<p><span class=\"wpcf7-form-control-wrap\" data-name=\"text-629\"><input size=\"40\" maxlength=\"400\" class=\"wpcf7-form-control wpcf7-text wpcf7-validates-as-required\" aria-required=\"true\" aria-invalid=\"false\" placeholder=\"N\u00famero de pessoasr\" value=\"\" type=\"text\" name=\"text-629\" \/><\/span>\n\t\t\t<\/p>\n\t\t<\/div>\n\t\t<div class=\"col-sm-6\">\n\t\t\t<p><span class=\"wpcf7-form-control-wrap\" data-name=\"text-494\"><input size=\"40\" maxlength=\"400\" class=\"wpcf7-form-control wpcf7-text wpcf7-validates-as-required\" aria-required=\"true\" aria-invalid=\"false\" placeholder=\"N\u00famero de crian\u00e7as\" value=\"\" type=\"text\" name=\"text-494\" \/><\/span>\n\t\t\t<\/p>\n\t\t<\/div>\n\t<\/div>\n\t<div class=\"row-1x\">\n\t\t<div class=\"col-sm-6\">\n\t\t\t<p><span class=\"wpcf7-form-control-wrap\" data-name=\"text-293\"><input size=\"40\" maxlength=\"400\" class=\"wpcf7-form-control wpcf7-text wpcf7-validates-as-required\" aria-required=\"true\" aria-invalid=\"false\" placeholder=\"Data da passeio\" value=\"\" type=\"text\" name=\"text-293\" \/><\/span>\n\t\t\t<\/p>\n\t\t<\/div>\n\t\t<div class=\"col-sm-6\">\n\t\t\t<p><span class=\"wpcf7-form-control-wrap\" data-name=\"text-189\"><input size=\"40\" maxlength=\"400\" class=\"wpcf7-form-control wpcf7-text wpcf7-validates-as-required\" aria-required=\"true\" aria-invalid=\"false\" placeholder=\"Diga-nos em qual tour est\u00e1 interessado\" value=\"\" type=\"text\" name=\"text-189\" \/><\/span>\n\t\t\t<\/p>\n\t\t<\/div>\n\t<\/div>\n\t<div class=\"row-1x\">\n\t\t<div class=\"form-contact\">\n\t\t\t<p><span class=\"wpcf7-form-control-wrap\" data-name=\"your-message\"><textarea cols=\"40\" rows=\"10\" maxlength=\"2000\" class=\"wpcf7-form-control wpcf7-textarea\" aria-invalid=\"false\" placeholder=\"Diga-me tudo o que voc\u00ea precisa no passeio\" name=\"your-message\"><\/textarea><\/span><br \/>\n<input class=\"wpcf7-form-control wpcf7-submit has-spinner\" type=\"submit\" value=\"Enviar\" \/>\n\t\t\t<\/p>\n\t\t<\/div>\n\t<\/div>\n<\/div><div class=\"wpcf7-response-output\" aria-hidden=\"true\"><\/div>\n<\/form>\n<\/div>\n[\/vc_column_text][\/vc_column][\/vc_row]<\/p>\n","protected":false},"excerpt":{"rendered":"<p>[vc_row el_class=&#8221;pages_content&#8221;][vc_column][\/vc_column][\/vc_row][vc_row el_class=&#8221;pages_content&#8221;][vc_column][vc_column_text]<br \/>\nContacte-nos para or\u00e7amento do seu passeio com crian\u00e7as em Marrocos<br \/>\nPreencha o formul\u00e1rio abaixo para receber um or\u00e7amento gratuito e sem compromisso, feito sob medida por uma <\/p>\n","protected":false},"author":1,"featured_media":1082,"parent":0,"menu_order":0,"comment_status":"closed","ping_status":"closed","template":"","meta":{"_joinchat":[],"footnotes":""},"class_list":["post-166","page","type-page","status-publish","has-post-thumbnail","hentry"],"yoast_head":"<!-- This site is optimized with the Yoast SEO plugin v27.5 - https:\/\/yoast.com\/product\/yoast-seo-wordpress\/ -->\n<title>Contatos - Sahara Family Tours<\/title>\n<meta name=\"description\" content=\"Contatos para or\u00e7amento do seu passeio em MarrocosPreencha o formul\u00e1rio abaixo para receber um or\u00e7amento gratuito...\" \/>\n<meta name=\"robots\" content=\"index, follow, max-snippet:-1, max-image-preview:large, max-video-preview:-1\" \/>\n<link rel=\"canonical\" href=\"https:\/\/saharafamilytours.com\/pt\/contatos\/\" \/>\n<meta property=\"og:locale\" content=\"pt_PT\" \/>\n<meta property=\"og:type\" content=\"article\" \/>\n<meta property=\"og:title\" content=\"Contatos - Sahara Family Tours\" \/>\n<meta property=\"og:description\" content=\"Contatos para or\u00e7amento do seu passeio em MarrocosPreencha o formul\u00e1rio abaixo para receber um or\u00e7amento gratuito...\" \/>\n<meta property=\"og:url\" content=\"https:\/\/saharafamilytours.com\/pt\/contatos\/\" \/>\n<meta property=\"og:site_name\" content=\"Sahara Family Tours\" \/>\n<meta property=\"article:modified_time\" content=\"2025-12-18T21:45:24+00:00\" \/>\n<meta property=\"og:image\" content=\"https:\/\/saharafamilytours.com\/pt\/wp-content\/uploads\/2024\/06\/Sahara-Family-Tours.jpg\" \/>\n\t<meta property=\"og:image:width\" content=\"1200\" \/>\n\t<meta property=\"og:image:height\" content=\"900\" \/>\n\t<meta property=\"og:image:type\" content=\"image\/jpeg\" \/>\n<meta name=\"twitter:card\" content=\"summary_large_image\" \/>\n<meta name=\"twitter:label1\" content=\"Tempo estimado de leitura\" \/>\n\t<meta name=\"twitter:data1\" content=\"2 minutos\" \/>\n<script type=\"application\/ld+json\" class=\"yoast-schema-graph\">{\"@context\":\"https:\\\/\\\/schema.org\",\"@graph\":[{\"@type\":\"WebPage\",\"@id\":\"https:\\\/\\\/saharafamilytours.com\\\/pt\\\/contatos\\\/\",\"url\":\"https:\\\/\\\/saharafamilytours.com\\\/pt\\\/contatos\\\/\",\"name\":\"Contatos - Sahara Family Tours\",\"isPartOf\":{\"@id\":\"https:\\\/\\\/saharafamilytours.com\\\/pt\\\/#website\"},\"primaryImageOfPage\":{\"@id\":\"https:\\\/\\\/saharafamilytours.com\\\/pt\\\/contatos\\\/#primaryimage\"},\"image\":{\"@id\":\"https:\\\/\\\/saharafamilytours.com\\\/pt\\\/contatos\\\/#primaryimage\"},\"thumbnailUrl\":\"https:\\\/\\\/saharafamilytours.com\\\/pt\\\/wp-content\\\/uploads\\\/2024\\\/06\\\/Sahara-Family-Tours.jpg\",\"datePublished\":\"2016-10-05T02:12:01+00:00\",\"dateModified\":\"2025-12-18T21:45:24+00:00\",\"description\":\"Contatos para or\u00e7amento do seu passeio em MarrocosPreencha o formul\u00e1rio abaixo para receber um or\u00e7amento gratuito...\",\"breadcrumb\":{\"@id\":\"https:\\\/\\\/saharafamilytours.com\\\/pt\\\/contatos\\\/#breadcrumb\"},\"inLanguage\":\"pt-PT\",\"potentialAction\":[{\"@type\":\"ReadAction\",\"target\":[\"https:\\\/\\\/saharafamilytours.com\\\/pt\\\/contatos\\\/\"]}]},{\"@type\":\"ImageObject\",\"inLanguage\":\"pt-PT\",\"@id\":\"https:\\\/\\\/saharafamilytours.com\\\/pt\\\/contatos\\\/#primaryimage\",\"url\":\"https:\\\/\\\/saharafamilytours.com\\\/pt\\\/wp-content\\\/uploads\\\/2024\\\/06\\\/Sahara-Family-Tours.jpg\",\"contentUrl\":\"https:\\\/\\\/saharafamilytours.com\\\/pt\\\/wp-content\\\/uploads\\\/2024\\\/06\\\/Sahara-Family-Tours.jpg\",\"width\":1200,\"height\":900,\"caption\":\"Sahara Family Tours\"},{\"@type\":\"BreadcrumbList\",\"@id\":\"https:\\\/\\\/saharafamilytours.com\\\/pt\\\/contatos\\\/#breadcrumb\",\"itemListElement\":[{\"@type\":\"ListItem\",\"position\":1,\"name\":\"Home\",\"item\":\"https:\\\/\\\/saharafamilytours.com\\\/pt\\\/\"},{\"@type\":\"ListItem\",\"position\":2,\"name\":\"Contatos\"}]},{\"@type\":\"WebSite\",\"@id\":\"https:\\\/\\\/saharafamilytours.com\\\/pt\\\/#website\",\"url\":\"https:\\\/\\\/saharafamilytours.com\\\/pt\\\/\",\"name\":\"Sahara Family Tours\",\"description\":\"Viagens em Marrocos para fam\u00edlias com crian\u00e7as\",\"potentialAction\":[{\"@type\":\"SearchAction\",\"target\":{\"@type\":\"EntryPoint\",\"urlTemplate\":\"https:\\\/\\\/saharafamilytours.com\\\/pt\\\/?s={search_term_string}\"},\"query-input\":{\"@type\":\"PropertyValueSpecification\",\"valueRequired\":true,\"valueName\":\"search_term_string\"}}],\"inLanguage\":\"pt-PT\"}]}<\/script>\n<!-- \/ Yoast SEO plugin. -->","yoast_head_json":{"title":"Contatos - Sahara Family Tours","description":"Contatos para or\u00e7amento do seu passeio em MarrocosPreencha o formul\u00e1rio abaixo para receber um or\u00e7amento gratuito...","robots":{"index":"index","follow":"follow","max-snippet":"max-snippet:-1","max-image-preview":"max-image-preview:large","max-video-preview":"max-video-preview:-1"},"canonical":"https:\/\/saharafamilytours.com\/pt\/contatos\/","og_locale":"pt_PT","og_type":"article","og_title":"Contatos - Sahara Family Tours","og_description":"Contatos para or\u00e7amento do seu passeio em MarrocosPreencha o formul\u00e1rio abaixo para receber um or\u00e7amento gratuito...","og_url":"https:\/\/saharafamilytours.com\/pt\/contatos\/","og_site_name":"Sahara Family Tours","article_modified_time":"2025-12-18T21:45:24+00:00","og_image":[{"width":1200,"height":900,"url":"https:\/\/saharafamilytours.com\/pt\/wp-content\/uploads\/2024\/06\/Sahara-Family-Tours.jpg","type":"image\/jpeg"}],"twitter_card":"summary_large_image","twitter_misc":{"Tempo estimado de leitura":"2 minutos"},"schema":{"@context":"https:\/\/schema.org","@graph":[{"@type":"WebPage","@id":"https:\/\/saharafamilytours.com\/pt\/contatos\/","url":"https:\/\/saharafamilytours.com\/pt\/contatos\/","name":"Contatos - Sahara Family Tours","isPartOf":{"@id":"https:\/\/saharafamilytours.com\/pt\/#website"},"primaryImageOfPage":{"@id":"https:\/\/saharafamilytours.com\/pt\/contatos\/#primaryimage"},"image":{"@id":"https:\/\/saharafamilytours.com\/pt\/contatos\/#primaryimage"},"thumbnailUrl":"https:\/\/saharafamilytours.com\/pt\/wp-content\/uploads\/2024\/06\/Sahara-Family-Tours.jpg","datePublished":"2016-10-05T02:12:01+00:00","dateModified":"2025-12-18T21:45:24+00:00","description":"Contatos para or\u00e7amento do seu passeio em MarrocosPreencha o formul\u00e1rio abaixo para receber um or\u00e7amento gratuito...","breadcrumb":{"@id":"https:\/\/saharafamilytours.com\/pt\/contatos\/#breadcrumb"},"inLanguage":"pt-PT","potentialAction":[{"@type":"ReadAction","target":["https:\/\/saharafamilytours.com\/pt\/contatos\/"]}]},{"@type":"ImageObject","inLanguage":"pt-PT","@id":"https:\/\/saharafamilytours.com\/pt\/contatos\/#primaryimage","url":"https:\/\/saharafamilytours.com\/pt\/wp-content\/uploads\/2024\/06\/Sahara-Family-Tours.jpg","contentUrl":"https:\/\/saharafamilytours.com\/pt\/wp-content\/uploads\/2024\/06\/Sahara-Family-Tours.jpg","width":1200,"height":900,"caption":"Sahara Family Tours"},{"@type":"BreadcrumbList","@id":"https:\/\/saharafamilytours.com\/pt\/contatos\/#breadcrumb","itemListElement":[{"@type":"ListItem","position":1,"name":"Home","item":"https:\/\/saharafamilytours.com\/pt\/"},{"@type":"ListItem","position":2,"name":"Contatos"}]},{"@type":"WebSite","@id":"https:\/\/saharafamilytours.com\/pt\/#website","url":"https:\/\/saharafamilytours.com\/pt\/","name":"Sahara Family Tours","description":"Viagens em Marrocos para fam\u00edlias com crian\u00e7as","potentialAction":[{"@type":"SearchAction","target":{"@type":"EntryPoint","urlTemplate":"https:\/\/saharafamilytours.com\/pt\/?s={search_term_string}"},"query-input":{"@type":"PropertyValueSpecification","valueRequired":true,"valueName":"search_term_string"}}],"inLanguage":"pt-PT"}]}},"_links":{"self":[{"href":"https:\/\/saharafamilytours.com\/pt\/wp-json\/wp\/v2\/pages\/166","targetHints":{"allow":["GET"]}}],"collection":[{"href":"https:\/\/saharafamilytours.com\/pt\/wp-json\/wp\/v2\/pages"}],"about":[{"href":"https:\/\/saharafamilytours.com\/pt\/wp-json\/wp\/v2\/types\/page"}],"author":[{"embeddable":true,"href":"https:\/\/saharafamilytours.com\/pt\/wp-json\/wp\/v2\/users\/1"}],"replies":[{"embeddable":true,"href":"https:\/\/saharafamilytours.com\/pt\/wp-json\/wp\/v2\/comments?post=166"}],"version-history":[{"count":9,"href":"https:\/\/saharafamilytours.com\/pt\/wp-json\/wp\/v2\/pages\/166\/revisions"}],"predecessor-version":[{"id":1140,"href":"https:\/\/saharafamilytours.com\/pt\/wp-json\/wp\/v2\/pages\/166\/revisions\/1140"}],"wp:featuredmedia":[{"embeddable":true,"href":"https:\/\/saharafamilytours.com\/pt\/wp-json\/wp\/v2\/media\/1082"}],"wp:attachment":[{"href":"https:\/\/saharafamilytours.com\/pt\/wp-json\/wp\/v2\/media?parent=166"}],"curies":[{"name":"wp","href":"https:\/\/api.w.org\/{rel}","templated":true}]}}